{"id":238,"date":"2025-05-24T05:04:34","date_gmt":"2025-05-24T05:04:34","guid":{"rendered":"https:\/\/mythkeyjewelry.com\/?page_id=238"},"modified":"2025-10-20T05:41:24","modified_gmt":"2025-10-20T05:41:24","slug":"about-us","status":"publish","type":"page","link":"https:\/\/mythkeyjewelry.com\/de\/about-us\/","title":{"rendered":"\u00dcber uns"},"content":{"rendered":"<div data-elementor-type=\"wp-page\" data-elementor-id=\"238\" class=\"elementor elementor-238\" data-elementor-post-type=\"page\">\n\t\t\t\t<div class=\"wd-negative-gap elementor-element elementor-element-35cc91e e-flex e-con-boxed e-con e-parent\" data-id=\"35cc91e\" data-element_type=\"container\" data-settings=\"{&quot;ekit_has_onepagescroll_dot&quot;:&quot;yes&quot;}\">\n\t\t\t\t\t<div class=\"e-con-inner\">\n\t\t\t\t<div class=\"elementor-element elementor-element-1e1f758 elementor-widget elementor-widget-image\" data-id=\"1e1f758\" data-element_type=\"widget\" data-settings=\"{&quot;ekit_we_effect_on&quot;:&quot;none&quot;}\" data-widget_type=\"image.default\">\n\t\t\t\t<div class=\"elementor-widget-container\">\n\t\t\t\t\t\t\t\t\t\t\t\t\t\t\t<img fetchpriority=\"high\" decoding=\"async\" width=\"614\" height=\"345\" src=\"https:\/\/mythkeyjewelry.com\/wp-content\/uploads\/2025\/10\/f9932d2e62c7c793a0d7e7805ae636d4.jpg\" class=\"attachment-full size-full wp-image-573\" alt=\"\" srcset=\"https:\/\/mythkeyjewelry.com\/wp-content\/uploads\/2025\/10\/f9932d2e62c7c793a0d7e7805ae636d4.jpg 614w, https:\/\/mythkeyjewelry.com\/wp-content\/uploads\/2025\/10\/f9932d2e62c7c793a0d7e7805ae636d4-150x84.jpg 150w, https:\/\/mythkeyjewelry.com\/wp-content\/uploads\/2025\/10\/f9932d2e62c7c793a0d7e7805ae636d4-600x337.jpg 600w, https:\/\/mythkeyjewelry.com\/wp-content\/uploads\/2025\/10\/f9932d2e62c7c793a0d7e7805ae636d4-300x169.jpg 300w\" sizes=\"(max-width: 614px) 100vw, 614px\" \/>\t\t\t\t\t\t\t\t\t\t\t\t\t\t\t<\/div>\n\t\t\t\t<\/div>\n\t\t\t\t<div class=\"elementor-element elementor-element-338a9a7 elementor-widget elementor-widget-heading\" data-id=\"338a9a7\" data-element_type=\"widget\" data-settings=\"{&quot;ekit_we_effect_on&quot;:&quot;none&quot;}\" data-widget_type=\"heading.default\">\n\t\t\t\t<div class=\"elementor-widget-container\">\n\t\t\t\t\t<h2 class=\"elementor-heading-title elementor-size-default\">Mythkey<\/h2>\t\t\t\t<\/div>\n\t\t\t\t<\/div>\n\t\t\t\t\t<\/div>\n\t\t\t\t<\/div>\n\t\t<div class=\"wd-negative-gap elementor-element elementor-element-4cf3d30 e-flex e-con-boxed e-con e-parent\" data-id=\"4cf3d30\" data-element_type=\"container\" data-settings=\"{&quot;ekit_has_onepagescroll_dot&quot;:&quot;yes&quot;}\">\n\t\t\t\t\t<div class=\"e-con-inner\">\n\t\t<div class=\"elementor-element elementor-element-cfc5224 e-con-full e-flex e-con e-child\" data-id=\"cfc5224\" data-element_type=\"container\" data-settings=\"{&quot;ekit_has_onepagescroll_dot&quot;:&quot;yes&quot;}\">\n\t\t\t\t<div class=\"elementor-element elementor-element-3607ccb elementor-widget elementor-widget-heading\" data-id=\"3607ccb\" data-element_type=\"widget\" data-settings=\"{&quot;ekit_we_effect_on&quot;:&quot;none&quot;}\" data-widget_type=\"heading.default\">\n\t\t\t\t<div class=\"elementor-widget-container\">\n\t\t\t\t\t<h2 class=\"elementor-heading-title elementor-size-default\">Unsere Geschichte<\/h2>\t\t\t\t<\/div>\n\t\t\t\t<\/div>\n\t\t\t\t<div class=\"elementor-element elementor-element-c43b9bd color-scheme-inherit text-left elementor-widget elementor-widget-text-editor\" data-id=\"c43b9bd\" data-element_type=\"widget\" data-settings=\"{&quot;ekit_we_effect_on&quot;:&quot;none&quot;}\" data-widget_type=\"text-editor.default\">\n\t\t\t\t<div class=\"elementor-widget-container\">\n\t\t\t\t\t\t\t\t\t<p>Der allererste Funke von Mythkey wurde vor zehn Jahren geboren, als unsere Gr\u00fcnderin Myra eine Freundin beim Einkaufen von Schmuck begleitete. Ihre Freundin f\u00fchlte sich vom Glanz nat\u00fcrlicher Edelsteine angezogen, z\u00f6gerte aber: \"Sie sind zu formell f\u00fcr den Alltag, zu zerbrechlich, um sie frei zu tragen, und \u00fcbersteigen bei weitem mein Budget.\" Andererseits f\u00fchlte sich erschwinglicher Modeschmuck oft rau an, ohne diesen herzzerrei\u00dfenden Glanz.<\/p><p>Auf dem Heimweg erinnerte sich Mira an die im Labor hergestellten Edelsteine, die ihr einmal begegnet waren: Sie mussten nicht abgebaut werden, waren pr\u00e4zise geschliffen und strahlten das gleiche reine Funkeln aus wie nat\u00fcrliche Edelsteine - und waren doch viel leichter erh\u00e4ltlich. Eine Frage tauchte in ihrem Kopf auf: \"Warum sollte dieser m\u00fchelose Glanz nicht zum Alltag eines jeden geh\u00f6ren?\"<\/p><p>Entschlossen, diesen Gedanken in die Tat umzusetzen, verbrachten wir Monate damit, die richtigen Partner zu finden und unser Handwerk zu verfeinern. Wir wollten den Menschen die wahren Vorteile von im Labor hergestellten Edelsteinen zeigen:<\/p><ul><li>Perfekt gleichm\u00e4\u00dfige Farbe, frei von den Fehlern der abgebauten Steine<\/li><li>Robustheit und Langlebigkeit - f\u00fcr das t\u00e4gliche Tragen ohne Sorgen<\/li><li>Nachhaltigkeit im Herzen - geboren ohne Bergbau, mit einem sanften Hauch von \u00d6kobewusstsein<\/li><\/ul><p>Wir sind der Meinung, dass Schmuck nicht nur f\u00fcr \"besondere Anl\u00e4sse des Luxus\" reserviert sein sollte. Er sollte ein Begleiter f\u00fcr den Alltag sein: Edelsteinstecker, die ein Arbeitshemd aufhellen, eine Halskette, die Ihr L\u00e4cheln bei einem Date umrahmt, oder ein Ring, den Sie m\u00fchelos anziehen k\u00f6nnen, um einen Funken Freude zu verbreiten. Selbst als Geburtstagsgeschenk liegt seine Sch\u00f6nheit nicht in der Seltenheit, sondern darin, dass er hell genug und haltbar genug ist und immer bereit, mit Ihnen zu strahlen - bei gew\u00f6hnlichen Mahlzeiten, im Wechsel der Jahreszeiten und in jedem kleinen Moment des Lebens.<\/p><p>Das ist das Herz von Mythkey: Nicht besessen von der Seltenheit, sondern dem Richtigen gewidmet.<\/p><p>-Der richtige Glanz, der richtige Preis, das richtige Funkeln f\u00fcr jeden Tag.<\/p><p>Seit 2016 bleiben wir diesem Versprechen von Qualit\u00e4t und Service treu. Wenn Sie mehr wissen m\u00f6chten, freuen wir uns \u00fcber Ihre Kontaktaufnahme unter\u00a0<strong><b>mythkey@outlook.com<\/b><\/strong>. Lassen Sie uns gemeinsam den Alltag mit einem Hauch von Licht erhellen.<\/p>\t\t\t\t\t\t\t\t<\/div>\n\t\t\t\t<\/div>\n\t\t\t\t<\/div>\n\t\t\t\t\t<\/div>\n\t\t\t\t<\/div>\n\t\t\t\t<\/div>","protected":false},"excerpt":{"rendered":"<p>Mythkey Our Story The very first spark of Mythkey was born ten years ago, when our founder Myra accompanied a<\/p>","protected":false},"author":1,"featured_media":0,"parent":0,"menu_order":0,"comment_status":"closed","ping_status":"closed","template":"elementor_header_footer","meta":{"_acf_changed":false,"footnotes":""},"class_list":["post-238","page","type-page","status-publish","hentry"],"acf":[],"_links":{"self":[{"href":"https:\/\/mythkeyjewelry.com\/de\/wp-json\/wp\/v2\/pages\/238","targetHints":{"allow":["GET"]}}],"collection":[{"href":"https:\/\/mythkeyjewelry.com\/de\/wp-json\/wp\/v2\/pages"}],"about":[{"href":"https:\/\/mythkeyjewelry.com\/de\/wp-json\/wp\/v2\/types\/page"}],"author":[{"embeddable":true,"href":"https:\/\/mythkeyjewelry.com\/de\/wp-json\/wp\/v2\/users\/1"}],"replies":[{"embeddable":true,"href":"https:\/\/mythkeyjewelry.com\/de\/wp-json\/wp\/v2\/comments?post=238"}],"version-history":[{"count":49,"href":"https:\/\/mythkeyjewelry.com\/de\/wp-json\/wp\/v2\/pages\/238\/revisions"}],"predecessor-version":[{"id":979,"href":"https:\/\/mythkeyjewelry.com\/de\/wp-json\/wp\/v2\/pages\/238\/revisions\/979"}],"wp:attachment":[{"href":"https:\/\/mythkeyjewelry.com\/de\/wp-json\/wp\/v2\/media?parent=238"}],"curies":[{"name":"wp","href":"https:\/\/api.w.org\/{rel}","templated":true}]}}