{"id":3,"date":"2025-05-19T03:13:59","date_gmt":"2025-05-19T03:13:59","guid":{"rendered":"https:\/\/mythkeyjewelry.com\/?page_id=3"},"modified":"2025-10-20T01:31:25","modified_gmt":"2025-10-20T01:31:25","slug":"privacy-policy","status":"publish","type":"page","link":"https:\/\/mythkeyjewelry.com\/de\/privacy-policy\/","title":{"rendered":"Datenschutzbestimmungen"},"content":{"rendered":"<div data-elementor-type=\"wp-page\" data-elementor-id=\"3\" class=\"elementor elementor-3\" data-elementor-post-type=\"page\">\n\t\t\t\t<div class=\"wd-negative-gap elementor-element elementor-element-6030c021 e-flex e-con-boxed e-con e-parent\" data-id=\"6030c021\" data-element_type=\"container\" data-settings=\"{&quot;ekit_has_onepagescroll_dot&quot;:&quot;yes&quot;}\">\n\t\t\t\t\t<div class=\"e-con-inner\">\n\t\t\t\t<div class=\"elementor-element elementor-element-4a89092 color-scheme-inherit text-left elementor-widget elementor-widget-text-editor\" data-id=\"4a89092\" data-element_type=\"widget\" data-settings=\"{&quot;ekit_we_effect_on&quot;:&quot;none&quot;}\" data-widget_type=\"text-editor.default\">\n\t\t\t\t<div class=\"elementor-widget-container\">\n\t\t\t\t\t\t\t\t\t<p data-start=\"132\" data-end=\"347\">Unter <strong data-start=\"135\" data-end=\"146\">MYTHKEY<\/strong>Wir sch\u00e4tzen Ihre Privatsph\u00e4re und verpflichten uns, Ihre pers\u00f6nlichen Daten zu sch\u00fctzen. In dieser Datenschutzerkl\u00e4rung wird erl\u00e4utert, wie wir Ihre Daten erfassen, verwenden und weitergeben, wenn Sie unsere Website besuchen oder uns kontaktieren.<\/p><hr data-start=\"349\" data-end=\"352\" \/><h3 data-start=\"354\" data-end=\"384\"><strong data-start=\"358\" data-end=\"384\">Gesammelte Informationen<\/strong><\/h3><p data-start=\"385\" data-end=\"435\">Wir k\u00f6nnen die folgenden Arten von Informationen sammeln:<\/p><ul data-start=\"436\" data-end=\"666\"><li data-start=\"436\" data-end=\"507\"><p data-start=\"438\" data-end=\"507\">Kontaktinformationen wie Name, E-Mail, Adresse und Telefonnummer<\/p><\/li><li data-start=\"508\" data-end=\"566\"><p data-start=\"510\" data-end=\"566\">Bestell- und Zahlungsinformationen, wenn Sie einen Kauf t\u00e4tigen<\/p><\/li><li data-start=\"567\" data-end=\"607\"><p data-start=\"569\" data-end=\"607\">Nachrichten oder Anfragen, die Sie an uns senden<\/p><\/li><li data-start=\"608\" data-end=\"666\"><p data-start=\"610\" data-end=\"666\">Nutzungsdaten der Website durch Cookies und Analysetools<\/p><\/li><\/ul><hr data-start=\"668\" data-end=\"671\" \/><h3 data-start=\"673\" data-end=\"708\"><strong data-start=\"677\" data-end=\"708\">Wie wir Ihre Informationen verwenden<\/strong><\/h3><p data-start=\"709\" data-end=\"736\">Wir verwenden Ihre Informationen, um:<\/p><ul data-start=\"737\" data-end=\"998\"><li data-start=\"737\" data-end=\"772\"><p data-start=\"739\" data-end=\"772\">Bearbeitung und Lieferung Ihrer Auftr\u00e4ge<\/p><\/li><li data-start=\"773\" data-end=\"831\"><p data-start=\"775\" data-end=\"831\">Beantwortung Ihrer Fragen und Kundenbetreuung<\/p><\/li><li data-start=\"832\" data-end=\"879\"><p data-start=\"834\" data-end=\"879\">Verbesserung unserer Produkte, Dienstleistungen und Website<\/p><\/li><li data-start=\"880\" data-end=\"940\"><p data-start=\"882\" data-end=\"940\">Zusendung von Aktualisierungen oder Werbeaktionen, wenn Sie diese erhalten m\u00f6chten<\/p><\/li><li data-start=\"941\" data-end=\"998\"><p data-start=\"943\" data-end=\"998\">Einhaltung der gesetzlichen Vorschriften und Schutz unserer Rechte<\/p><\/li><\/ul><hr data-start=\"1000\" data-end=\"1003\" \/><h3 data-start=\"1005\" data-end=\"1037\"><strong data-start=\"1009\" data-end=\"1037\">Wie wir Informationen weitergeben<\/strong><\/h3><p data-start=\"1038\" data-end=\"1116\">Wir verkaufen oder vermieten Ihre pers\u00f6nlichen Daten nicht.<br data-start=\"1087\" data-end=\"1090\" \/>Wir d\u00fcrfen sie nur weitergeben an:<\/p><ul data-start=\"1117\" data-end=\"1345\"><li data-start=\"1117\" data-end=\"1167\"><p data-start=\"1119\" data-end=\"1167\">Tochtergesellschaften unseres Unternehmens f\u00fcr die Gesch\u00e4ftst\u00e4tigkeit<\/p><\/li><li data-start=\"1168\" data-end=\"1345\"><p data-start=\"1170\" data-end=\"1345\">Dienstleister, die uns bei der Bezahlung, dem Versand oder der Wartung der Website helfen<br data-start=\"1246\" data-end=\"1249\" \/>Alle Partner sind verpflichtet, Ihre Daten zu sch\u00fctzen und sie nur f\u00fcr unsere Gesch\u00e4ftszwecke zu verwenden.<\/p><\/li><\/ul><hr data-start=\"1347\" data-end=\"1350\" \/><h3 data-start=\"1352\" data-end=\"1372\"><strong data-start=\"1356\" data-end=\"1372\">Ihre Wahlm\u00f6glichkeiten<\/strong><\/h3><ul data-start=\"1373\" data-end=\"1603\"><li data-start=\"1373\" data-end=\"1446\"><p data-start=\"1375\" data-end=\"1446\">Sie k\u00f6nnen sich jederzeit mit uns in Verbindung setzen, um Ihre Daten zu aktualisieren oder zu korrigieren.<\/p><\/li><li data-start=\"1447\" data-end=\"1541\"><p data-start=\"1449\" data-end=\"1541\">Sie k\u00f6nnen sich von Werbe-E-Mails abmelden, indem Sie die Anweisungen in unseren Nachrichten befolgen.<\/p><\/li><li data-start=\"1542\" data-end=\"1603\"><p data-start=\"1544\" data-end=\"1603\">Sie k\u00f6nnen in den Einstellungen Ihres Browsers Cookies deaktivieren.<\/p><\/li><\/ul><hr data-start=\"1605\" data-end=\"1608\" \/><h3 data-start=\"1610\" data-end=\"1626\"><strong data-start=\"1614\" data-end=\"1626\">Sicherheit<\/strong><\/h3><p data-start=\"1627\" data-end=\"1739\">Wir ergreifen angemessene Ma\u00dfnahmen zum Schutz Ihrer pers\u00f6nlichen Daten. Allerdings ist kein Online-System vollkommen sicher.<\/p><hr data-start=\"1741\" data-end=\"1744\" \/><h3 data-start=\"1746\" data-end=\"1764\"><strong data-start=\"1750\" data-end=\"1764\">Kontakt<\/strong><\/h3><p data-start=\"1765\" data-end=\"1865\">Wenn Sie Fragen zu dieser Datenschutzrichtlinie oder zu Ihren pers\u00f6nlichen Daten haben, wenden Sie sich bitte an uns:<\/p><p data-start=\"1867\" data-end=\"2008\"><strong data-start=\"1867\" data-end=\"1877\">E-Mail:<\/strong> <a class=\"decorated-link cursor-pointer\" rel=\"noopener\" data-start=\"1878\" data-end=\"1897\">mythkey@outlook.com<\/a><br data-start=\"1897\" data-end=\"1900\" \/><strong>WhatsApp<\/strong>:+44 7778375595<\/p>\t\t\t\t\t\t\t\t<\/div>\n\t\t\t\t<\/div>\n\t\t\t\t\t<\/div>\n\t\t\t\t<\/div>\n\t\t\t\t<\/div>","protected":false},"excerpt":{"rendered":"<p>At MYTHKEY, we value your privacy and are committed to protecting your personal information. This Privacy Policy explains how we<\/p>","protected":false},"author":1,"featured_media":0,"parent":0,"menu_order":0,"comment_status":"closed","ping_status":"open","template":"elementor_header_footer","meta":{"_acf_changed":false,"footnotes":""},"class_list":["post-3","page","type-page","status-publish","hentry"],"acf":[],"_links":{"self":[{"href":"https:\/\/mythkeyjewelry.com\/de\/wp-json\/wp\/v2\/pages\/3","targetHints":{"allow":["GET"]}}],"collection":[{"href":"https:\/\/mythkeyjewelry.com\/de\/wp-json\/wp\/v2\/pages"}],"about":[{"href":"https:\/\/mythkeyjewelry.com\/de\/wp-json\/wp\/v2\/types\/page"}],"author":[{"embeddable":true,"href":"https:\/\/mythkeyjewelry.com\/de\/wp-json\/wp\/v2\/users\/1"}],"replies":[{"embeddable":true,"href":"https:\/\/mythkeyjewelry.com\/de\/wp-json\/wp\/v2\/comments?post=3"}],"version-history":[{"count":17,"href":"https:\/\/mythkeyjewelry.com\/de\/wp-json\/wp\/v2\/pages\/3\/revisions"}],"predecessor-version":[{"id":802,"href":"https:\/\/mythkeyjewelry.com\/de\/wp-json\/wp\/v2\/pages\/3\/revisions\/802"}],"wp:attachment":[{"href":"https:\/\/mythkeyjewelry.com\/de\/wp-json\/wp\/v2\/media?parent=3"}],"curies":[{"name":"wp","href":"https:\/\/api.w.org\/{rel}","templated":true}]}}