{"id":794,"date":"2025-10-20T01:28:04","date_gmt":"2025-10-20T01:28:04","guid":{"rendered":"https:\/\/mythkeyjewelry.com\/?page_id=794"},"modified":"2025-10-20T01:29:41","modified_gmt":"2025-10-20T01:29:41","slug":"terms-of-service","status":"publish","type":"page","link":"https:\/\/mythkeyjewelry.com\/de\/terms-of-service\/","title":{"rendered":"Bedingungen der Dienstleistung"},"content":{"rendered":"<div data-elementor-type=\"wp-page\" data-elementor-id=\"794\" class=\"elementor elementor-794\" data-elementor-post-type=\"page\">\n\t\t\t\t<div class=\"wd-negative-gap elementor-element elementor-element-e496c04 e-flex e-con-boxed e-con e-parent\" data-id=\"e496c04\" data-element_type=\"container\" data-settings=\"{&quot;ekit_has_onepagescroll_dot&quot;:&quot;yes&quot;}\">\n\t\t\t\t\t<div class=\"e-con-inner\">\n\t\t\t\t<div class=\"elementor-element elementor-element-c351358 color-scheme-inherit text-left elementor-widget elementor-widget-text-editor\" data-id=\"c351358\" data-element_type=\"widget\" data-settings=\"{&quot;ekit_we_effect_on&quot;:&quot;none&quot;}\" data-widget_type=\"text-editor.default\">\n\t\t\t\t<div class=\"elementor-widget-container\">\n\t\t\t\t\t\t\t\t\t<h2 data-start=\"441\" data-end=\"470\"><strong data-start=\"444\" data-end=\"470\">1. Allgemeine Informationen<\/strong><\/h2><p data-start=\"472\" data-end=\"751\">Diese Website wird von MYTHKEY betrieben. Auf der gesamten Website beziehen sich die Begriffe \"wir\", \"uns\" und \"unser\" auf MYTHKEY. Indem Sie unsere Website besuchen oder bei uns einkaufen, nehmen Sie unseren \"Service\" in Anspruch und erkl\u00e4ren sich mit diesen Nutzungsbedingungen einverstanden, einschlie\u00dflich aller zus\u00e4tzlichen Bedingungen und Richtlinien, auf die hier verwiesen wird.<\/p><p data-start=\"753\" data-end=\"937\">Wir behalten uns das Recht vor, jeden Teil dieser Bedingungen jederzeit zu aktualisieren, zu \u00e4ndern oder zu ersetzen. Die fortgesetzte Nutzung der Website nach solchen \u00c4nderungen gilt als Zustimmung zu den \u00fcberarbeiteten Bedingungen.<\/p><hr data-start=\"939\" data-end=\"942\" \/><h2 data-start=\"944\" data-end=\"973\"><strong data-start=\"947\" data-end=\"973\">2. Produktinformation<\/strong><\/h2><p data-start=\"975\" data-end=\"1263\">Alle MYTHKEY-Schmuckst\u00fccke werden mit Sorgfalt entworfen und aus hochwertigen Materialien gefertigt, darunter im Labor hergestellte und nat\u00fcrliche Edelsteine. Wir bem\u00fchen uns, die Farben und Details der Produkte so genau wie m\u00f6glich darzustellen; die tats\u00e4chlichen Farben k\u00f6nnen jedoch je nach Bildschirm Ihres Ger\u00e4ts leicht abweichen.<\/p><p data-start=\"1265\" data-end=\"1364\">Wir behalten uns das Recht vor, Produktbeschreibungen, Preise und Verf\u00fcgbarkeit ohne vorherige Ank\u00fcndigung zu \u00e4ndern.<\/p><hr data-start=\"1366\" data-end=\"1369\" \/><h2 data-start=\"1371\" data-end=\"1400\"><strong data-start=\"1374\" data-end=\"1400\">3. Bestellungen und Zahlungen<\/strong><\/h2><ul data-start=\"1402\" data-end=\"1705\"><li data-start=\"1402\" data-end=\"1460\"><p data-start=\"1404\" data-end=\"1460\">Alle Bestellungen sind vorbehaltlich der Annahme und Verf\u00fcgbarkeit.<\/p><\/li><li data-start=\"1461\" data-end=\"1531\"><p data-start=\"1463\" data-end=\"1531\">Die Preise sind in USD angegeben (oder in der entsprechenden W\u00e4hrung an der Kasse).<\/p><\/li><li data-start=\"1532\" data-end=\"1605\"><p data-start=\"1534\" data-end=\"1605\">Die Zahlung muss an der Kasse durch die von uns angebotenen Methoden abgeschlossen werden.<\/p><\/li><li data-start=\"1606\" data-end=\"1705\"><p data-start=\"1608\" data-end=\"1705\">Wir behalten uns das Recht vor, jede Bestellung abzulehnen oder zu stornieren, bei der der Verdacht auf Betrug oder nicht autorisierte Aktivit\u00e4ten besteht.<\/p><\/li><\/ul><p data-start=\"1707\" data-end=\"1959\">Wenn Sie eine Bestellung stornieren m\u00f6chten, nachdem sie bereits versandt wurde, m\u00fcssen Sie f\u00fcr die Versandkosten und eine <strong data-start=\"1817\" data-end=\"1837\">$30 Bearbeitungsgeb\u00fchr<\/strong>die von Ihrer R\u00fcckerstattung abgezogen werden. Bitte kontaktieren Sie uns so schnell wie m\u00f6glich, wenn Sie eine Bestellung stornieren oder \u00e4ndern m\u00f6chten.<\/p><hr data-start=\"1961\" data-end=\"1964\" \/><h2 data-start=\"1966\" data-end=\"1991\"><strong data-start=\"1969\" data-end=\"1991\">4. Versandpolitik<\/strong><\/h2><ul data-start=\"1993\" data-end=\"2665\"><li data-start=\"1993\" data-end=\"2095\"><p data-start=\"1995\" data-end=\"2095\"><strong data-start=\"1995\" data-end=\"2015\">Bearbeitungszeit:<\/strong> Die Bearbeitung der Auftr\u00e4ge erfolgt innerhalb von <strong data-start=\"2044\" data-end=\"2065\">1-3 Arbeitstage<\/strong> nach Zahlungsbest\u00e4tigung.<\/p><\/li><li data-start=\"2096\" data-end=\"2214\"><p data-start=\"2098\" data-end=\"2214\"><strong data-start=\"2098\" data-end=\"2116\">Lieferfrist:<\/strong> Voraussichtliche Lieferung ist <strong data-start=\"2139\" data-end=\"2161\">3-15 Arbeitstage<\/strong>abh\u00e4ngig von Ihrem Standort und der Zollabfertigung.<\/p><\/li><li data-start=\"2215\" data-end=\"2332\"><p data-start=\"2217\" data-end=\"2332\"><strong data-start=\"2217\" data-end=\"2236\">Versandgeb\u00fchren:<\/strong> Die Versandkosten werden an der Kasse berechnet. Bestellungen \u00fcber <strong data-start=\"2292\" data-end=\"2303\">$188.88<\/strong> f\u00fcr den kostenlosen Versand qualifizieren.<\/p><\/li><li data-start=\"2333\" data-end=\"2444\"><p data-start=\"2335\" data-end=\"2444\"><strong data-start=\"2335\" data-end=\"2354\">Auftragsverfolgung:<\/strong> Sobald Ihre Bestellung versandt wurde, erhalten Sie eine Best\u00e4tigungs-E-Mail mit Informationen zur Sendungsverfolgung.<\/p><\/li><li data-start=\"2445\" data-end=\"2557\"><p data-start=\"2447\" data-end=\"2557\"><strong data-start=\"2447\" data-end=\"2468\">Z\u00f6lle und Abgaben:<\/strong> Internationale Kunden sind f\u00fcr etwaige Z\u00f6lle, Steuern oder Einfuhrgeb\u00fchren verantwortlich.<\/p><\/li><li data-start=\"2558\" data-end=\"2665\"><p data-start=\"2560\" data-end=\"2665\"><strong data-start=\"2560\" data-end=\"2571\">Versp\u00e4tungen:<\/strong> MYTHKEY ist nicht verantwortlich f\u00fcr Verz\u00f6gerungen, die durch Zoll, Naturereignisse oder Kurierdienste verursacht werden.<\/p><\/li><\/ul><p data-start=\"2667\" data-end=\"2760\">Sollte Ihr Paket verloren gehen oder besch\u00e4digt werden, kontaktieren Sie uns bitte umgehend unter <strong data-start=\"2736\" data-end=\"2759\"><a class=\"decorated-link cursor-pointer\" rel=\"noopener\" data-start=\"2738\" data-end=\"2757\">mythkey@outlook.com<\/a><\/strong>.<\/p><hr data-start=\"2762\" data-end=\"2765\" \/><h2 data-start=\"2767\" data-end=\"2792\"><strong data-start=\"2770\" data-end=\"2792\">5. Gew\u00e4hrleistungspolitik<\/strong><\/h2><p data-start=\"2794\" data-end=\"3090\">Wir sind stolz auf die Qualit\u00e4t unseres Edelsteinschmucks. Jeder Artikel wird vor dem Versand sorgf\u00e4ltig gepr\u00fcft.<br data-start=\"2898\" data-end=\"2901\" \/>Wenn Sie ein Produkt mit einem Defekt oder Transportschaden erhalten, kontaktieren Sie uns bitte innerhalb von <strong data-start=\"2985\" data-end=\"2995\">7 Tage<\/strong> der Lieferung am <strong data-start=\"3011\" data-end=\"3034\"><a class=\"decorated-link cursor-pointer\" rel=\"noopener\" data-start=\"3013\" data-end=\"3032\">mythkey@outlook.com<\/a><\/strong> mit Ihrer Bestellnummer und deutlichen Fotos des Problems.<\/p><p data-start=\"3092\" data-end=\"3203\">Nach der Best\u00e4tigung werden wir Ihnen eine <strong data-start=\"3126\" data-end=\"3151\">Ersatz oder Erstattung<\/strong> und \u00fcbernehmen alle Kosten f\u00fcr die R\u00fccksendung und den Weiterversand.<\/p><p data-start=\"3205\" data-end=\"3217\">Bitte beachten:<\/p><ul data-start=\"3218\" data-end=\"3311\"><li data-start=\"3218\" data-end=\"3311\"><p data-start=\"3220\" data-end=\"3311\">Normale Abnutzung, unsachgem\u00e4\u00dfe Verwendung oder zuf\u00e4llige Besch\u00e4digung sind <strong data-start=\"3275\" data-end=\"3290\">nicht abgedeckt<\/strong> im Rahmen dieser Garantie.<\/p><\/li><\/ul><hr data-start=\"3313\" data-end=\"3316\" \/><h2 data-start=\"3318\" data-end=\"3352\"><strong data-start=\"3321\" data-end=\"3352\">6. R\u00fcckgabe- und Umtauschbestimmungen<\/strong><\/h2><ul data-start=\"3354\" data-end=\"3948\"><li data-start=\"3354\" data-end=\"3456\"><p data-start=\"3356\" data-end=\"3456\"><strong data-start=\"3356\" data-end=\"3374\">R\u00fcckgabefrist:<\/strong> Sie k\u00f6nnen eine R\u00fcckgabe oder einen Umtausch beantragen innerhalb <strong data-start=\"3419\" data-end=\"3429\">7 Tage<\/strong> nach Erhalt Ihrer Bestellung.<\/p><\/li><li data-start=\"3457\" data-end=\"3550\"><p data-start=\"3459\" data-end=\"3550\"><strong data-start=\"3459\" data-end=\"3474\">Bedingungen:<\/strong> Die Gegenst\u00e4nde m\u00fcssen <strong data-start=\"3489\" data-end=\"3507\">unbenutzt, ungetragen<\/strong>und kehrte in <strong data-start=\"3525\" data-end=\"3547\">Originalverpackung<\/strong>.<\/p><\/li><li data-start=\"3551\" data-end=\"3692\"><p data-start=\"3553\" data-end=\"3692\"><strong data-start=\"3553\" data-end=\"3578\">Nicht umtauschbare Artikel:<\/strong> Individuell gestaltete Artikel, Ohrringe (aus hygienischen Gr\u00fcnden) und Artikel, die Anzeichen von Verschlei\u00df oder Missbrauch aufweisen, k\u00f6nnen nicht zur\u00fcckgegeben werden.<\/p><\/li><li data-start=\"3693\" data-end=\"3827\"><p data-start=\"3695\" data-end=\"3827\"><strong data-start=\"3695\" data-end=\"3707\">Prozess:<\/strong> Kontakt <strong data-start=\"3716\" data-end=\"3739\"><a class=\"decorated-link cursor-pointer\" rel=\"noopener\" data-start=\"3718\" data-end=\"3737\">mythkey@outlook.com<\/a><\/strong> mit Ihrer Bestellnummer und Fotos. Nach der Genehmigung werden wir Ihnen die R\u00fccksendeadresse mitteilen.<\/p><\/li><li data-start=\"3828\" data-end=\"3948\"><p data-start=\"3830\" data-end=\"3948\"><strong data-start=\"3830\" data-end=\"3840\">Kosten:<\/strong> Kunden sind f\u00fcr die R\u00fccksendekosten verantwortlich. Wir \u00fcbernehmen die Kosten f\u00fcr die R\u00fccksendung der ausgetauschten Artikel.<\/p><\/li><\/ul><hr data-start=\"3950\" data-end=\"3953\" \/><h2 data-start=\"3955\" data-end=\"3986\"><strong data-start=\"3958\" data-end=\"3986\">7. Geistiges Eigentum<\/strong><\/h2><p data-start=\"3988\" data-end=\"4245\">Der gesamte Inhalt dieser Website, einschlie\u00dflich Bilder, Texte, Grafiken und Logos, ist Eigentum von MYTHKEY oder seinen Lizenzgebern und ist durch Urheberrechts- und Markengesetze gesch\u00fctzt. Sie d\u00fcrfen keine Inhalte ohne unsere schriftliche Genehmigung vervielf\u00e4ltigen, verbreiten oder verwerten.<\/p><hr data-start=\"4247\" data-end=\"4250\" \/><h2 data-start=\"4252\" data-end=\"4285\"><strong data-start=\"4255\" data-end=\"4285\">8. Begrenzung der Haftung<\/strong><\/h2><p data-start=\"4287\" data-end=\"4525\">Soweit gesetzlich zul\u00e4ssig, haftet MYTHKEY nicht f\u00fcr indirekte, zuf\u00e4llige oder Folgesch\u00e4den, die sich aus der Nutzung unserer Produkte oder Dienstleistungen ergeben, einschlie\u00dflich, aber nicht beschr\u00e4nkt auf entgangenen Gewinn, Daten oder Firmenwert.<\/p><hr data-start=\"4527\" data-end=\"4530\" \/><h2 data-start=\"4532\" data-end=\"4556\"><strong data-start=\"4535\" data-end=\"4556\">9. Datenschutz<\/strong><\/h2><p data-start=\"4558\" data-end=\"4780\">Ihre Privatsph\u00e4re ist uns wichtig. Wir erheben und verarbeiten Ihre personenbezogenen Daten nur f\u00fcr Zwecke der Auftragsabwicklung, Kommunikation und Serviceverbesserung.<br data-start=\"4720\" data-end=\"4723\" \/>Weitere Einzelheiten finden Sie in unserer <strong data-start=\"4761\" data-end=\"4779\">Datenschutzbestimmungen<\/strong>.<\/p><hr data-start=\"4782\" data-end=\"4785\" \/><h2 data-start=\"4787\" data-end=\"4811\"><strong data-start=\"4790\" data-end=\"4811\">10. Geltendes Recht<\/strong><\/h2><p data-start=\"4813\" data-end=\"5031\">Diese Nutzungsbedingungen unterliegen den Gesetzen von [Anwendbares Rechtsgebiet einf\u00fcgen - z. B. Hongkong SAR \/ Vereinigte Staaten \/ Vereinigtes K\u00f6nigreich] und werden in \u00dcbereinstimmung mit diesen Gesetzen ausgelegt, ungeachtet der Grunds\u00e4tze des Kollisionsrechts.<\/p><hr data-start=\"5033\" data-end=\"5036\" \/><h2 data-start=\"5038\" data-end=\"5059\"><strong data-start=\"5041\" data-end=\"5059\">11. Kontakt<\/strong><\/h2><p data-start=\"5061\" data-end=\"5186\">Bei Fragen, Anliegen oder Feedback wenden Sie sich bitte an uns:<br data-start=\"5120\" data-end=\"5123\" \/>\ud83d\udce7 <strong data-start=\"5126\" data-end=\"5149\"><a class=\"decorated-link cursor-pointer\" rel=\"noopener\" data-start=\"5128\" data-end=\"5147\">mythkey@outlook.com<\/a><\/strong><br data-start=\"5149\" data-end=\"5152\" \/>Wir sind Ihnen jederzeit gerne behilflich.<\/p><hr data-start=\"5188\" data-end=\"5191\" \/><p data-start=\"5193\" data-end=\"5277\"><strong data-start=\"5193\" data-end=\"5277\">MYTHKEY - Die richtige Brillanz, der richtige Preis, der richtige Glanz f\u00fcr jeden Tag.<\/strong><\/p>\t\t\t\t\t\t\t\t<\/div>\n\t\t\t\t<\/div>\n\t\t\t\t\t<\/div>\n\t\t\t\t<\/div>\n\t\t\t\t<\/div>","protected":false},"excerpt":{"rendered":"<p>1. General Information This website is operated by MYTHKEY. Throughout the site, the terms \u201cwe,\u201d \u201cus,\u201d and \u201cour\u201d refer to<\/p>","protected":false},"author":1,"featured_media":0,"parent":0,"menu_order":0,"comment_status":"closed","ping_status":"closed","template":"elementor_header_footer","meta":{"_acf_changed":false,"footnotes":""},"class_list":["post-794","page","type-page","status-publish","hentry"],"acf":[],"_links":{"self":[{"href":"https:\/\/mythkeyjewelry.com\/de\/wp-json\/wp\/v2\/pages\/794","targetHints":{"allow":["GET"]}}],"collection":[{"href":"https:\/\/mythkeyjewelry.com\/de\/wp-json\/wp\/v2\/pages"}],"about":[{"href":"https:\/\/mythkeyjewelry.com\/de\/wp-json\/wp\/v2\/types\/page"}],"author":[{"embeddable":true,"href":"https:\/\/mythkeyjewelry.com\/de\/wp-json\/wp\/v2\/users\/1"}],"replies":[{"embeddable":true,"href":"https:\/\/mythkeyjewelry.com\/de\/wp-json\/wp\/v2\/comments?post=794"}],"version-history":[{"count":4,"href":"https:\/\/mythkeyjewelry.com\/de\/wp-json\/wp\/v2\/pages\/794\/revisions"}],"predecessor-version":[{"id":798,"href":"https:\/\/mythkeyjewelry.com\/de\/wp-json\/wp\/v2\/pages\/794\/revisions\/798"}],"wp:attachment":[{"href":"https:\/\/mythkeyjewelry.com\/de\/wp-json\/wp\/v2\/media?parent=794"}],"curies":[{"name":"wp","href":"https:\/\/api.w.org\/{rel}","templated":true}]}}