{"id":803,"date":"2025-10-20T01:36:31","date_gmt":"2025-10-20T01:36:31","guid":{"rendered":"https:\/\/mythkeyjewelry.com\/?page_id=803"},"modified":"2025-11-19T13:20:57","modified_gmt":"2025-11-19T13:20:57","slug":"warranty-policy","status":"publish","type":"page","link":"https:\/\/mythkeyjewelry.com\/de\/warranty-policy\/","title":{"rendered":"Garantiepolitik"},"content":{"rendered":"<div data-elementor-type=\"wp-page\" data-elementor-id=\"803\" class=\"elementor elementor-803\" data-elementor-post-type=\"page\">\n\t\t\t\t<div class=\"elementor-element elementor-element-0026693 e-flex e-con-boxed e-con e-parent\" data-id=\"0026693\" data-element_type=\"container\" data-settings=\"{&quot;ekit_has_onepagescroll_dot&quot;:&quot;yes&quot;}\">\n\t\t\t\t\t<div class=\"e-con-inner\">\n\t\t\t\t<div class=\"elementor-element elementor-element-a4ad2fe color-scheme-inherit text-left elementor-widget elementor-widget-text-editor\" data-id=\"a4ad2fe\" data-element_type=\"widget\" data-settings=\"{&quot;ekit_we_effect_on&quot;:&quot;none&quot;}\" data-widget_type=\"text-editor.default\">\n\t\t\t\t<div class=\"elementor-widget-container\">\n\t\t\t\t\t\t\t\t\t<p>Bei MYTHKEY stehen wir hinter der Qualit\u00e4t unseres farbenfrohen Edelsteinschmucks und m\u00f6chten, dass Sie mit Vertrauen einkaufen. Wir pr\u00fcfen jedes Schmuckst\u00fcck sorgf\u00e4ltig vor dem Versand.<\/p><p>Sollte der Artikel, den Sie erhalten, M\u00e4ngel aufweisen oder w\u00e4hrend des Transports besch\u00e4digt worden sein, entfernen Sie bitte nicht das Sicherheitsetikett. Kontaktieren Sie uns innerhalb von <strong>48 Stunden<\/strong> der Zustellung per E-Mail <strong>mythkey@outlook.com<\/strong>und f\u00fcgen Sie Ihre Bestellnummer sowie deutliche Fotos bei, die das Problem zeigen. Sobald dies best\u00e4tigt ist, bieten wir einen Ersatz oder eine R\u00fcckerstattung an. Bei genehmigten Reklamationen, die M\u00e4ngel oder Versandsch\u00e4den beinhalten, \u00fcbernimmt MYTHKEY alle Kosten f\u00fcr die R\u00fccksendung und den erneuten Versand.<\/p><p>Bitte beachten Sie: Normaler Verschlei\u00df, Missbrauch oder versehentliche Besch\u00e4digung sind nicht abgedeckt.<\/p>\t\t\t\t\t\t\t\t<\/div>\n\t\t\t\t<\/div>\n\t\t\t\t\t<\/div>\n\t\t\t\t<\/div>\n\t\t\t\t<\/div>","protected":false},"excerpt":{"rendered":"<p>At MYTHKEY, we stand behind the quality of our colorful gemstone jewelry and want you to shop with confidence. We<\/p>","protected":false},"author":1,"featured_media":0,"parent":0,"menu_order":0,"comment_status":"closed","ping_status":"closed","template":"elementor_header_footer","meta":{"_acf_changed":false,"footnotes":""},"class_list":["post-803","page","type-page","status-publish","hentry"],"acf":[],"_links":{"self":[{"href":"https:\/\/mythkeyjewelry.com\/de\/wp-json\/wp\/v2\/pages\/803","targetHints":{"allow":["GET"]}}],"collection":[{"href":"https:\/\/mythkeyjewelry.com\/de\/wp-json\/wp\/v2\/pages"}],"about":[{"href":"https:\/\/mythkeyjewelry.com\/de\/wp-json\/wp\/v2\/types\/page"}],"author":[{"embeddable":true,"href":"https:\/\/mythkeyjewelry.com\/de\/wp-json\/wp\/v2\/users\/1"}],"replies":[{"embeddable":true,"href":"https:\/\/mythkeyjewelry.com\/de\/wp-json\/wp\/v2\/comments?post=803"}],"version-history":[{"count":13,"href":"https:\/\/mythkeyjewelry.com\/de\/wp-json\/wp\/v2\/pages\/803\/revisions"}],"predecessor-version":[{"id":1574,"href":"https:\/\/mythkeyjewelry.com\/de\/wp-json\/wp\/v2\/pages\/803\/revisions\/1574"}],"wp:attachment":[{"href":"https:\/\/mythkeyjewelry.com\/de\/wp-json\/wp\/v2\/media?parent=803"}],"curies":[{"name":"wp","href":"https:\/\/api.w.org\/{rel}","templated":true}]}}