{"id":818,"date":"2025-10-20T01:39:25","date_gmt":"2025-10-20T01:39:25","guid":{"rendered":"https:\/\/mythkeyjewelry.com\/?page_id=818"},"modified":"2025-11-19T13:35:45","modified_gmt":"2025-11-19T13:35:45","slug":"shipping-policy","status":"publish","type":"page","link":"https:\/\/mythkeyjewelry.com\/de\/shipping-policy\/","title":{"rendered":"Versandpolitik"},"content":{"rendered":"<div data-elementor-type=\"wp-page\" data-elementor-id=\"818\" class=\"elementor elementor-818\" data-elementor-post-type=\"page\">\n\t\t\t\t<div class=\"elementor-element elementor-element-7e00459 e-flex e-con-boxed e-con e-parent\" data-id=\"7e00459\" data-element_type=\"container\" data-settings=\"{&quot;ekit_has_onepagescroll_dot&quot;:&quot;yes&quot;}\">\n\t\t\t\t\t<div class=\"e-con-inner\">\n\t\t\t\t<div class=\"elementor-element elementor-element-1bde3bb text-center color-scheme-inherit elementor-widget elementor-widget-text-editor\" data-id=\"1bde3bb\" data-element_type=\"widget\" data-settings=\"{&quot;ekit_we_effect_on&quot;:&quot;none&quot;}\" data-widget_type=\"text-editor.default\">\n\t\t\t\t<div class=\"elementor-widget-container\">\n\t\t\t\t\t\t\t\t\t<p><strong><b>-Verarbeitungszeit<\/b><\/strong><\/p><p>Die Bearbeitung der Auftr\u00e4ge erfolgt innerhalb von <strong>2 Arbeitstage<\/strong> nachdem die Zahlung best\u00e4tigt wurde. Bestellungen, die an Wochenenden oder Feiertagen aufgegeben werden, werden am n\u00e4chsten Werktag bearbeitet.<\/p><p><strong><b>-Versand &amp; Lieferzeit<\/b><\/strong><\/p><p>Alle Bestellungen werden innerhalb von 3-15 Werktagen geliefert, je nach Standort und Zollabfertigung.<\/p><p><strong><b>-Versandkosten<\/b><\/strong><\/p><p>Bestellungen \u00fcber <strong><b>$188.88<\/b><\/strong>\u00a0kostenlosen Versand genie\u00dfen. F\u00fcr Bestellungen unter $188.88, ein <strong><b>$20<\/b>\u00a0Versandgeb\u00fchr<\/strong> wird beim Bezahlen hinzugef\u00fcgt.<\/p><p><strong><b>-Auftragsverfolgung<\/b><\/strong><\/p><p>Nach dem Versand erhalten Sie eine Best\u00e4tigungs-E-Mail mit einer Tracking-Nummer, mit der Sie Ihre Bestellung auf der Website des Versandunternehmens verfolgen k\u00f6nnen.<\/p><p><strong><b>-Z\u00f6lle und Abgaben<\/b><\/strong><\/p><p>Bei internationalen Bestellungen k\u00f6nnen Z\u00f6lle, Steuern oder Einfuhrgeb\u00fchren anfallen, die von MYTHKEY \u00fcbernommen werden.<\/p><p><strong><b>-Verz\u00f6gerungen und Probleme<\/b><\/strong><\/p><p>Wir entschuldigen uns aufrichtig, aber wir sind nicht verantwortlich f\u00fcr Verz\u00f6gerungen, die durch Zoll, Naturereignisse oder Kurierprobleme verursacht werden. Wenn Ihr Paket verloren geht oder besch\u00e4digt wird, kontaktieren Sie uns bitte sofort unter <strong><b>mythkey@outlook.com<\/b><\/strong>.<\/p>\t\t\t\t\t\t\t\t<\/div>\n\t\t\t\t<\/div>\n\t\t\t\t\t<\/div>\n\t\t\t\t<\/div>\n\t\t\t\t<\/div>","protected":false},"excerpt":{"rendered":"<p>-Processing Time Orders are processed within 2\u00a0business days after payment is confirmed. Orders placed on weekends or public holidays will<\/p>","protected":false},"author":1,"featured_media":0,"parent":0,"menu_order":0,"comment_status":"closed","ping_status":"closed","template":"elementor_header_footer","meta":{"_acf_changed":false,"footnotes":""},"class_list":["post-818","page","type-page","status-publish","hentry"],"acf":[],"_links":{"self":[{"href":"https:\/\/mythkeyjewelry.com\/de\/wp-json\/wp\/v2\/pages\/818","targetHints":{"allow":["GET"]}}],"collection":[{"href":"https:\/\/mythkeyjewelry.com\/de\/wp-json\/wp\/v2\/pages"}],"about":[{"href":"https:\/\/mythkeyjewelry.com\/de\/wp-json\/wp\/v2\/types\/page"}],"author":[{"embeddable":true,"href":"https:\/\/mythkeyjewelry.com\/de\/wp-json\/wp\/v2\/users\/1"}],"replies":[{"embeddable":true,"href":"https:\/\/mythkeyjewelry.com\/de\/wp-json\/wp\/v2\/comments?post=818"}],"version-history":[{"count":19,"href":"https:\/\/mythkeyjewelry.com\/de\/wp-json\/wp\/v2\/pages\/818\/revisions"}],"predecessor-version":[{"id":1596,"href":"https:\/\/mythkeyjewelry.com\/de\/wp-json\/wp\/v2\/pages\/818\/revisions\/1596"}],"wp:attachment":[{"href":"https:\/\/mythkeyjewelry.com\/de\/wp-json\/wp\/v2\/media?parent=818"}],"curies":[{"name":"wp","href":"https:\/\/api.w.org\/{rel}","templated":true}]}}