{"id":1010,"date":"2025-10-20T23:41:53","date_gmt":"2025-10-20T23:41:53","guid":{"rendered":"https:\/\/mythkeyjewelry.com\/?post_type=product&#038;p=1010"},"modified":"2025-10-24T02:12:15","modified_gmt":"2025-10-24T02:12:15","slug":"mythkey-oval-sapphire-halo-bracelet-copy","status":"publish","type":"product","link":"https:\/\/mythkeyjewelry.com\/de\/produkt\/mythkey-oval-sapphire-halo-bracelet-copy\/","title":{"rendered":"MYTHKEY Aurora Rosa Armband"},"content":{"rendered":"<p>Dieses Armband zeigt ein zartes Design aus rosafarbenen Bl\u00fcten, die mit funkelnden Steinen verflochten sind. Es strahlt Eleganz und Romantik aus und unterstreicht ein Gef\u00fchl von Luxus. Die Edelsteine weisen eine Brillanz und H\u00e4rte auf, die mit der von nat\u00fcrlichen Diamanten vergleichbar ist, jedoch zu einem g\u00fcnstigeren Preis. Au\u00dferdem bieten sie eine hohe Reinheit, stabile Farbe und umweltfreundliche Nachhaltigkeit, was dieses Schmuckst\u00fcck sowohl sch\u00f6n als auch praktisch macht.<\/p>","protected":false},"excerpt":{"rendered":"<p>Name: Aurora Rosa<br \/>\nMaterial: 925 Silber<br \/>\nStein-Typ: Synthetischer Kristall<br \/>\nGesamtgewicht: 12 g<br \/>\nStartjahr\/Saison: Herbst 2025<br \/>\nProdukt-Code: 25AB01<\/p>","protected":false},"featured_media":1027,"comment_status":"open","ping_status":"closed","template":"","meta":{"_acf_changed":false},"product_brand":[],"product_cat":[32],"product_tag":[],"class_list":{"0":"post-1010","1":"product","2":"type-product","3":"status-publish","4":"has-post-thumbnail","6":"product_cat-bracelets","8":"first","9":"instock","10":"shipping-taxable","11":"purchasable","12":"product-type-simple","13":"wpzoom-wc-spi-has-enabled"},"acf":[],"_links":{"self":[{"href":"https:\/\/mythkeyjewelry.com\/de\/wp-json\/wp\/v2\/product\/1010","targetHints":{"allow":["GET"]}}],"collection":[{"href":"https:\/\/mythkeyjewelry.com\/de\/wp-json\/wp\/v2\/product"}],"about":[{"href":"https:\/\/mythkeyjewelry.com\/de\/wp-json\/wp\/v2\/types\/product"}],"replies":[{"embeddable":true,"href":"https:\/\/mythkeyjewelry.com\/de\/wp-json\/wp\/v2\/comments?post=1010"}],"version-history":[{"count":4,"href":"https:\/\/mythkeyjewelry.com\/de\/wp-json\/wp\/v2\/product\/1010\/revisions"}],"predecessor-version":[{"id":1226,"href":"https:\/\/mythkeyjewelry.com\/de\/wp-json\/wp\/v2\/product\/1010\/revisions\/1226"}],"wp:featuredmedia":[{"embeddable":true,"href":"https:\/\/mythkeyjewelry.com\/de\/wp-json\/wp\/v2\/media\/1027"}],"wp:attachment":[{"href":"https:\/\/mythkeyjewelry.com\/de\/wp-json\/wp\/v2\/media?parent=1010"}],"wp:term":[{"taxonomy":"product_brand","embeddable":true,"href":"https:\/\/mythkeyjewelry.com\/de\/wp-json\/wp\/v2\/product_brand?post=1010"},{"taxonomy":"product_cat","embeddable":true,"href":"https:\/\/mythkeyjewelry.com\/de\/wp-json\/wp\/v2\/product_cat?post=1010"},{"taxonomy":"product_tag","embeddable":true,"href":"https:\/\/mythkeyjewelry.com\/de\/wp-json\/wp\/v2\/product_tag?post=1010"}],"curies":[{"name":"wp","href":"https:\/\/api.w.org\/{rel}","templated":true}]}}