{"id":1018,"date":"2025-10-20T23:51:32","date_gmt":"2025-10-20T23:51:32","guid":{"rendered":"https:\/\/mythkeyjewelry.com\/?post_type=product&#038;p=1018"},"modified":"2025-10-24T02:12:32","modified_gmt":"2025-10-24T02:12:32","slug":"mythkey-full-diamond-ruby-red-bracelet","status":"publish","type":"product","link":"https:\/\/mythkeyjewelry.com\/de\/produkt\/mythkey-full-diamond-ruby-red-bracelet\/","title":{"rendered":"MYTHKEY Volldiamant-Armband Rubinrot"},"content":{"rendered":"<p>Das MYTHKEY Volldiamant-Rubinrot-Armband verbindet die Brillanz von Volldiamanten mit dem leidenschaftlichen Farbton von Taubenblutrot und strahlt eine Mischung aus Luxus und Romantik aus. Der synthetische Kristall im Pr\u00e4zisionsschliff bietet eine Brillanz und H\u00e4rte, die mit der von nat\u00fcrlichen Edelsteinen vergleichbar ist, und bietet gleichzeitig eine au\u00dfergew\u00f6hnliche Klarheit, stabile Farbe und den zus\u00e4tzlichen Vorteil, dass er umweltfreundlich und erschwinglich ist - so wird High-End-Eleganz zum Greifen nah.<\/p>","protected":false},"excerpt":{"rendered":"<p>Name: Karmesinbl\u00fcte<br \/>\nMaterial: 925 Silber<br \/>\nStein-Typ: Synthetischer Kristall<br \/>\nGesamtgewicht: 17 g<br \/>\nStartjahr\/Saison:Herbst 2025<br \/>\nProdukt-Code: 25AB02<\/p>","protected":false},"featured_media":1025,"comment_status":"open","ping_status":"closed","template":"","meta":{"_acf_changed":false},"product_brand":[],"product_cat":[32],"product_tag":[],"class_list":{"0":"post-1018","1":"product","2":"type-product","3":"status-publish","4":"has-post-thumbnail","6":"product_cat-bracelets","8":"first","9":"instock","10":"shipping-taxable","11":"purchasable","12":"product-type-simple","13":"wpzoom-wc-spi-has-enabled"},"acf":[],"_links":{"self":[{"href":"https:\/\/mythkeyjewelry.com\/de\/wp-json\/wp\/v2\/product\/1018","targetHints":{"allow":["GET"]}}],"collection":[{"href":"https:\/\/mythkeyjewelry.com\/de\/wp-json\/wp\/v2\/product"}],"about":[{"href":"https:\/\/mythkeyjewelry.com\/de\/wp-json\/wp\/v2\/types\/product"}],"replies":[{"embeddable":true,"href":"https:\/\/mythkeyjewelry.com\/de\/wp-json\/wp\/v2\/comments?post=1018"}],"version-history":[{"count":3,"href":"https:\/\/mythkeyjewelry.com\/de\/wp-json\/wp\/v2\/product\/1018\/revisions"}],"predecessor-version":[{"id":1227,"href":"https:\/\/mythkeyjewelry.com\/de\/wp-json\/wp\/v2\/product\/1018\/revisions\/1227"}],"wp:featuredmedia":[{"embeddable":true,"href":"https:\/\/mythkeyjewelry.com\/de\/wp-json\/wp\/v2\/media\/1025"}],"wp:attachment":[{"href":"https:\/\/mythkeyjewelry.com\/de\/wp-json\/wp\/v2\/media?parent=1018"}],"wp:term":[{"taxonomy":"product_brand","embeddable":true,"href":"https:\/\/mythkeyjewelry.com\/de\/wp-json\/wp\/v2\/product_brand?post=1018"},{"taxonomy":"product_cat","embeddable":true,"href":"https:\/\/mythkeyjewelry.com\/de\/wp-json\/wp\/v2\/product_cat?post=1018"},{"taxonomy":"product_tag","embeddable":true,"href":"https:\/\/mythkeyjewelry.com\/de\/wp-json\/wp\/v2\/product_tag?post=1018"}],"curies":[{"name":"wp","href":"https:\/\/api.w.org\/{rel}","templated":true}]}}