{"id":1131,"date":"2025-10-22T02:38:01","date_gmt":"2025-10-22T02:38:01","guid":{"rendered":"https:\/\/mythkeyjewelry.com\/?post_type=product&#038;p=1131"},"modified":"2025-10-24T02:09:42","modified_gmt":"2025-10-24T02:09:42","slug":"mythkey-oval-ruby-halo-earrings","status":"publish","type":"product","link":"https:\/\/mythkeyjewelry.com\/de\/produkt\/mythkey-oval-ruby-halo-earrings\/","title":{"rendered":"MYTHKEY Ovale Rubin-Halo-Ohrringe"},"content":{"rendered":"<p>Die MYTHKEY Oval Ruby Halo Earrings strahlen durch ihr lebendiges Purpurrot Leidenschaft und Selbstbewusstsein aus. Der oval geschliffene Rubin wird von einem Halo aus brillanten Kristallen umrahmt und symbolisiert St\u00e4rke, Eleganz und zeitlosen Charme. Die synthetischen Edelsteine im Pr\u00e4zisionsschliff bieten au\u00dfergew\u00f6hnliche Klarheit, hohe Farbstabilit\u00e4t und dauerhaften Glanz. Ob f\u00fcr einen eleganten Abend oder f\u00fcr den t\u00e4glichen Gebrauch, sie verleihen jedem Moment einen Hauch von W\u00e4rme und Brillanz.<\/p>","protected":false},"excerpt":{"rendered":"<p>Name: Flamme der Ewigkeit<br \/>\nMaterial: 925 Silber<br \/>\nStein-Typ: Synthetischer Kristall<br \/>\nSteingr\u00f6\u00dfe: 5*8mm<br \/>\nGesamtgewicht: 3,5 g<br \/>\nL\u00e4nge des Ohrrings: 1,2 cm<br \/>\nStartjahr\/Saison: Winter 2024<br \/>\nProdukt-Code: 24WE02<\/p>","protected":false},"featured_media":1132,"comment_status":"open","ping_status":"closed","template":"","meta":{"_acf_changed":false},"product_brand":[],"product_cat":[15],"product_tag":[],"class_list":{"0":"post-1131","1":"product","2":"type-product","3":"status-publish","4":"has-post-thumbnail","6":"product_cat-earrings","8":"first","9":"instock","10":"shipping-taxable","11":"purchasable","12":"product-type-simple","13":"wpzoom-wc-spi-has-enabled"},"acf":[],"_links":{"self":[{"href":"https:\/\/mythkeyjewelry.com\/de\/wp-json\/wp\/v2\/product\/1131","targetHints":{"allow":["GET"]}}],"collection":[{"href":"https:\/\/mythkeyjewelry.com\/de\/wp-json\/wp\/v2\/product"}],"about":[{"href":"https:\/\/mythkeyjewelry.com\/de\/wp-json\/wp\/v2\/types\/product"}],"replies":[{"embeddable":true,"href":"https:\/\/mythkeyjewelry.com\/de\/wp-json\/wp\/v2\/comments?post=1131"}],"version-history":[{"count":2,"href":"https:\/\/mythkeyjewelry.com\/de\/wp-json\/wp\/v2\/product\/1131\/revisions"}],"predecessor-version":[{"id":1220,"href":"https:\/\/mythkeyjewelry.com\/de\/wp-json\/wp\/v2\/product\/1131\/revisions\/1220"}],"wp:featuredmedia":[{"embeddable":true,"href":"https:\/\/mythkeyjewelry.com\/de\/wp-json\/wp\/v2\/media\/1132"}],"wp:attachment":[{"href":"https:\/\/mythkeyjewelry.com\/de\/wp-json\/wp\/v2\/media?parent=1131"}],"wp:term":[{"taxonomy":"product_brand","embeddable":true,"href":"https:\/\/mythkeyjewelry.com\/de\/wp-json\/wp\/v2\/product_brand?post=1131"},{"taxonomy":"product_cat","embeddable":true,"href":"https:\/\/mythkeyjewelry.com\/de\/wp-json\/wp\/v2\/product_cat?post=1131"},{"taxonomy":"product_tag","embeddable":true,"href":"https:\/\/mythkeyjewelry.com\/de\/wp-json\/wp\/v2\/product_tag?post=1131"}],"curies":[{"name":"wp","href":"https:\/\/api.w.org\/{rel}","templated":true}]}}