{"id":1180,"date":"2025-10-22T22:51:27","date_gmt":"2025-10-22T22:51:27","guid":{"rendered":"https:\/\/mythkeyjewelry.com\/?post_type=product&#038;p=1180"},"modified":"2025-10-24T02:08:42","modified_gmt":"2025-10-24T02:08:42","slug":"mythkey-pink-clover-lucky-bloom-earrings","status":"publish","type":"product","link":"https:\/\/mythkeyjewelry.com\/de\/produkt\/mythkey-pink-clover-lucky-bloom-earrings\/","title":{"rendered":"MYTHKEY Rosa Klee Gl\u00fccksbl\u00fcten-Ohrringe"},"content":{"rendered":"<p>Die MYTHKEY Pink Clover Lucky Bloom Ohrringe sind anmutig und leuchtend und fangen die Essenz von Freude und Eleganz ein. Das zartrosa Kleeblatt-Design schimmert mit fein gefassten synthetischen Kristallen, die Gl\u00fcck, Liebe und sanftes Vertrauen symbolisieren. Sie eignen sich perfekt f\u00fcr das t\u00e4gliche Tragen oder festliche Zusammenk\u00fcnfte und bringen eine strahlende W\u00e4rme und einen Hauch von Positivit\u00e4t in jeden Moment.<\/p>","protected":false},"excerpt":{"rendered":"<p>Name: Lucky Bloom<br \/>\nMaterial: 925 Silber<br \/>\nHauptstein: Synthetischer Kristall<br \/>\nGesamtgewicht: 2 g<br \/>\nStartjahr\/Saison: Sommer 2024<br \/>\nProdukt-Code: 24SSE01<\/p>","protected":false},"featured_media":1181,"comment_status":"open","ping_status":"closed","template":"","meta":{"_acf_changed":false},"product_brand":[],"product_cat":[15],"product_tag":[],"class_list":{"0":"post-1180","1":"product","2":"type-product","3":"status-publish","4":"has-post-thumbnail","6":"product_cat-earrings","8":"first","9":"instock","10":"shipping-taxable","11":"purchasable","12":"product-type-simple","13":"wpzoom-wc-spi-has-enabled"},"acf":[],"_links":{"self":[{"href":"https:\/\/mythkeyjewelry.com\/de\/wp-json\/wp\/v2\/product\/1180","targetHints":{"allow":["GET"]}}],"collection":[{"href":"https:\/\/mythkeyjewelry.com\/de\/wp-json\/wp\/v2\/product"}],"about":[{"href":"https:\/\/mythkeyjewelry.com\/de\/wp-json\/wp\/v2\/types\/product"}],"replies":[{"embeddable":true,"href":"https:\/\/mythkeyjewelry.com\/de\/wp-json\/wp\/v2\/comments?post=1180"}],"version-history":[{"count":2,"href":"https:\/\/mythkeyjewelry.com\/de\/wp-json\/wp\/v2\/product\/1180\/revisions"}],"predecessor-version":[{"id":1217,"href":"https:\/\/mythkeyjewelry.com\/de\/wp-json\/wp\/v2\/product\/1180\/revisions\/1217"}],"wp:featuredmedia":[{"embeddable":true,"href":"https:\/\/mythkeyjewelry.com\/de\/wp-json\/wp\/v2\/media\/1181"}],"wp:attachment":[{"href":"https:\/\/mythkeyjewelry.com\/de\/wp-json\/wp\/v2\/media?parent=1180"}],"wp:term":[{"taxonomy":"product_brand","embeddable":true,"href":"https:\/\/mythkeyjewelry.com\/de\/wp-json\/wp\/v2\/product_brand?post=1180"},{"taxonomy":"product_cat","embeddable":true,"href":"https:\/\/mythkeyjewelry.com\/de\/wp-json\/wp\/v2\/product_cat?post=1180"},{"taxonomy":"product_tag","embeddable":true,"href":"https:\/\/mythkeyjewelry.com\/de\/wp-json\/wp\/v2\/product_tag?post=1180"}],"curies":[{"name":"wp","href":"https:\/\/api.w.org\/{rel}","templated":true}]}}