{"id":1188,"date":"2025-10-22T23:25:13","date_gmt":"2025-10-22T23:25:13","guid":{"rendered":"https:\/\/mythkeyjewelry.com\/?post_type=product&#038;p=1188"},"modified":"2025-10-30T04:35:54","modified_gmt":"2025-10-30T04:35:54","slug":"mythkey-1-5-carat-cushion-cut-blue-crystal-earrings","status":"publish","type":"product","link":"https:\/\/mythkeyjewelry.com\/de\/produkt\/mythkey-1-5-carat-cushion-cut-blue-crystal-earrings\/","title":{"rendered":"MYTHKEY 1,5 Karat blaue Kristall-Ohrringe im Kissenschliff"},"content":{"rendered":"<p>Die strahlenden und ruhigen MYTHKEY Blue Mirage Ohrringe fangen die ruhige Sch\u00f6nheit eines sonnenbeschienenen Himmels ein, der sich auf dem Wasser spiegelt. Der himmelblaue Kristall im Kissenschliff mit 1,5 Karat funkelt mit Klarheit und ruhiger Brillanz und ist so gefasst, dass er dauerhaft gl\u00e4nzt. Er ist leicht und doch auff\u00e4llig und verk\u00f6rpert m\u00fchelose Eleganz - perfekt, um den Alltag zu erhellen oder Abendgarderobe einen erfrischenden Touch zu verleihen.<\/p>","protected":false},"excerpt":{"rendered":"<p>Name: Blaue Fata Morgana<br \/>\nMaterial: 925 Silber<br \/>\nStein-Typ: 1,5 Karat Synthetischer Kristall<br \/>\nSteingr\u00f6\u00dfe: 7*7 mm<br \/>\nGesamtgewicht: 2,8 g<br \/>\nStartjahr\/Saison:Sommer 2025<br \/>\nProdukt-Code: 25SSE01<\/p>","protected":false},"featured_media":1189,"comment_status":"open","ping_status":"closed","template":"","meta":{"_acf_changed":false},"product_brand":[],"product_cat":[15],"product_tag":[],"class_list":{"0":"post-1188","1":"product","2":"type-product","3":"status-publish","4":"has-post-thumbnail","6":"product_cat-earrings","8":"first","9":"instock","10":"shipping-taxable","11":"purchasable","12":"product-type-simple","13":"wpzoom-wc-spi-has-enabled"},"acf":[],"_links":{"self":[{"href":"https:\/\/mythkeyjewelry.com\/de\/wp-json\/wp\/v2\/product\/1188","targetHints":{"allow":["GET"]}}],"collection":[{"href":"https:\/\/mythkeyjewelry.com\/de\/wp-json\/wp\/v2\/product"}],"about":[{"href":"https:\/\/mythkeyjewelry.com\/de\/wp-json\/wp\/v2\/types\/product"}],"replies":[{"embeddable":true,"href":"https:\/\/mythkeyjewelry.com\/de\/wp-json\/wp\/v2\/comments?post=1188"}],"version-history":[{"count":3,"href":"https:\/\/mythkeyjewelry.com\/de\/wp-json\/wp\/v2\/product\/1188\/revisions"}],"predecessor-version":[{"id":1216,"href":"https:\/\/mythkeyjewelry.com\/de\/wp-json\/wp\/v2\/product\/1188\/revisions\/1216"}],"wp:featuredmedia":[{"embeddable":true,"href":"https:\/\/mythkeyjewelry.com\/de\/wp-json\/wp\/v2\/media\/1189"}],"wp:attachment":[{"href":"https:\/\/mythkeyjewelry.com\/de\/wp-json\/wp\/v2\/media?parent=1188"}],"wp:term":[{"taxonomy":"product_brand","embeddable":true,"href":"https:\/\/mythkeyjewelry.com\/de\/wp-json\/wp\/v2\/product_brand?post=1188"},{"taxonomy":"product_cat","embeddable":true,"href":"https:\/\/mythkeyjewelry.com\/de\/wp-json\/wp\/v2\/product_cat?post=1188"},{"taxonomy":"product_tag","embeddable":true,"href":"https:\/\/mythkeyjewelry.com\/de\/wp-json\/wp\/v2\/product_tag?post=1188"}],"curies":[{"name":"wp","href":"https:\/\/api.w.org\/{rel}","templated":true}]}}