{"id":1201,"date":"2025-10-22T23:56:10","date_gmt":"2025-10-22T23:56:10","guid":{"rendered":"https:\/\/mythkeyjewelry.com\/?post_type=product&#038;p=1201"},"modified":"2025-10-24T02:07:27","modified_gmt":"2025-10-24T02:07:27","slug":"mythkey-oval-blue-crystal-halo-earrings","status":"publish","type":"product","link":"https:\/\/mythkeyjewelry.com\/de\/produkt\/mythkey-oval-blue-crystal-halo-earrings\/","title":{"rendered":"MYTHKEY Ovale Halo-Ohrringe in blauem Kristall"},"content":{"rendered":"<p>Die strahlenden und raffinierten MYTHKEY Azure Halo Ohrringe fangen die ruhige Sch\u00f6nheit eines klaren blauen Horizonts ein. Der blaue Kristall im Oval-Schliff ist von einem leuchtenden Halo aus brillanten Steinen umgeben, der sowohl Gelassenheit als auch St\u00e4rke widerspiegelt. Sie wurden mit Pr\u00e4zision und Sorgfalt gefertigt und bieten dauerhaften Glanz, au\u00dfergew\u00f6hnliche Klarheit und m\u00fchelose Eleganz - perfekt f\u00fcr helle Tage, elegante Abende und alles dazwischen.<\/p>","protected":false},"excerpt":{"rendered":"<p>Name: Azurblauer Halo<br \/>\nMaterial: 925 Silber<br \/>\nStein-Typ: Synthetischer Kristall<br \/>\nSteingr\u00f6\u00dfe: 6*8mm<br \/>\nGesamtgewicht: 2,9 g<br \/>\nL\u00e4nge des Ohrrings: 1,2 cm<br \/>\nStartjahr\/Saison: Sommer 2025<br \/>\nProdukt-Code: 25SSE02<\/p>","protected":false},"featured_media":1211,"comment_status":"open","ping_status":"closed","template":"","meta":{"_acf_changed":false},"product_brand":[],"product_cat":[15],"product_tag":[],"class_list":{"0":"post-1201","1":"product","2":"type-product","3":"status-publish","4":"has-post-thumbnail","6":"product_cat-earrings","8":"first","9":"instock","10":"shipping-taxable","11":"purchasable","12":"product-type-simple","13":"wpzoom-wc-spi-has-enabled"},"acf":[],"_links":{"self":[{"href":"https:\/\/mythkeyjewelry.com\/de\/wp-json\/wp\/v2\/product\/1201","targetHints":{"allow":["GET"]}}],"collection":[{"href":"https:\/\/mythkeyjewelry.com\/de\/wp-json\/wp\/v2\/product"}],"about":[{"href":"https:\/\/mythkeyjewelry.com\/de\/wp-json\/wp\/v2\/types\/product"}],"replies":[{"embeddable":true,"href":"https:\/\/mythkeyjewelry.com\/de\/wp-json\/wp\/v2\/comments?post=1201"}],"version-history":[{"count":4,"href":"https:\/\/mythkeyjewelry.com\/de\/wp-json\/wp\/v2\/product\/1201\/revisions"}],"predecessor-version":[{"id":1215,"href":"https:\/\/mythkeyjewelry.com\/de\/wp-json\/wp\/v2\/product\/1201\/revisions\/1215"}],"wp:featuredmedia":[{"embeddable":true,"href":"https:\/\/mythkeyjewelry.com\/de\/wp-json\/wp\/v2\/media\/1211"}],"wp:attachment":[{"href":"https:\/\/mythkeyjewelry.com\/de\/wp-json\/wp\/v2\/media?parent=1201"}],"wp:term":[{"taxonomy":"product_brand","embeddable":true,"href":"https:\/\/mythkeyjewelry.com\/de\/wp-json\/wp\/v2\/product_brand?post=1201"},{"taxonomy":"product_cat","embeddable":true,"href":"https:\/\/mythkeyjewelry.com\/de\/wp-json\/wp\/v2\/product_cat?post=1201"},{"taxonomy":"product_tag","embeddable":true,"href":"https:\/\/mythkeyjewelry.com\/de\/wp-json\/wp\/v2\/product_tag?post=1201"}],"curies":[{"name":"wp","href":"https:\/\/api.w.org\/{rel}","templated":true}]}}