{"id":1230,"date":"2025-10-24T02:36:10","date_gmt":"2025-10-24T02:36:10","guid":{"rendered":"https:\/\/mythkeyjewelry.com\/?post_type=product&#038;p=1230"},"modified":"2025-11-01T00:36:42","modified_gmt":"2025-11-01T00:36:42","slug":"mythkey-5-carat-padparadscha-lotus-ring","status":"publish","type":"product","link":"https:\/\/mythkeyjewelry.com\/de\/produkt\/mythkey-5-carat-padparadscha-lotus-ring\/","title":{"rendered":"MYTHKEY 5 Karat Padparadscha Lotus Ring"},"content":{"rendered":"<p>Der MYTHKEY 5-Karat Padparadscha Lotus Ring f\u00e4ngt die seltene Harmonie der Farben des Sonnenaufgangs ein - wo zartes Rosa auf einen Hauch goldener Flamme trifft. Sein 5-Karat Padparadscha leuchtet mit gelassener W\u00e4rme, umgeben von einem Halo aus pr\u00e4zisionsgeschliffenen Diamanten, die wie Lotusbl\u00fcten bl\u00fchen. Zart und doch k\u00fchn spiegelt dieser Ring die Sch\u00f6nheit innerer St\u00e4rke und Anmut wider.<\/p>","protected":false},"excerpt":{"rendered":"<p>Name: Strahlende Aura<br \/>\nMaterial: 925 Silber<br \/>\nHauptstein: 5 Karat Padparadscha<br \/>\nSteingr\u00f6\u00dfe: 11*11 mm<br \/>\nGesamtgewicht: 7g<br \/>\nStartjahr\/Saison: Sommer 2025<br \/>\nProdukt-Code: 25SSR02<\/p>","protected":false},"featured_media":1231,"comment_status":"open","ping_status":"closed","template":"","meta":{"_acf_changed":false},"product_brand":[],"product_cat":[30],"product_tag":[],"class_list":{"0":"post-1230","1":"product","2":"type-product","3":"status-publish","4":"has-post-thumbnail","6":"product_cat-rings","8":"first","9":"instock","10":"shipping-taxable","11":"purchasable","12":"product-type-simple","13":"wpzoom-wc-spi-has-enabled"},"acf":[],"_links":{"self":[{"href":"https:\/\/mythkeyjewelry.com\/de\/wp-json\/wp\/v2\/product\/1230","targetHints":{"allow":["GET"]}}],"collection":[{"href":"https:\/\/mythkeyjewelry.com\/de\/wp-json\/wp\/v2\/product"}],"about":[{"href":"https:\/\/mythkeyjewelry.com\/de\/wp-json\/wp\/v2\/types\/product"}],"replies":[{"embeddable":true,"href":"https:\/\/mythkeyjewelry.com\/de\/wp-json\/wp\/v2\/comments?post=1230"}],"version-history":[{"count":2,"href":"https:\/\/mythkeyjewelry.com\/de\/wp-json\/wp\/v2\/product\/1230\/revisions"}],"predecessor-version":[{"id":1255,"href":"https:\/\/mythkeyjewelry.com\/de\/wp-json\/wp\/v2\/product\/1230\/revisions\/1255"}],"wp:featuredmedia":[{"embeddable":true,"href":"https:\/\/mythkeyjewelry.com\/de\/wp-json\/wp\/v2\/media\/1231"}],"wp:attachment":[{"href":"https:\/\/mythkeyjewelry.com\/de\/wp-json\/wp\/v2\/media?parent=1230"}],"wp:term":[{"taxonomy":"product_brand","embeddable":true,"href":"https:\/\/mythkeyjewelry.com\/de\/wp-json\/wp\/v2\/product_brand?post=1230"},{"taxonomy":"product_cat","embeddable":true,"href":"https:\/\/mythkeyjewelry.com\/de\/wp-json\/wp\/v2\/product_cat?post=1230"},{"taxonomy":"product_tag","embeddable":true,"href":"https:\/\/mythkeyjewelry.com\/de\/wp-json\/wp\/v2\/product_tag?post=1230"}],"curies":[{"name":"wp","href":"https:\/\/api.w.org\/{rel}","templated":true}]}}