{"id":1268,"date":"2025-10-25T01:29:57","date_gmt":"2025-10-25T01:29:57","guid":{"rendered":"https:\/\/mythkeyjewelry.com\/?post_type=product&#038;p=1268"},"modified":"2025-11-01T00:38:16","modified_gmt":"2025-11-01T00:38:16","slug":"mythkey-4-carat-pear-cut-blue-crystal-diamond-ring","status":"publish","type":"product","link":"https:\/\/mythkeyjewelry.com\/de\/produkt\/mythkey-4-carat-pear-cut-blue-crystal-diamond-ring\/","title":{"rendered":"MYTHKEY 4 Karat Diamantring mit blauem Kristall im Birnenschliff"},"content":{"rendered":"<p>Das Herzst\u00fcck ist ein blauer Kristall im Birnenschliff, der von Steinen im Marquiseschliff umgeben ist, die wie Bl\u00fctenbl\u00e4tter in Bewegung sind. Das Design strahlt Anmut und Zuversicht aus - eine perfekte Harmonie aus Sanftheit und St\u00e4rke. Der Ring ist mit moderner Eleganz gefertigt und schimmert bei jeder Bewegung und spiegelt zeitlose Sch\u00f6nheit und innere Ruhe wider.<\/p>","protected":false},"excerpt":{"rendered":"<p>Name: Aqua Blossom<br \/>\nMaterial: 925 Silber<br \/>\nHauptstein: 4 Karat Synthetischer Kristall<br \/>\nSteingr\u00f6\u00dfe: 8*12 mm<br \/>\nGesamtgewicht: 6,9 g<br \/>\nStartjahr\/Saison: Sommer 2025<br \/>\nProdukt-Code: 25SSR03<\/p>","protected":false},"featured_media":1269,"comment_status":"open","ping_status":"closed","template":"","meta":{"_acf_changed":false},"product_brand":[],"product_cat":[30],"product_tag":[],"class_list":{"0":"post-1268","1":"product","2":"type-product","3":"status-publish","4":"has-post-thumbnail","6":"product_cat-rings","8":"first","9":"instock","10":"shipping-taxable","11":"purchasable","12":"product-type-simple","13":"wpzoom-wc-spi-has-enabled"},"acf":[],"_links":{"self":[{"href":"https:\/\/mythkeyjewelry.com\/de\/wp-json\/wp\/v2\/product\/1268","targetHints":{"allow":["GET"]}}],"collection":[{"href":"https:\/\/mythkeyjewelry.com\/de\/wp-json\/wp\/v2\/product"}],"about":[{"href":"https:\/\/mythkeyjewelry.com\/de\/wp-json\/wp\/v2\/types\/product"}],"replies":[{"embeddable":true,"href":"https:\/\/mythkeyjewelry.com\/de\/wp-json\/wp\/v2\/comments?post=1268"}],"version-history":[{"count":2,"href":"https:\/\/mythkeyjewelry.com\/de\/wp-json\/wp\/v2\/product\/1268\/revisions"}],"predecessor-version":[{"id":1279,"href":"https:\/\/mythkeyjewelry.com\/de\/wp-json\/wp\/v2\/product\/1268\/revisions\/1279"}],"wp:featuredmedia":[{"embeddable":true,"href":"https:\/\/mythkeyjewelry.com\/de\/wp-json\/wp\/v2\/media\/1269"}],"wp:attachment":[{"href":"https:\/\/mythkeyjewelry.com\/de\/wp-json\/wp\/v2\/media?parent=1268"}],"wp:term":[{"taxonomy":"product_brand","embeddable":true,"href":"https:\/\/mythkeyjewelry.com\/de\/wp-json\/wp\/v2\/product_brand?post=1268"},{"taxonomy":"product_cat","embeddable":true,"href":"https:\/\/mythkeyjewelry.com\/de\/wp-json\/wp\/v2\/product_cat?post=1268"},{"taxonomy":"product_tag","embeddable":true,"href":"https:\/\/mythkeyjewelry.com\/de\/wp-json\/wp\/v2\/product_tag?post=1268"}],"curies":[{"name":"wp","href":"https:\/\/api.w.org\/{rel}","templated":true}]}}