{"id":1284,"date":"2025-10-25T03:02:11","date_gmt":"2025-10-25T03:02:11","guid":{"rendered":"https:\/\/mythkeyjewelry.com\/?post_type=product&#038;p=1284"},"modified":"2025-11-01T00:34:50","modified_gmt":"2025-11-01T00:34:50","slug":"mythkey-3-carat-pear-cut-blue-crystal-star-diamond-ring","status":"publish","type":"product","link":"https:\/\/mythkeyjewelry.com\/de\/produkt\/mythkey-3-carat-pear-cut-blue-crystal-star-diamond-ring\/","title":{"rendered":"MYTHKEY 3 Karat blauer Kristall-Stern-Diamantring im Birnenschliff"},"content":{"rendered":"<p>Ein blauer Kristall im Birnenschliff bildet das Herzst\u00fcck des Rings, umgeben von Steinen im Marquise- und Birnenschliff, die sich wie himmlische Bl\u00fctenbl\u00e4tter entfalten. Das Licht tanzt \u00fcber jede Facette und spiegelt Vertrauen, Anmut und unendlichen Charme wider. Die zarte Skulptur verk\u00f6rpert sowohl St\u00e4rke als auch Gelassenheit und ist ein wahres Statement leuchtender Sch\u00f6nheit.<\/p>","protected":false},"excerpt":{"rendered":"<p>Name: Starlit Bloom<br \/>\nMaterial: 925 Silber<br \/>\nHauptstein: 3 Karat Synthetischer Kristall<br \/>\nSteingr\u00f6\u00dfe: 9*10 mm<br \/>\nGesamtgewicht: 5,2 g<br \/>\nStartjahr\/Saison: Herbst 2025<br \/>\nProdukt-Code: 25AR01<\/p>","protected":false},"featured_media":1285,"comment_status":"open","ping_status":"closed","template":"","meta":{"_acf_changed":false},"product_brand":[],"product_cat":[30],"product_tag":[],"class_list":{"0":"post-1284","1":"product","2":"type-product","3":"status-publish","4":"has-post-thumbnail","6":"product_cat-rings","8":"first","9":"instock","10":"shipping-taxable","11":"purchasable","12":"product-type-simple","13":"wpzoom-wc-spi-has-enabled"},"acf":[],"_links":{"self":[{"href":"https:\/\/mythkeyjewelry.com\/de\/wp-json\/wp\/v2\/product\/1284","targetHints":{"allow":["GET"]}}],"collection":[{"href":"https:\/\/mythkeyjewelry.com\/de\/wp-json\/wp\/v2\/product"}],"about":[{"href":"https:\/\/mythkeyjewelry.com\/de\/wp-json\/wp\/v2\/types\/product"}],"replies":[{"embeddable":true,"href":"https:\/\/mythkeyjewelry.com\/de\/wp-json\/wp\/v2\/comments?post=1284"}],"version-history":[{"count":2,"href":"https:\/\/mythkeyjewelry.com\/de\/wp-json\/wp\/v2\/product\/1284\/revisions"}],"predecessor-version":[{"id":1351,"href":"https:\/\/mythkeyjewelry.com\/de\/wp-json\/wp\/v2\/product\/1284\/revisions\/1351"}],"wp:featuredmedia":[{"embeddable":true,"href":"https:\/\/mythkeyjewelry.com\/de\/wp-json\/wp\/v2\/media\/1285"}],"wp:attachment":[{"href":"https:\/\/mythkeyjewelry.com\/de\/wp-json\/wp\/v2\/media?parent=1284"}],"wp:term":[{"taxonomy":"product_brand","embeddable":true,"href":"https:\/\/mythkeyjewelry.com\/de\/wp-json\/wp\/v2\/product_brand?post=1284"},{"taxonomy":"product_cat","embeddable":true,"href":"https:\/\/mythkeyjewelry.com\/de\/wp-json\/wp\/v2\/product_cat?post=1284"},{"taxonomy":"product_tag","embeddable":true,"href":"https:\/\/mythkeyjewelry.com\/de\/wp-json\/wp\/v2\/product_tag?post=1284"}],"curies":[{"name":"wp","href":"https:\/\/api.w.org\/{rel}","templated":true}]}}