{"id":1340,"date":"2025-10-27T05:34:01","date_gmt":"2025-10-27T05:34:01","guid":{"rendered":"https:\/\/mythkeyjewelry.com\/?post_type=product&#038;p=1340"},"modified":"2025-11-24T05:44:21","modified_gmt":"2025-11-24T05:44:21","slug":"mythkey-oval-ruby-halo-ring","status":"publish","type":"product","link":"https:\/\/mythkeyjewelry.com\/de\/produkt\/mythkey-oval-ruby-halo-ring\/","title":{"rendered":"MYTHKEY Ovaler Rubin Halo Ring"},"content":{"rendered":"<p>Der MYTHKEY Oval Ruby Halo Ring - Flame of Eternity entz\u00fcndet zeitlose Eleganz mit seinem leuchtenden Purpurrot. Der Rubin im Ovalschliff ruht im Herzen einer raffinierten Silberfassung, umrahmt von brillanten Kristallen, die W\u00e4rme und St\u00e4rke ausstrahlen.Ob am Abend oder im Alltag, dieser Ring f\u00e4ngt den Geist der Leidenschaft ein, der nie verblasst - ein wahres Symbol der Eleganz in jeder Epoche.<\/p>","protected":false},"excerpt":{"rendered":"<p>Name: Flamme der Ewigkeit<br \/>\nMaterial: 925 Silber<br \/>\nHauptstein: 1,2 Karat synthetischer Kristall<br \/>\nSteingr\u00f6\u00dfe: 6*8 mm<br \/>\nGesamtgewicht: 4,1 g<br \/>\nStartjahr\/Saison: Winter 2024<br \/>\nProdukt-Code: 24WR02<\/p>","protected":false},"featured_media":1419,"comment_status":"open","ping_status":"closed","template":"","meta":{"_acf_changed":false},"product_brand":[],"product_cat":[30],"product_tag":[],"class_list":{"0":"post-1340","1":"product","2":"type-product","3":"status-publish","4":"has-post-thumbnail","6":"product_cat-rings","8":"first","9":"instock","10":"shipping-taxable","11":"purchasable","12":"product-type-simple","13":"wpzoom-wc-spi-has-enabled"},"acf":[],"_links":{"self":[{"href":"https:\/\/mythkeyjewelry.com\/de\/wp-json\/wp\/v2\/product\/1340","targetHints":{"allow":["GET"]}}],"collection":[{"href":"https:\/\/mythkeyjewelry.com\/de\/wp-json\/wp\/v2\/product"}],"about":[{"href":"https:\/\/mythkeyjewelry.com\/de\/wp-json\/wp\/v2\/types\/product"}],"replies":[{"embeddable":true,"href":"https:\/\/mythkeyjewelry.com\/de\/wp-json\/wp\/v2\/comments?post=1340"}],"version-history":[{"count":1,"href":"https:\/\/mythkeyjewelry.com\/de\/wp-json\/wp\/v2\/product\/1340\/revisions"}],"predecessor-version":[{"id":1346,"href":"https:\/\/mythkeyjewelry.com\/de\/wp-json\/wp\/v2\/product\/1340\/revisions\/1346"}],"wp:featuredmedia":[{"embeddable":true,"href":"https:\/\/mythkeyjewelry.com\/de\/wp-json\/wp\/v2\/media\/1419"}],"wp:attachment":[{"href":"https:\/\/mythkeyjewelry.com\/de\/wp-json\/wp\/v2\/media?parent=1340"}],"wp:term":[{"taxonomy":"product_brand","embeddable":true,"href":"https:\/\/mythkeyjewelry.com\/de\/wp-json\/wp\/v2\/product_brand?post=1340"},{"taxonomy":"product_cat","embeddable":true,"href":"https:\/\/mythkeyjewelry.com\/de\/wp-json\/wp\/v2\/product_cat?post=1340"},{"taxonomy":"product_tag","embeddable":true,"href":"https:\/\/mythkeyjewelry.com\/de\/wp-json\/wp\/v2\/product_tag?post=1340"}],"curies":[{"name":"wp","href":"https:\/\/api.w.org\/{rel}","templated":true}]}}