{"id":1375,"date":"2025-10-29T05:07:26","date_gmt":"2025-10-29T05:07:26","guid":{"rendered":"https:\/\/mythkeyjewelry.com\/?post_type=product&#038;p=1375"},"modified":"2025-11-01T00:31:52","modified_gmt":"2025-11-01T00:31:52","slug":"mythkey-5-5-carat-green-chalcedony-cabochon-diamond-halo-ring","status":"publish","type":"product","link":"https:\/\/mythkeyjewelry.com\/de\/produkt\/mythkey-5-5-carat-green-chalcedony-cabochon-diamond-halo-ring\/","title":{"rendered":"MYTHKEY 5,5 Karat Gr\u00fcner Chalzedon Cabochon Diamant Halo Ring"},"content":{"rendered":"<p>Der MYTHKEY Eternal Green Ring verk\u00f6rpert das ruhige Gleichgewicht zwischen Natur und Licht. 5,5 Karat gr\u00fcner Chalzedon, der mit seiner Lebendigkeit und Tiefe leuchtet, bilden das Herzst\u00fcck des Rings, der von einem Kranz aus Brillanten umgeben ist und Harmonie und Erneuerung widerspiegelt - eine Hommage an zeitlose Sch\u00f6nheit und innere Ruhe. Er strahlt dauerhafte Eleganz aus und f\u00e4ngt die Essenz des Fr\u00fchlings in jedem sanften Schimmer ein.<\/p>","protected":false},"excerpt":{"rendered":"<p>Name: Ewiges Gr\u00fcn<br \/>\nMaterial: 925 Silber<br \/>\nStein-Typ: 5,5 Karat Synthetischer Kristall<br \/>\nSteingr\u00f6\u00dfe: 12 mm<br \/>\nGesamtgewicht: 9 g<br \/>\nStartjahr\/Saison: Fr\u00fchjahr 2025<br \/>\nProdukt-Code: 25R01<\/p>","protected":false},"featured_media":1376,"comment_status":"open","ping_status":"closed","template":"","meta":{"_acf_changed":false},"product_brand":[],"product_cat":[30],"product_tag":[],"class_list":{"0":"post-1375","1":"product","2":"type-product","3":"status-publish","4":"has-post-thumbnail","6":"product_cat-rings","8":"first","9":"instock","10":"shipping-taxable","11":"purchasable","12":"product-type-simple","13":"wpzoom-wc-spi-has-enabled"},"acf":[],"_links":{"self":[{"href":"https:\/\/mythkeyjewelry.com\/de\/wp-json\/wp\/v2\/product\/1375","targetHints":{"allow":["GET"]}}],"collection":[{"href":"https:\/\/mythkeyjewelry.com\/de\/wp-json\/wp\/v2\/product"}],"about":[{"href":"https:\/\/mythkeyjewelry.com\/de\/wp-json\/wp\/v2\/types\/product"}],"replies":[{"embeddable":true,"href":"https:\/\/mythkeyjewelry.com\/de\/wp-json\/wp\/v2\/comments?post=1375"}],"version-history":[{"count":1,"href":"https:\/\/mythkeyjewelry.com\/de\/wp-json\/wp\/v2\/product\/1375\/revisions"}],"predecessor-version":[{"id":1379,"href":"https:\/\/mythkeyjewelry.com\/de\/wp-json\/wp\/v2\/product\/1375\/revisions\/1379"}],"wp:featuredmedia":[{"embeddable":true,"href":"https:\/\/mythkeyjewelry.com\/de\/wp-json\/wp\/v2\/media\/1376"}],"wp:attachment":[{"href":"https:\/\/mythkeyjewelry.com\/de\/wp-json\/wp\/v2\/media?parent=1375"}],"wp:term":[{"taxonomy":"product_brand","embeddable":true,"href":"https:\/\/mythkeyjewelry.com\/de\/wp-json\/wp\/v2\/product_brand?post=1375"},{"taxonomy":"product_cat","embeddable":true,"href":"https:\/\/mythkeyjewelry.com\/de\/wp-json\/wp\/v2\/product_cat?post=1375"},{"taxonomy":"product_tag","embeddable":true,"href":"https:\/\/mythkeyjewelry.com\/de\/wp-json\/wp\/v2\/product_tag?post=1375"}],"curies":[{"name":"wp","href":"https:\/\/api.w.org\/{rel}","templated":true}]}}