{"id":1396,"date":"2025-10-29T06:42:51","date_gmt":"2025-10-29T06:42:51","guid":{"rendered":"https:\/\/mythkeyjewelry.com\/?post_type=product&#038;p=1396"},"modified":"2025-11-01T00:32:52","modified_gmt":"2025-11-01T00:32:52","slug":"mythkey-2-carat-cushion-blue-crystal-solitaire-ring","status":"publish","type":"product","link":"https:\/\/mythkeyjewelry.com\/de\/produkt\/mythkey-2-carat-cushion-blue-crystal-solitaire-ring\/","title":{"rendered":"MYTHKEY 2 Karat kissenf\u00f6rmiger blauer Kristall Solit\u00e4r Ring"},"content":{"rendered":"<p>Der MYTHKEY Whispering Wave Ring f\u00e4ngt den heiteren Rhythmus des Meeres in einem einzigen strahlenden Schmuckst\u00fcck ein: Sein blauer Kristall im Kissenschliff enth\u00fcllt eine faszinierende Lichtspirale, die an die von der Sonne beschienenen Wellen erinnert, die \u00fcber ruhige Gew\u00e4sser tanzen. Er ist in ein Diamantpav\u00e9 gefasst und verk\u00f6rpert moderne Schlichtheit und best\u00e4ndigen Glanz - ein zeitloses Schmuckst\u00fcck, das jedem Look ruhige Zuversicht verleiht.<\/p>","protected":false},"excerpt":{"rendered":"<p>Name: Fl\u00fcsternde Welle<br \/>\nMaterial: 925 Silber<br \/>\nHauptstein: 2 Karat Synthetischer Kristall<br \/>\nSteingr\u00f6\u00dfe: 8*8 mm<br \/>\nGesamtgewicht: 3 g<br \/>\nStartjahr\/Saison: Sommer 2025<br \/>\nProdukt-Code: 25SSR05<\/p>","protected":false},"featured_media":1397,"comment_status":"open","ping_status":"closed","template":"","meta":{"_acf_changed":false},"product_brand":[],"product_cat":[30],"product_tag":[],"class_list":{"0":"post-1396","1":"product","2":"type-product","3":"status-publish","4":"has-post-thumbnail","6":"product_cat-rings","8":"first","9":"instock","10":"shipping-taxable","11":"purchasable","12":"product-type-simple","13":"wpzoom-wc-spi-has-enabled"},"acf":[],"_links":{"self":[{"href":"https:\/\/mythkeyjewelry.com\/de\/wp-json\/wp\/v2\/product\/1396","targetHints":{"allow":["GET"]}}],"collection":[{"href":"https:\/\/mythkeyjewelry.com\/de\/wp-json\/wp\/v2\/product"}],"about":[{"href":"https:\/\/mythkeyjewelry.com\/de\/wp-json\/wp\/v2\/types\/product"}],"replies":[{"embeddable":true,"href":"https:\/\/mythkeyjewelry.com\/de\/wp-json\/wp\/v2\/comments?post=1396"}],"version-history":[{"count":1,"href":"https:\/\/mythkeyjewelry.com\/de\/wp-json\/wp\/v2\/product\/1396\/revisions"}],"predecessor-version":[{"id":1400,"href":"https:\/\/mythkeyjewelry.com\/de\/wp-json\/wp\/v2\/product\/1396\/revisions\/1400"}],"wp:featuredmedia":[{"embeddable":true,"href":"https:\/\/mythkeyjewelry.com\/de\/wp-json\/wp\/v2\/media\/1397"}],"wp:attachment":[{"href":"https:\/\/mythkeyjewelry.com\/de\/wp-json\/wp\/v2\/media?parent=1396"}],"wp:term":[{"taxonomy":"product_brand","embeddable":true,"href":"https:\/\/mythkeyjewelry.com\/de\/wp-json\/wp\/v2\/product_brand?post=1396"},{"taxonomy":"product_cat","embeddable":true,"href":"https:\/\/mythkeyjewelry.com\/de\/wp-json\/wp\/v2\/product_cat?post=1396"},{"taxonomy":"product_tag","embeddable":true,"href":"https:\/\/mythkeyjewelry.com\/de\/wp-json\/wp\/v2\/product_tag?post=1396"}],"curies":[{"name":"wp","href":"https:\/\/api.w.org\/{rel}","templated":true}]}}