{"id":1437,"date":"2025-10-30T05:15:38","date_gmt":"2025-10-30T05:15:38","guid":{"rendered":"https:\/\/mythkeyjewelry.com\/?post_type=product&#038;p=1437"},"modified":"2025-11-01T00:28:11","modified_gmt":"2025-11-01T00:28:11","slug":"mythkey-8-4-carat-oval-full-eternity-crystal-ring","status":"publish","type":"product","link":"https:\/\/mythkeyjewelry.com\/de\/produkt\/mythkey-8-4-carat-oval-full-eternity-crystal-ring\/","title":{"rendered":"MYTHKEY 8,4 Karat Oval Ewigkeitsring mit Kristall"},"content":{"rendered":"<p>Der MYTHKEY Eternal Aurora Ring zelebriert unendliche Brillanz. Ein Kreis aus Kristallen im Ovalschliff reflektiert das Licht aus jedem Winkel und schafft so einen durchgehenden Strahlenkranz. Dieser zeitlose und massive Ewigkeitsring symbolisiert unersch\u00fctterliche Hingabe und best\u00e4ndigen Stil - ein raffiniertes Statement f\u00fcr das t\u00e4gliche Tragen oder f\u00fcr formelle Eleganz. Lassen Sie ihn bei jeder Geste schimmern und fangen Sie die Brillanz jedes wichtigen Moments ein.<\/p>","protected":false},"excerpt":{"rendered":"<p>Name: Ewige Aurora<br \/>\nMaterial: 925 Silber<br \/>\nStein-Typ: Synthetischer Kristall 0,6ct jeder<br \/>\nGesamtgewicht: 7 g<br \/>\nStartjahr\/Saison: Fr\u00fchjahr 2024<br \/>\nProdukt-Code: 24R01<\/p>","protected":false},"featured_media":1438,"comment_status":"open","ping_status":"closed","template":"","meta":{"_acf_changed":false},"product_brand":[],"product_cat":[30],"product_tag":[],"class_list":{"0":"post-1437","1":"product","2":"type-product","3":"status-publish","4":"has-post-thumbnail","6":"product_cat-rings","8":"first","9":"instock","10":"shipping-taxable","11":"purchasable","12":"product-type-simple","13":"wpzoom-wc-spi-has-enabled"},"acf":[],"_links":{"self":[{"href":"https:\/\/mythkeyjewelry.com\/de\/wp-json\/wp\/v2\/product\/1437","targetHints":{"allow":["GET"]}}],"collection":[{"href":"https:\/\/mythkeyjewelry.com\/de\/wp-json\/wp\/v2\/product"}],"about":[{"href":"https:\/\/mythkeyjewelry.com\/de\/wp-json\/wp\/v2\/types\/product"}],"replies":[{"embeddable":true,"href":"https:\/\/mythkeyjewelry.com\/de\/wp-json\/wp\/v2\/comments?post=1437"}],"version-history":[{"count":2,"href":"https:\/\/mythkeyjewelry.com\/de\/wp-json\/wp\/v2\/product\/1437\/revisions"}],"predecessor-version":[{"id":1533,"href":"https:\/\/mythkeyjewelry.com\/de\/wp-json\/wp\/v2\/product\/1437\/revisions\/1533"}],"wp:featuredmedia":[{"embeddable":true,"href":"https:\/\/mythkeyjewelry.com\/de\/wp-json\/wp\/v2\/media\/1438"}],"wp:attachment":[{"href":"https:\/\/mythkeyjewelry.com\/de\/wp-json\/wp\/v2\/media?parent=1437"}],"wp:term":[{"taxonomy":"product_brand","embeddable":true,"href":"https:\/\/mythkeyjewelry.com\/de\/wp-json\/wp\/v2\/product_brand?post=1437"},{"taxonomy":"product_cat","embeddable":true,"href":"https:\/\/mythkeyjewelry.com\/de\/wp-json\/wp\/v2\/product_cat?post=1437"},{"taxonomy":"product_tag","embeddable":true,"href":"https:\/\/mythkeyjewelry.com\/de\/wp-json\/wp\/v2\/product_tag?post=1437"}],"curies":[{"name":"wp","href":"https:\/\/api.w.org\/{rel}","templated":true}]}}