{"id":1449,"date":"2025-10-30T21:10:25","date_gmt":"2025-10-30T21:10:25","guid":{"rendered":"https:\/\/mythkeyjewelry.com\/?post_type=product&#038;p=1449"},"modified":"2025-11-01T00:23:16","modified_gmt":"2025-11-01T00:23:16","slug":"mythkey-marquise-multi-row-crystal-ring","status":"publish","type":"product","link":"https:\/\/mythkeyjewelry.com\/de\/produkt\/mythkey-marquise-multi-row-crystal-ring\/","title":{"rendered":"MYTHKEY Marquise mehrreihiger Kristallring"},"content":{"rendered":"<p>Der MYTHKEY Silver Leaf Symphony Ring f\u00e4ngt die poetische Bewegung des kaskadierenden Lichts ein. Reihen von Kristallen im Marquiseschliff wickeln sich anmutig um den Finger und bilden eine flie\u00dfende Silhouette, die von geschichteten Bl\u00e4ttern und weichen, gefl\u00fcgelten Strukturen inspiriert ist. Von Hand gefasst, um dauerhafte Brillanz zu gew\u00e4hrleisten, reflektiert jeder Stein den Glanz aus jedem Winkel - was dieses Design m\u00fchelos zum Strahlen bringt, sowohl im Alltag als auch am Abend. Tragen Sie ihn als eine Feier der Bewegung, der Anmut und der Kunst des stillen Luxus.<\/p>","protected":false},"excerpt":{"rendered":"<p>Name: Silver Leaf Symphony<br \/>\nMaterial: 925 Silber<br \/>\nHauptstein: Synthetischer Kristall<br \/>\nGesamtgewicht: 4,3 g<br \/>\nStartjahr\/Saison: Fr\u00fchjahr 2025<br \/>\nProdukt-Code: 25SR7<\/p>","protected":false},"featured_media":1456,"comment_status":"open","ping_status":"closed","template":"","meta":{"_acf_changed":false},"product_brand":[],"product_cat":[30],"product_tag":[],"class_list":{"0":"post-1449","1":"product","2":"type-product","3":"status-publish","4":"has-post-thumbnail","6":"product_cat-rings","8":"first","9":"instock","10":"shipping-taxable","11":"purchasable","12":"product-type-simple","13":"wpzoom-wc-spi-has-enabled"},"acf":[],"_links":{"self":[{"href":"https:\/\/mythkeyjewelry.com\/de\/wp-json\/wp\/v2\/product\/1449","targetHints":{"allow":["GET"]}}],"collection":[{"href":"https:\/\/mythkeyjewelry.com\/de\/wp-json\/wp\/v2\/product"}],"about":[{"href":"https:\/\/mythkeyjewelry.com\/de\/wp-json\/wp\/v2\/types\/product"}],"replies":[{"embeddable":true,"href":"https:\/\/mythkeyjewelry.com\/de\/wp-json\/wp\/v2\/comments?post=1449"}],"version-history":[{"count":1,"href":"https:\/\/mythkeyjewelry.com\/de\/wp-json\/wp\/v2\/product\/1449\/revisions"}],"predecessor-version":[{"id":1454,"href":"https:\/\/mythkeyjewelry.com\/de\/wp-json\/wp\/v2\/product\/1449\/revisions\/1454"}],"wp:featuredmedia":[{"embeddable":true,"href":"https:\/\/mythkeyjewelry.com\/de\/wp-json\/wp\/v2\/media\/1456"}],"wp:attachment":[{"href":"https:\/\/mythkeyjewelry.com\/de\/wp-json\/wp\/v2\/media?parent=1449"}],"wp:term":[{"taxonomy":"product_brand","embeddable":true,"href":"https:\/\/mythkeyjewelry.com\/de\/wp-json\/wp\/v2\/product_brand?post=1449"},{"taxonomy":"product_cat","embeddable":true,"href":"https:\/\/mythkeyjewelry.com\/de\/wp-json\/wp\/v2\/product_cat?post=1449"},{"taxonomy":"product_tag","embeddable":true,"href":"https:\/\/mythkeyjewelry.com\/de\/wp-json\/wp\/v2\/product_tag?post=1449"}],"curies":[{"name":"wp","href":"https:\/\/api.w.org\/{rel}","templated":true}]}}