{"id":1474,"date":"2025-10-31T02:37:10","date_gmt":"2025-10-31T02:37:10","guid":{"rendered":"https:\/\/mythkeyjewelry.com\/?post_type=product&#038;p=1474"},"modified":"2025-11-01T00:22:45","modified_gmt":"2025-11-01T00:22:45","slug":"mythkey-2-5-carat-white-cabochon-crystal-halo-ring","status":"publish","type":"product","link":"https:\/\/mythkeyjewelry.com\/de\/produkt\/mythkey-2-5-carat-white-cabochon-crystal-halo-ring\/","title":{"rendered":"MYTHKEY 2,5 Karat Wei\u00dfer Cabochon Kristall Halo Ring"},"content":{"rendered":"<p>Der MYTHKEY Eternal White Ring verk\u00f6rpert Reinheit und ruhige Ausstrahlung: Ein leuchtend wei\u00dfer Cabochon-Kristall steht in der Mitte, umgeben von einem Kranz aus pr\u00e4zisionsgeschliffenen Steinen, die wie Frost schimmern. In poliertem Silber gefasst, verbindet dieses Design sanfte Eleganz mit himmlischem Glanz - und schafft so einen ruhigen Glanz, der sowohl die Anmut des Alltags als auch die Raffinesse des Abends erg\u00e4nzt. Tragen Sie ihn wie einen Hauch von Mondlicht - ruhig, leuchtend und ewig.<\/p>","protected":false},"excerpt":{"rendered":"<p>Name: Ewiges Wei\u00df<br \/>\nMaterial: 925 Silber<br \/>\nStein-Typ: 2,5 Karat Synthetischer Kristall<br \/>\nSteingr\u00f6\u00dfe: 8*10 mm<br \/>\nGesamtgewicht: 5,3 g<br \/>\nStartjahr\/Saison: Fr\u00fchjahr 2025<br \/>\nProdukt-Code: 25R02<\/p>","protected":false},"featured_media":1479,"comment_status":"open","ping_status":"closed","template":"","meta":{"_acf_changed":false},"product_brand":[],"product_cat":[30],"product_tag":[],"class_list":{"0":"post-1474","1":"product","2":"type-product","3":"status-publish","4":"has-post-thumbnail","6":"product_cat-rings","8":"first","9":"instock","10":"shipping-taxable","11":"purchasable","12":"product-type-simple","13":"wpzoom-wc-spi-has-enabled"},"acf":[],"_links":{"self":[{"href":"https:\/\/mythkeyjewelry.com\/de\/wp-json\/wp\/v2\/product\/1474","targetHints":{"allow":["GET"]}}],"collection":[{"href":"https:\/\/mythkeyjewelry.com\/de\/wp-json\/wp\/v2\/product"}],"about":[{"href":"https:\/\/mythkeyjewelry.com\/de\/wp-json\/wp\/v2\/types\/product"}],"replies":[{"embeddable":true,"href":"https:\/\/mythkeyjewelry.com\/de\/wp-json\/wp\/v2\/comments?post=1474"}],"version-history":[{"count":1,"href":"https:\/\/mythkeyjewelry.com\/de\/wp-json\/wp\/v2\/product\/1474\/revisions"}],"predecessor-version":[{"id":1480,"href":"https:\/\/mythkeyjewelry.com\/de\/wp-json\/wp\/v2\/product\/1474\/revisions\/1480"}],"wp:featuredmedia":[{"embeddable":true,"href":"https:\/\/mythkeyjewelry.com\/de\/wp-json\/wp\/v2\/media\/1479"}],"wp:attachment":[{"href":"https:\/\/mythkeyjewelry.com\/de\/wp-json\/wp\/v2\/media?parent=1474"}],"wp:term":[{"taxonomy":"product_brand","embeddable":true,"href":"https:\/\/mythkeyjewelry.com\/de\/wp-json\/wp\/v2\/product_brand?post=1474"},{"taxonomy":"product_cat","embeddable":true,"href":"https:\/\/mythkeyjewelry.com\/de\/wp-json\/wp\/v2\/product_cat?post=1474"},{"taxonomy":"product_tag","embeddable":true,"href":"https:\/\/mythkeyjewelry.com\/de\/wp-json\/wp\/v2\/product_tag?post=1474"}],"curies":[{"name":"wp","href":"https:\/\/api.w.org\/{rel}","templated":true}]}}