{"id":1481,"date":"2025-10-31T03:14:42","date_gmt":"2025-10-31T03:14:42","guid":{"rendered":"https:\/\/mythkeyjewelry.com\/?post_type=product&#038;p=1481"},"modified":"2025-11-25T05:52:58","modified_gmt":"2025-11-25T05:52:58","slug":"mythkey-4-8-carat-green-round-crystal-lotus-halo-ring","status":"publish","type":"product","link":"https:\/\/mythkeyjewelry.com\/de\/produkt\/mythkey-4-8-carat-green-round-crystal-lotus-halo-ring\/","title":{"rendered":"MYTHKEY 4,8 Karat Gr\u00fcner Runder Kristall Lotus Halo Ring"},"content":{"rendered":"<p>Der MYTHKEY Verdant Radiance Ring zelebriert den lebendigen Glanz der Natur in voller Bl\u00fcte. Sein Herzst\u00fcck ist ein leuchtend gr\u00fcner Kristall, der wie das Sonnenlicht durch frisches Fr\u00fchlingslaub leuchtet. Umgeben von einem Heiligenschein aus pr\u00e4zisionsgeschliffenen Steinen bildet er eine leuchtende Blumensilhouette, die bei jeder Bewegung flackert. Tragen Sie ihn als einen Hauch von lebendigem Licht, wo Eleganz auf den Puls der Natur trifft.<\/p>","protected":false},"excerpt":{"rendered":"<p>Name: Gr\u00fcner Glanz<br \/>\nMaterial: 925 Silber<br \/>\nHauptstein: 4,8 Karat synthetischer Kristall<br \/>\nSteingr\u00f6\u00dfe: 10*12 mm<br \/>\nGesamtgewicht: 8,5 g<br \/>\nStartjahr\/Saison: Herbst 2025<br \/>\nProdukt-Code: 25AR04<\/p>","protected":false},"featured_media":1498,"comment_status":"open","ping_status":"closed","template":"","meta":{"_acf_changed":false},"product_brand":[],"product_cat":[30],"product_tag":[],"class_list":{"0":"post-1481","1":"product","2":"type-product","3":"status-publish","4":"has-post-thumbnail","6":"product_cat-rings","8":"first","9":"instock","10":"shipping-taxable","11":"purchasable","12":"product-type-simple","13":"wpzoom-wc-spi-has-enabled"},"acf":[],"_links":{"self":[{"href":"https:\/\/mythkeyjewelry.com\/de\/wp-json\/wp\/v2\/product\/1481","targetHints":{"allow":["GET"]}}],"collection":[{"href":"https:\/\/mythkeyjewelry.com\/de\/wp-json\/wp\/v2\/product"}],"about":[{"href":"https:\/\/mythkeyjewelry.com\/de\/wp-json\/wp\/v2\/types\/product"}],"replies":[{"embeddable":true,"href":"https:\/\/mythkeyjewelry.com\/de\/wp-json\/wp\/v2\/comments?post=1481"}],"version-history":[{"count":2,"href":"https:\/\/mythkeyjewelry.com\/de\/wp-json\/wp\/v2\/product\/1481\/revisions"}],"predecessor-version":[{"id":1641,"href":"https:\/\/mythkeyjewelry.com\/de\/wp-json\/wp\/v2\/product\/1481\/revisions\/1641"}],"wp:featuredmedia":[{"embeddable":true,"href":"https:\/\/mythkeyjewelry.com\/de\/wp-json\/wp\/v2\/media\/1498"}],"wp:attachment":[{"href":"https:\/\/mythkeyjewelry.com\/de\/wp-json\/wp\/v2\/media?parent=1481"}],"wp:term":[{"taxonomy":"product_brand","embeddable":true,"href":"https:\/\/mythkeyjewelry.com\/de\/wp-json\/wp\/v2\/product_brand?post=1481"},{"taxonomy":"product_cat","embeddable":true,"href":"https:\/\/mythkeyjewelry.com\/de\/wp-json\/wp\/v2\/product_cat?post=1481"},{"taxonomy":"product_tag","embeddable":true,"href":"https:\/\/mythkeyjewelry.com\/de\/wp-json\/wp\/v2\/product_tag?post=1481"}],"curies":[{"name":"wp","href":"https:\/\/api.w.org\/{rel}","templated":true}]}}