{"id":1488,"date":"2025-10-31T03:44:12","date_gmt":"2025-10-31T03:44:12","guid":{"rendered":"https:\/\/mythkeyjewelry.com\/?post_type=product&#038;p=1488"},"modified":"2025-11-24T05:41:08","modified_gmt":"2025-11-24T05:41:08","slug":"mythkey-4-8-carat-oval-teal-crystal-halo-ring","status":"publish","type":"product","link":"https:\/\/mythkeyjewelry.com\/de\/produkt\/mythkey-4-8-carat-oval-teal-crystal-halo-ring\/","title":{"rendered":"MYTHKEY 4,8 Karat Oval Teal Kristall Halo Ring"},"content":{"rendered":"<p>Der MYTHKEY Aqua Grace Ring verk\u00f6rpert heitere Ausstrahlung mit einem modernen, klassischen Touch. In seinem Zentrum leuchtet ein lebendiger, ovaler Kristall in Teal, der an stilles Wasser erinnert, das vom Morgenlicht gek\u00fcsst wird. Umgeben von einem Kranz aus pr\u00e4zisionsgeschliffenen Steinen gl\u00e4nzt er aus jedem Blickwinkel und bietet zeitloses Funkeln und raffinierte Raffinesse. Dieses aus Sterlingsilber gefertigte Schmuckst\u00fcck verleiht sowohl allt\u00e4glichen Momenten als auch formellen Abenden einen Hauch von Eleganz - anmutig, frisch und immer leuchtend.<\/p>","protected":false},"excerpt":{"rendered":"<p>Name: Aqua Grace<br \/>\nMaterial: 925 Silber<br \/>\nHauptstein: 4,8 Karat synthetischer Kristall<br \/>\nSteingr\u00f6\u00dfe: 10*12 mm<br \/>\nGesamtgewicht: 8,3 g<br \/>\nStartjahr\/Saison: Herbst 2025<br \/>\nProdukt-Code: 25AR03<\/p>","protected":false},"featured_media":1491,"comment_status":"open","ping_status":"closed","template":"","meta":{"_acf_changed":false},"product_brand":[],"product_cat":[30],"product_tag":[],"class_list":{"0":"post-1488","1":"product","2":"type-product","3":"status-publish","4":"has-post-thumbnail","6":"product_cat-rings","8":"first","9":"instock","10":"shipping-taxable","11":"purchasable","12":"product-type-simple","13":"wpzoom-wc-spi-has-enabled"},"acf":[],"_links":{"self":[{"href":"https:\/\/mythkeyjewelry.com\/de\/wp-json\/wp\/v2\/product\/1488","targetHints":{"allow":["GET"]}}],"collection":[{"href":"https:\/\/mythkeyjewelry.com\/de\/wp-json\/wp\/v2\/product"}],"about":[{"href":"https:\/\/mythkeyjewelry.com\/de\/wp-json\/wp\/v2\/types\/product"}],"replies":[{"embeddable":true,"href":"https:\/\/mythkeyjewelry.com\/de\/wp-json\/wp\/v2\/comments?post=1488"}],"version-history":[{"count":1,"href":"https:\/\/mythkeyjewelry.com\/de\/wp-json\/wp\/v2\/product\/1488\/revisions"}],"predecessor-version":[{"id":1494,"href":"https:\/\/mythkeyjewelry.com\/de\/wp-json\/wp\/v2\/product\/1488\/revisions\/1494"}],"wp:featuredmedia":[{"embeddable":true,"href":"https:\/\/mythkeyjewelry.com\/de\/wp-json\/wp\/v2\/media\/1491"}],"wp:attachment":[{"href":"https:\/\/mythkeyjewelry.com\/de\/wp-json\/wp\/v2\/media?parent=1488"}],"wp:term":[{"taxonomy":"product_brand","embeddable":true,"href":"https:\/\/mythkeyjewelry.com\/de\/wp-json\/wp\/v2\/product_brand?post=1488"},{"taxonomy":"product_cat","embeddable":true,"href":"https:\/\/mythkeyjewelry.com\/de\/wp-json\/wp\/v2\/product_cat?post=1488"},{"taxonomy":"product_tag","embeddable":true,"href":"https:\/\/mythkeyjewelry.com\/de\/wp-json\/wp\/v2\/product_tag?post=1488"}],"curies":[{"name":"wp","href":"https:\/\/api.w.org\/{rel}","templated":true}]}}