{"id":531,"date":"2025-10-16T01:33:05","date_gmt":"2025-10-16T01:33:05","guid":{"rendered":"https:\/\/mythkeyjewelry.com\/?post_type=product&#038;p=531"},"modified":"2025-10-27T22:42:18","modified_gmt":"2025-10-27T22:42:18","slug":"mythkey-5-caratgreen-chalcedony-cabochon-diamond-halo-pendant-necklace","status":"publish","type":"product","link":"https:\/\/mythkeyjewelry.com\/de\/produkt\/mythkey-5-caratgreen-chalcedony-cabochon-diamond-halo-pendant-necklace\/","title":{"rendered":"MYTHKEY 5 Karat Gr\u00fcner Chalcedon Cabochon Diamant Halo Anh\u00e4nger Halskette"},"content":{"rendered":"<p>Der MYTHKEY Eternal Green strahlt zeitlose Eleganz aus und f\u00e4ngt die Harmonie von Natur und Licht ein. Ein leuchtend gr\u00fcner 5-kar\u00e4tiger Chalcedon-Cabochon ruht unter einem gl\u00e4nzenden synthetischen Kristall, beide umrahmt von einem schimmernden Halo aus feinen Pav\u00e9-Steinen. Diese Kombination sorgt f\u00fcr Ausgewogenheit - der gr\u00fcne Chalzedon strahlt Ruhe aus, w\u00e4hrend der Diamant dar\u00fcber gl\u00e4nzt.<\/p>","protected":false},"excerpt":{"rendered":"<p>Name: Ewiges Gr\u00fcn<br \/>\nMaterial: 925 Silber<br \/>\nHauptstein: 5 Karat Gr\u00fcner Chalcedon, Synthetischer Kristall<br \/>\nSteingr\u00f6\u00dfe: 12 mm Gr\u00fcner Chalcedon<br \/>\nKettenl\u00e4nge: 40 cm - 45 cm<br \/>\nGesamtgewicht: 7,8 g<br \/>\nStartjahr\/Saison: Fr\u00fchjahr 2025<br \/>\nProdukt-Code: 25SN01<\/p>","protected":false},"featured_media":532,"comment_status":"open","ping_status":"closed","template":"","meta":{"_acf_changed":false},"product_brand":[],"product_cat":[31],"product_tag":[],"class_list":{"0":"post-531","1":"product","2":"type-product","3":"status-publish","4":"has-post-thumbnail","6":"product_cat-necklaces","8":"first","9":"instock","10":"shipping-taxable","11":"purchasable","12":"product-type-simple","13":"wpzoom-wc-spi-has-enabled"},"acf":[],"_links":{"self":[{"href":"https:\/\/mythkeyjewelry.com\/de\/wp-json\/wp\/v2\/product\/531","targetHints":{"allow":["GET"]}}],"collection":[{"href":"https:\/\/mythkeyjewelry.com\/de\/wp-json\/wp\/v2\/product"}],"about":[{"href":"https:\/\/mythkeyjewelry.com\/de\/wp-json\/wp\/v2\/types\/product"}],"replies":[{"embeddable":true,"href":"https:\/\/mythkeyjewelry.com\/de\/wp-json\/wp\/v2\/comments?post=531"}],"version-history":[{"count":14,"href":"https:\/\/mythkeyjewelry.com\/de\/wp-json\/wp\/v2\/product\/531\/revisions"}],"predecessor-version":[{"id":1353,"href":"https:\/\/mythkeyjewelry.com\/de\/wp-json\/wp\/v2\/product\/531\/revisions\/1353"}],"wp:featuredmedia":[{"embeddable":true,"href":"https:\/\/mythkeyjewelry.com\/de\/wp-json\/wp\/v2\/media\/532"}],"wp:attachment":[{"href":"https:\/\/mythkeyjewelry.com\/de\/wp-json\/wp\/v2\/media?parent=531"}],"wp:term":[{"taxonomy":"product_brand","embeddable":true,"href":"https:\/\/mythkeyjewelry.com\/de\/wp-json\/wp\/v2\/product_brand?post=531"},{"taxonomy":"product_cat","embeddable":true,"href":"https:\/\/mythkeyjewelry.com\/de\/wp-json\/wp\/v2\/product_cat?post=531"},{"taxonomy":"product_tag","embeddable":true,"href":"https:\/\/mythkeyjewelry.com\/de\/wp-json\/wp\/v2\/product_tag?post=531"}],"curies":[{"name":"wp","href":"https:\/\/api.w.org\/{rel}","templated":true}]}}