{"id":693,"date":"2025-10-17T03:39:48","date_gmt":"2025-10-17T03:39:48","guid":{"rendered":"https:\/\/mythkeyjewelry.com\/?post_type=product&#038;p=693"},"modified":"2025-10-19T22:08:59","modified_gmt":"2025-10-19T22:08:59","slug":"mythkey-grace-ruby-halo-diamond-pendant-necklace","status":"publish","type":"product","link":"https:\/\/mythkeyjewelry.com\/de\/produkt\/mythkey-grace-ruby-halo-diamond-pendant-necklace\/","title":{"rendered":"MYTHKEY Grace Rubin Halo Diamant-Anh\u00e4nger Halskette"},"content":{"rendered":"<p>Die MYTHKEY Flamme der Ewigkeit strahlt die ewige W\u00e4rme der Liebe und St\u00e4rke aus. Sein Herzst\u00fcck ist ein 2-kar\u00e4tiger, rubinroter, synthetischer Kristall, der von einem zarten Heiligenschein aus funkelnden Diamanten umgeben ist - ein Symbol f\u00fcr Eleganz und ewige Leidenschaft. Mit seiner klassischen ovalen Silhouette verspr\u00fcht dieser Anh\u00e4nger einen raffinierten Charme, der sowohl im Alltag als auch bei besonderen Anl\u00e4ssen getragen werden kann. Ob zu einer schlichten Bluse oder einem Abendkleid, er verleiht jedem Moment Selbstvertrauen und einen strahlenden Glanz.<\/p>","protected":false},"excerpt":{"rendered":"<p>Name: Flamme der Ewigkeit<br \/>\nMaterial: 925 Silber<br \/>\nHauptstein: 2 Karat Synthetischer Kristall<br \/>\nSteingr\u00f6\u00dfe: 6*8 mm<br \/>\nKettenl\u00e4nge: 40 cm - 45 cm<br \/>\nGesamtgewicht: 3,0 g<br \/>\nStartjahr\/Saison: Winter 2024<br \/>\nProdukt-Code: 24WN02<\/p>","protected":false},"featured_media":694,"comment_status":"open","ping_status":"closed","template":"","meta":{"_acf_changed":false},"product_brand":[],"product_cat":[31],"product_tag":[],"class_list":{"0":"post-693","1":"product","2":"type-product","3":"status-publish","4":"has-post-thumbnail","6":"product_cat-necklaces","8":"first","9":"instock","10":"shipping-taxable","11":"purchasable","12":"product-type-simple","13":"wpzoom-wc-spi-has-enabled"},"acf":[],"_links":{"self":[{"href":"https:\/\/mythkeyjewelry.com\/de\/wp-json\/wp\/v2\/product\/693","targetHints":{"allow":["GET"]}}],"collection":[{"href":"https:\/\/mythkeyjewelry.com\/de\/wp-json\/wp\/v2\/product"}],"about":[{"href":"https:\/\/mythkeyjewelry.com\/de\/wp-json\/wp\/v2\/types\/product"}],"replies":[{"embeddable":true,"href":"https:\/\/mythkeyjewelry.com\/de\/wp-json\/wp\/v2\/comments?post=693"}],"version-history":[{"count":3,"href":"https:\/\/mythkeyjewelry.com\/de\/wp-json\/wp\/v2\/product\/693\/revisions"}],"predecessor-version":[{"id":768,"href":"https:\/\/mythkeyjewelry.com\/de\/wp-json\/wp\/v2\/product\/693\/revisions\/768"}],"wp:featuredmedia":[{"embeddable":true,"href":"https:\/\/mythkeyjewelry.com\/de\/wp-json\/wp\/v2\/media\/694"}],"wp:attachment":[{"href":"https:\/\/mythkeyjewelry.com\/de\/wp-json\/wp\/v2\/media?parent=693"}],"wp:term":[{"taxonomy":"product_brand","embeddable":true,"href":"https:\/\/mythkeyjewelry.com\/de\/wp-json\/wp\/v2\/product_brand?post=693"},{"taxonomy":"product_cat","embeddable":true,"href":"https:\/\/mythkeyjewelry.com\/de\/wp-json\/wp\/v2\/product_cat?post=693"},{"taxonomy":"product_tag","embeddable":true,"href":"https:\/\/mythkeyjewelry.com\/de\/wp-json\/wp\/v2\/product_tag?post=693"}],"curies":[{"name":"wp","href":"https:\/\/api.w.org\/{rel}","templated":true}]}}