{"id":769,"date":"2025-10-19T22:09:41","date_gmt":"2025-10-19T22:09:41","guid":{"rendered":"https:\/\/mythkeyjewelry.com\/?post_type=product&#038;p=769"},"modified":"2025-10-19T22:15:41","modified_gmt":"2025-10-19T22:15:41","slug":"mythkey","status":"publish","type":"product","link":"https:\/\/mythkeyjewelry.com\/de\/produkt\/mythkey\/","title":{"rendered":"MYTHKEY Ovale Diamant-Halskette mit blauem Saphir"},"content":{"rendered":"<p style=\"text-align: left;\">Die MYTHKEY Crown of Sapphire strahlt zeitlose Eleganz aus. Ein faszinierender 2-kar\u00e4tiger, tiefblauer Kristall ist in der Mitte gefasst und von einem brillanten Diamantenkranz umgeben. Der satte Farbton des Saphirs kontrastiert wundersch\u00f6n mit dem Glitzern der Umgebung und verleiht ihm ein elegantes Aussehen. Durch die Verbindung von klassischer Handwerkskunst und moderner Anmut l\u00e4sst sich dieses Schmuckst\u00fcck m\u00fchelos vom Tag in den Abend verwandeln und eignet sich daher sowohl f\u00fcr den Alltag als auch f\u00fcr besondere Anl\u00e4sse.<\/p>","protected":false},"excerpt":{"rendered":"<p>Name: Saphir-Krone<br \/>\nMaterial: 925 Silber<br \/>\nHauptstein: 2 Karat Synthetischer Kristall<br \/>\nSteingr\u00f6\u00dfe: 7*9mm<br \/>\nKettenl\u00e4nge: 40 cm - 50 cm<br \/>\nGesamtgewicht: 3,6 g<br \/>\nStartjahr\/Saison:Herbst 2025<br \/>\nProdukt-Code: 25AN02<\/p>","protected":false},"featured_media":772,"comment_status":"open","ping_status":"closed","template":"","meta":{"_acf_changed":false},"product_brand":[],"product_cat":[31],"product_tag":[],"class_list":{"0":"post-769","1":"product","2":"type-product","3":"status-publish","4":"has-post-thumbnail","6":"product_cat-necklaces","8":"first","9":"instock","10":"shipping-taxable","11":"purchasable","12":"product-type-simple","13":"wpzoom-wc-spi-has-enabled"},"acf":[],"_links":{"self":[{"href":"https:\/\/mythkeyjewelry.com\/de\/wp-json\/wp\/v2\/product\/769","targetHints":{"allow":["GET"]}}],"collection":[{"href":"https:\/\/mythkeyjewelry.com\/de\/wp-json\/wp\/v2\/product"}],"about":[{"href":"https:\/\/mythkeyjewelry.com\/de\/wp-json\/wp\/v2\/types\/product"}],"replies":[{"embeddable":true,"href":"https:\/\/mythkeyjewelry.com\/de\/wp-json\/wp\/v2\/comments?post=769"}],"version-history":[{"count":3,"href":"https:\/\/mythkeyjewelry.com\/de\/wp-json\/wp\/v2\/product\/769\/revisions"}],"predecessor-version":[{"id":777,"href":"https:\/\/mythkeyjewelry.com\/de\/wp-json\/wp\/v2\/product\/769\/revisions\/777"}],"wp:featuredmedia":[{"embeddable":true,"href":"https:\/\/mythkeyjewelry.com\/de\/wp-json\/wp\/v2\/media\/772"}],"wp:attachment":[{"href":"https:\/\/mythkeyjewelry.com\/de\/wp-json\/wp\/v2\/media?parent=769"}],"wp:term":[{"taxonomy":"product_brand","embeddable":true,"href":"https:\/\/mythkeyjewelry.com\/de\/wp-json\/wp\/v2\/product_brand?post=769"},{"taxonomy":"product_cat","embeddable":true,"href":"https:\/\/mythkeyjewelry.com\/de\/wp-json\/wp\/v2\/product_cat?post=769"},{"taxonomy":"product_tag","embeddable":true,"href":"https:\/\/mythkeyjewelry.com\/de\/wp-json\/wp\/v2\/product_tag?post=769"}],"curies":[{"name":"wp","href":"https:\/\/api.w.org\/{rel}","templated":true}]}}