{"id":914,"date":"2025-10-20T03:35:49","date_gmt":"2025-10-20T03:35:49","guid":{"rendered":"https:\/\/mythkeyjewelry.com\/?post_type=product&#038;p=914"},"modified":"2025-10-20T05:24:09","modified_gmt":"2025-10-20T05:24:09","slug":"mythkey-blue-sapphire-diamond-halo-pendant-necklace","status":"publish","type":"product","link":"https:\/\/mythkeyjewelry.com\/de\/produkt\/mythkey-blue-sapphire-diamond-halo-pendant-necklace\/","title":{"rendered":"MYTHKEY Blauer Saphir Diamant Halo Anh\u00e4nger Halskette"},"content":{"rendered":"<p>Die MYTHKEY Midnight Crown Kollektion verk\u00f6rpert heitere Eleganz und zeitlosen Charme. In ihrem Zentrum liegt ein tiefblauer 2-Karat-Saphir, der von einem strahlenden Heiligenschein aus schimmernden Diamanten umgeben ist - ein Design, das an das Geheimnis und die Erhabenheit einer sternenklaren Nacht erinnert. Dieser Anh\u00e4nger schafft ein perfektes Gleichgewicht zwischen Raffinesse und moderner Anmut. Mit seiner klassischen ovalen Silhouette und den filigranen Diamanten ist er ideal f\u00fcr das t\u00e4gliche Tragen, wertet aber auch Ihr Outfit f\u00fcr abendliche Zusammenk\u00fcnfte oder festliche Anl\u00e4sse nahtlos auf.<\/p>","protected":false},"excerpt":{"rendered":"<p>Name: Mitternachtskrone<br \/>\nMaterial: 925 Silber<br \/>\nHauptstein: 2 Karat Blauer Saphir Diamant<br \/>\nSteingr\u00f6\u00dfe: 6*8 mm<br \/>\nKettenl\u00e4nge: 40 cm - 50 cm<br \/>\nGesamtgewicht: 4,2 g<br \/>\nStartjahr\/Saison: Herbst 2025<br \/>\nProdukt-Code: 25AN01<\/p>","protected":false},"featured_media":915,"comment_status":"open","ping_status":"closed","template":"","meta":{"_acf_changed":false},"product_brand":[],"product_cat":[31],"product_tag":[],"class_list":{"0":"post-914","1":"product","2":"type-product","3":"status-publish","4":"has-post-thumbnail","6":"product_cat-necklaces","8":"first","9":"instock","10":"shipping-taxable","11":"purchasable","12":"product-type-simple","13":"wpzoom-wc-spi-has-enabled"},"acf":[],"_links":{"self":[{"href":"https:\/\/mythkeyjewelry.com\/de\/wp-json\/wp\/v2\/product\/914","targetHints":{"allow":["GET"]}}],"collection":[{"href":"https:\/\/mythkeyjewelry.com\/de\/wp-json\/wp\/v2\/product"}],"about":[{"href":"https:\/\/mythkeyjewelry.com\/de\/wp-json\/wp\/v2\/types\/product"}],"replies":[{"embeddable":true,"href":"https:\/\/mythkeyjewelry.com\/de\/wp-json\/wp\/v2\/comments?post=914"}],"version-history":[{"count":2,"href":"https:\/\/mythkeyjewelry.com\/de\/wp-json\/wp\/v2\/product\/914\/revisions"}],"predecessor-version":[{"id":961,"href":"https:\/\/mythkeyjewelry.com\/de\/wp-json\/wp\/v2\/product\/914\/revisions\/961"}],"wp:featuredmedia":[{"embeddable":true,"href":"https:\/\/mythkeyjewelry.com\/de\/wp-json\/wp\/v2\/media\/915"}],"wp:attachment":[{"href":"https:\/\/mythkeyjewelry.com\/de\/wp-json\/wp\/v2\/media?parent=914"}],"wp:term":[{"taxonomy":"product_brand","embeddable":true,"href":"https:\/\/mythkeyjewelry.com\/de\/wp-json\/wp\/v2\/product_brand?post=914"},{"taxonomy":"product_cat","embeddable":true,"href":"https:\/\/mythkeyjewelry.com\/de\/wp-json\/wp\/v2\/product_cat?post=914"},{"taxonomy":"product_tag","embeddable":true,"href":"https:\/\/mythkeyjewelry.com\/de\/wp-json\/wp\/v2\/product_tag?post=914"}],"curies":[{"name":"wp","href":"https:\/\/api.w.org\/{rel}","templated":true}]}}