{"id":922,"date":"2025-10-20T03:41:07","date_gmt":"2025-10-20T03:41:07","guid":{"rendered":"https:\/\/mythkeyjewelry.com\/?post_type=product&#038;p=922"},"modified":"2025-10-20T23:03:40","modified_gmt":"2025-10-20T23:03:40","slug":"mythkey-pear-shaped-blue-drop-necklace","status":"publish","type":"product","link":"https:\/\/mythkeyjewelry.com\/de\/produkt\/mythkey-pear-shaped-blue-drop-necklace\/","title":{"rendered":"MYTHKEY Blaue Tropfen-Halskette in Birnenform"},"content":{"rendered":"<p>Die MYTHKEY Ocean Tear Halskette f\u00e4ngt die Reinheit und Ruhe des Meeres ein. In der Mitte gl\u00e4nzt ein 2-kar\u00e4tiger birnenf\u00f6rmiger blauer Kristall, der wie ein Tropfen Ozean in der Sonne schimmert, w\u00e4hrend ein runder Brillant dar\u00fcber einen Hauch von zeitloser Eleganz verleiht. Mit seinem raffinierten und anmutigen Design ist dieses Collier perfekt f\u00fcr den Alltag geeignet, aber auch strahlend genug, um festliche Anl\u00e4sse oder romantische Abende mit m\u00fchelosem Charme zu erhellen.<\/p>","protected":false},"excerpt":{"rendered":"<p>Name: Ozeantr\u00e4ne<br \/>\nMaterial: 925 Silber<br \/>\nHauptstein: 2 Karat Synthetischer Kristall<br \/>\nSteingr\u00f6\u00dfe: 7*10mm<br \/>\nKettenl\u00e4nge: 40 cm - 50 cm<br \/>\nGesamtgewicht: 3,4 g<br \/>\nStartjahr\/Saison: Sommer 2025<br \/>\nProdukt-Code: 25SSN01<\/p>","protected":false},"featured_media":923,"comment_status":"open","ping_status":"closed","template":"","meta":{"_acf_changed":false},"product_brand":[],"product_cat":[31],"product_tag":[],"class_list":{"0":"post-922","1":"product","2":"type-product","3":"status-publish","4":"has-post-thumbnail","6":"product_cat-necklaces","8":"first","9":"instock","10":"shipping-taxable","11":"purchasable","12":"product-type-simple","13":"wpzoom-wc-spi-has-enabled"},"acf":[],"_links":{"self":[{"href":"https:\/\/mythkeyjewelry.com\/de\/wp-json\/wp\/v2\/product\/922","targetHints":{"allow":["GET"]}}],"collection":[{"href":"https:\/\/mythkeyjewelry.com\/de\/wp-json\/wp\/v2\/product"}],"about":[{"href":"https:\/\/mythkeyjewelry.com\/de\/wp-json\/wp\/v2\/types\/product"}],"replies":[{"embeddable":true,"href":"https:\/\/mythkeyjewelry.com\/de\/wp-json\/wp\/v2\/comments?post=922"}],"version-history":[{"count":1,"href":"https:\/\/mythkeyjewelry.com\/de\/wp-json\/wp\/v2\/product\/922\/revisions"}],"predecessor-version":[{"id":929,"href":"https:\/\/mythkeyjewelry.com\/de\/wp-json\/wp\/v2\/product\/922\/revisions\/929"}],"wp:featuredmedia":[{"embeddable":true,"href":"https:\/\/mythkeyjewelry.com\/de\/wp-json\/wp\/v2\/media\/923"}],"wp:attachment":[{"href":"https:\/\/mythkeyjewelry.com\/de\/wp-json\/wp\/v2\/media?parent=922"}],"wp:term":[{"taxonomy":"product_brand","embeddable":true,"href":"https:\/\/mythkeyjewelry.com\/de\/wp-json\/wp\/v2\/product_brand?post=922"},{"taxonomy":"product_cat","embeddable":true,"href":"https:\/\/mythkeyjewelry.com\/de\/wp-json\/wp\/v2\/product_cat?post=922"},{"taxonomy":"product_tag","embeddable":true,"href":"https:\/\/mythkeyjewelry.com\/de\/wp-json\/wp\/v2\/product_tag?post=922"}],"curies":[{"name":"wp","href":"https:\/\/api.w.org\/{rel}","templated":true}]}}