{"id":987,"date":"2025-10-20T23:13:41","date_gmt":"2025-10-20T23:13:41","guid":{"rendered":"https:\/\/mythkeyjewelry.com\/?post_type=product&#038;p=987"},"modified":"2025-10-24T02:11:10","modified_gmt":"2025-10-24T02:11:10","slug":"mythkey-classic-16-carat-tennis-bracelet","status":"publish","type":"product","link":"https:\/\/mythkeyjewelry.com\/de\/produkt\/mythkey-classic-16-carat-tennis-bracelet\/","title":{"rendered":"MYTHKEY Klassisches 16 Karat Tennisarmband"},"content":{"rendered":"<p>Das MYTHKEY Classic Each 0.4ct Tennis Bracelet besteht aus einer zeitlosen Reihe von Steinen im Rundschliff, jeder etwa 0,4ct, die sorgf\u00e4ltig gefasst sind, um ein kontinuierliches Funkeln von Eleganz und dezentem Luxus zu erzeugen. Der synthetische Pr\u00e4zisionskristall bietet eine Brillanz und Haltbarkeit, die mit der von nat\u00fcrlichen Edelsteinen vergleichbar ist, mit \u00fcberlegener Klarheit, stabiler Farbe und umweltfreundlicher Nachhaltigkeit - und macht die Sch\u00f6nheit von High-End-Schmuck zum Greifen nah.<\/p>","protected":false},"excerpt":{"rendered":"<p>Name: Ewige Umlaufbahn<br \/>\nMaterial: 925 Silber<br \/>\nStein-Typ: Synthetischer Kristall 0,4ct jeder<br \/>\nSteingr\u00f6\u00dfe: 4mm<br \/>\nGesamtgewicht: 16 g<br \/>\nStartjahr\/Saison:Fr\u00fchjahr 2024<br \/>\nProdukt-Code: 24SB01<\/p>","protected":false},"featured_media":988,"comment_status":"open","ping_status":"closed","template":"","meta":{"_acf_changed":false},"product_brand":[],"product_cat":[32],"product_tag":[],"class_list":{"0":"post-987","1":"product","2":"type-product","3":"status-publish","4":"has-post-thumbnail","6":"product_cat-bracelets","8":"first","9":"instock","10":"shipping-taxable","11":"purchasable","12":"product-type-simple","13":"wpzoom-wc-spi-has-enabled"},"acf":[],"_links":{"self":[{"href":"https:\/\/mythkeyjewelry.com\/de\/wp-json\/wp\/v2\/product\/987","targetHints":{"allow":["GET"]}}],"collection":[{"href":"https:\/\/mythkeyjewelry.com\/de\/wp-json\/wp\/v2\/product"}],"about":[{"href":"https:\/\/mythkeyjewelry.com\/de\/wp-json\/wp\/v2\/types\/product"}],"replies":[{"embeddable":true,"href":"https:\/\/mythkeyjewelry.com\/de\/wp-json\/wp\/v2\/comments?post=987"}],"version-history":[{"count":3,"href":"https:\/\/mythkeyjewelry.com\/de\/wp-json\/wp\/v2\/product\/987\/revisions"}],"predecessor-version":[{"id":1223,"href":"https:\/\/mythkeyjewelry.com\/de\/wp-json\/wp\/v2\/product\/987\/revisions\/1223"}],"wp:featuredmedia":[{"embeddable":true,"href":"https:\/\/mythkeyjewelry.com\/de\/wp-json\/wp\/v2\/media\/988"}],"wp:attachment":[{"href":"https:\/\/mythkeyjewelry.com\/de\/wp-json\/wp\/v2\/media?parent=987"}],"wp:term":[{"taxonomy":"product_brand","embeddable":true,"href":"https:\/\/mythkeyjewelry.com\/de\/wp-json\/wp\/v2\/product_brand?post=987"},{"taxonomy":"product_cat","embeddable":true,"href":"https:\/\/mythkeyjewelry.com\/de\/wp-json\/wp\/v2\/product_cat?post=987"},{"taxonomy":"product_tag","embeddable":true,"href":"https:\/\/mythkeyjewelry.com\/de\/wp-json\/wp\/v2\/product_tag?post=987"}],"curies":[{"name":"wp","href":"https:\/\/api.w.org\/{rel}","templated":true}]}}