{"id":997,"date":"2025-10-20T23:22:31","date_gmt":"2025-10-20T23:22:31","guid":{"rendered":"https:\/\/mythkeyjewelry.com\/?post_type=product&#038;p=997"},"modified":"2025-10-24T02:11:53","modified_gmt":"2025-10-24T02:11:53","slug":"mythkey-oval-ruby-halo-bracelet","status":"publish","type":"product","link":"https:\/\/mythkeyjewelry.com\/de\/produkt\/mythkey-oval-ruby-halo-bracelet\/","title":{"rendered":"MYTHKEY Ovales Rubin-Halo-Armband"},"content":{"rendered":"<p>Das MYTHKEY Oval Ruby Halo Bracelet pr\u00e4sentiert lebendige Rubine im Ovalschliff, die von brillanten Diamanten umgeben sind und ein perfektes Gleichgewicht zwischen Leidenschaft und Eleganz schaffen. Das pr\u00e4zisionsgeschliffene synthetische Kristall bietet eine Brillanz und Haltbarkeit, die mit der von nat\u00fcrlichen Edelsteinen vergleichbar ist, mit au\u00dfergew\u00f6hnlicher Klarheit, stabiler Farbe und umweltfreundlicher Nachhaltigkeit - und macht Luxus und Raffinesse zum Greifen nah.<\/p>","protected":false},"excerpt":{"rendered":"<p>Name: Flamme der Ewigkeit<br \/>\nMaterial: 925 Silber<br \/>\nStein-Typ: Synthetischer Kristall<br \/>\nSteingr\u00f6\u00dfe: 3*4mm<br \/>\nGesamtgewicht: 7 g<br \/>\nStartjahr\/Saison:Winter 2024<br \/>\nProdukt-Code: 24WB02<\/p>","protected":false},"featured_media":1026,"comment_status":"open","ping_status":"closed","template":"","meta":{"_acf_changed":false},"product_brand":[],"product_cat":[32],"product_tag":[],"class_list":{"0":"post-997","1":"product","2":"type-product","3":"status-publish","4":"has-post-thumbnail","6":"product_cat-bracelets","8":"first","9":"instock","10":"shipping-taxable","11":"purchasable","12":"product-type-simple","13":"wpzoom-wc-spi-has-enabled"},"acf":[],"_links":{"self":[{"href":"https:\/\/mythkeyjewelry.com\/de\/wp-json\/wp\/v2\/product\/997","targetHints":{"allow":["GET"]}}],"collection":[{"href":"https:\/\/mythkeyjewelry.com\/de\/wp-json\/wp\/v2\/product"}],"about":[{"href":"https:\/\/mythkeyjewelry.com\/de\/wp-json\/wp\/v2\/types\/product"}],"replies":[{"embeddable":true,"href":"https:\/\/mythkeyjewelry.com\/de\/wp-json\/wp\/v2\/comments?post=997"}],"version-history":[{"count":2,"href":"https:\/\/mythkeyjewelry.com\/de\/wp-json\/wp\/v2\/product\/997\/revisions"}],"predecessor-version":[{"id":1225,"href":"https:\/\/mythkeyjewelry.com\/de\/wp-json\/wp\/v2\/product\/997\/revisions\/1225"}],"wp:featuredmedia":[{"embeddable":true,"href":"https:\/\/mythkeyjewelry.com\/de\/wp-json\/wp\/v2\/media\/1026"}],"wp:attachment":[{"href":"https:\/\/mythkeyjewelry.com\/de\/wp-json\/wp\/v2\/media?parent=997"}],"wp:term":[{"taxonomy":"product_brand","embeddable":true,"href":"https:\/\/mythkeyjewelry.com\/de\/wp-json\/wp\/v2\/product_brand?post=997"},{"taxonomy":"product_cat","embeddable":true,"href":"https:\/\/mythkeyjewelry.com\/de\/wp-json\/wp\/v2\/product_cat?post=997"},{"taxonomy":"product_tag","embeddable":true,"href":"https:\/\/mythkeyjewelry.com\/de\/wp-json\/wp\/v2\/product_tag?post=997"}],"curies":[{"name":"wp","href":"https:\/\/api.w.org\/{rel}","templated":true}]}}