{"id":3,"date":"2025-05-19T03:13:59","date_gmt":"2025-05-19T03:13:59","guid":{"rendered":"https:\/\/mythkeyjewelry.com\/?page_id=3"},"modified":"2025-10-20T01:31:25","modified_gmt":"2025-10-20T01:31:25","slug":"privacy-policy","status":"publish","type":"page","link":"https:\/\/mythkeyjewelry.com\/es_es\/privacy-policy\/","title":{"rendered":"Pol\u00edtica de privacidad"},"content":{"rendered":"<div data-elementor-type=\"wp-page\" data-elementor-id=\"3\" class=\"elementor elementor-3\" data-elementor-post-type=\"page\">\n\t\t\t\t<div class=\"wd-negative-gap elementor-element elementor-element-6030c021 e-flex e-con-boxed e-con e-parent\" data-id=\"6030c021\" data-element_type=\"container\" data-e-type=\"container\" data-settings=\"{&quot;ekit_has_onepagescroll_dot&quot;:&quot;yes&quot;}\">\n\t\t\t\t\t<div class=\"e-con-inner\">\n\t\t\t\t<div class=\"elementor-element elementor-element-4a89092 color-scheme-inherit text-left elementor-widget elementor-widget-text-editor\" data-id=\"4a89092\" data-element_type=\"widget\" data-e-type=\"widget\" data-settings=\"{&quot;ekit_we_effect_on&quot;:&quot;none&quot;}\" data-widget_type=\"text-editor.default\">\n\t\t\t\t<div class=\"elementor-widget-container\">\n\t\t\t\t\t\t\t\t\t<p data-start=\"132\" data-end=\"347\">En <strong data-start=\"135\" data-end=\"146\">MITO<\/strong>valoramos su privacidad y nos comprometemos a proteger su informaci\u00f3n personal. Esta Pol\u00edtica de privacidad explica c\u00f3mo recopilamos, utilizamos y compartimos su informaci\u00f3n cuando visita nuestro sitio web o se pone en contacto con nosotros.<\/p><hr data-start=\"349\" data-end=\"352\" \/><h3 data-start=\"354\" data-end=\"384\"><strong data-start=\"358\" data-end=\"384\">Informaci\u00f3n que recopilamos<\/strong><\/h3><p data-start=\"385\" data-end=\"435\">Podemos recopilar los siguientes tipos de informaci\u00f3n:<\/p><ul data-start=\"436\" data-end=\"666\"><li data-start=\"436\" data-end=\"507\"><p data-start=\"438\" data-end=\"507\">Datos de contacto como su nombre, correo electr\u00f3nico, direcci\u00f3n y n\u00famero de tel\u00e9fono<\/p><\/li><li data-start=\"508\" data-end=\"566\"><p data-start=\"510\" data-end=\"566\">Informaci\u00f3n sobre el pedido y el pago al realizar una compra<\/p><\/li><li data-start=\"567\" data-end=\"607\"><p data-start=\"569\" data-end=\"607\">Mensajes o consultas que nos env\u00ede<\/p><\/li><li data-start=\"608\" data-end=\"666\"><p data-start=\"610\" data-end=\"666\">Datos de uso del sitio web a trav\u00e9s de cookies y herramientas de an\u00e1lisis<\/p><\/li><\/ul><hr data-start=\"668\" data-end=\"671\" \/><h3 data-start=\"673\" data-end=\"708\"><strong data-start=\"677\" data-end=\"708\">C\u00f3mo utilizamos su informaci\u00f3n<\/strong><\/h3><p data-start=\"709\" data-end=\"736\">Utilizamos su informaci\u00f3n para:<\/p><ul data-start=\"737\" data-end=\"998\"><li data-start=\"737\" data-end=\"772\"><p data-start=\"739\" data-end=\"772\">Tramitar y entregar sus pedidos<\/p><\/li><li data-start=\"773\" data-end=\"831\"><p data-start=\"775\" data-end=\"831\">Responder a sus preguntas y prestar asistencia al cliente<\/p><\/li><li data-start=\"832\" data-end=\"879\"><p data-start=\"834\" data-end=\"879\">Mejorar nuestros productos, servicios y sitio web<\/p><\/li><li data-start=\"880\" data-end=\"940\"><p data-start=\"882\" data-end=\"940\">Enviar actualizaciones o promociones si decide recibirlas<\/p><\/li><li data-start=\"941\" data-end=\"998\"><p data-start=\"943\" data-end=\"998\">Cumplir los requisitos legales y proteger nuestros derechos<\/p><\/li><\/ul><hr data-start=\"1000\" data-end=\"1003\" \/><h3 data-start=\"1005\" data-end=\"1037\"><strong data-start=\"1009\" data-end=\"1037\">C\u00f3mo compartimos la informaci\u00f3n<\/strong><\/h3><p data-start=\"1038\" data-end=\"1116\">No vendemos ni alquilamos sus datos personales.<br data-start=\"1087\" data-end=\"1090\" \/>S\u00f3lo podemos compartirla con:<\/p><ul data-start=\"1117\" data-end=\"1345\"><li data-start=\"1117\" data-end=\"1167\"><p data-start=\"1119\" data-end=\"1167\">Filiales de nuestra empresa para operaciones comerciales<\/p><\/li><li data-start=\"1168\" data-end=\"1345\"><p data-start=\"1170\" data-end=\"1345\">Proveedores de servicios que nos ayudan con el pago, el env\u00edo o el mantenimiento del sitio web<br data-start=\"1246\" data-end=\"1249\" \/>Todos los socios est\u00e1n obligados a proteger su informaci\u00f3n y a utilizarla \u00fanicamente para nuestros fines comerciales.<\/p><\/li><\/ul><hr data-start=\"1347\" data-end=\"1350\" \/><h3 data-start=\"1352\" data-end=\"1372\"><strong data-start=\"1356\" data-end=\"1372\">Sus opciones<\/strong><\/h3><ul data-start=\"1373\" data-end=\"1603\"><li data-start=\"1373\" data-end=\"1446\"><p data-start=\"1375\" data-end=\"1446\">Puede ponerse en contacto con nosotros para actualizar o corregir su informaci\u00f3n en cualquier momento.<\/p><\/li><li data-start=\"1447\" data-end=\"1541\"><p data-start=\"1449\" data-end=\"1541\">Puede darse de baja de los correos electr\u00f3nicos promocionales siguiendo las instrucciones de nuestros mensajes.<\/p><\/li><li data-start=\"1542\" data-end=\"1603\"><p data-start=\"1544\" data-end=\"1603\">Puede optar por desactivar las cookies en la configuraci\u00f3n de su navegador.<\/p><\/li><\/ul><hr data-start=\"1605\" data-end=\"1608\" \/><h3 data-start=\"1610\" data-end=\"1626\"><strong data-start=\"1614\" data-end=\"1626\">Seguridad<\/strong><\/h3><p data-start=\"1627\" data-end=\"1739\">Utilizamos medidas razonables para proteger su informaci\u00f3n personal. Sin embargo, ning\u00fan sistema en l\u00ednea es completamente seguro.<\/p><hr data-start=\"1741\" data-end=\"1744\" \/><h3 data-start=\"1746\" data-end=\"1764\"><strong data-start=\"1750\" data-end=\"1764\">P\u00f3ngase en contacto con nosotros<\/strong><\/h3><p data-start=\"1765\" data-end=\"1865\">Si tiene alguna pregunta sobre esta Pol\u00edtica de privacidad o sobre su informaci\u00f3n personal, p\u00f3ngase en contacto con nosotros:<\/p><p data-start=\"1867\" data-end=\"2008\"><strong data-start=\"1867\" data-end=\"1877\">Correo electr\u00f3nico:<\/strong> <a class=\"decorated-link cursor-pointer\" rel=\"noopener\" data-start=\"1878\" data-end=\"1897\">mythkey@outlook.com<\/a><br data-start=\"1897\" data-end=\"1900\" \/><strong>WhatsApp<\/strong>:+44 7778375595<\/p>\t\t\t\t\t\t\t\t<\/div>\n\t\t\t\t<\/div>\n\t\t\t\t\t<\/div>\n\t\t\t\t<\/div>\n\t\t\t\t<\/div>","protected":false},"excerpt":{"rendered":"<p>At MYTHKEY, we value your privacy and are committed to protecting your personal information. This Privacy Policy explains how we<\/p>","protected":false},"author":1,"featured_media":0,"parent":0,"menu_order":0,"comment_status":"closed","ping_status":"open","template":"elementor_header_footer","meta":{"_acf_changed":false,"footnotes":""},"class_list":["post-3","page","type-page","status-publish","hentry"],"acf":[],"_links":{"self":[{"href":"https:\/\/mythkeyjewelry.com\/es_es\/wp-json\/wp\/v2\/pages\/3","targetHints":{"allow":["GET"]}}],"collection":[{"href":"https:\/\/mythkeyjewelry.com\/es_es\/wp-json\/wp\/v2\/pages"}],"about":[{"href":"https:\/\/mythkeyjewelry.com\/es_es\/wp-json\/wp\/v2\/types\/page"}],"author":[{"embeddable":true,"href":"https:\/\/mythkeyjewelry.com\/es_es\/wp-json\/wp\/v2\/users\/1"}],"replies":[{"embeddable":true,"href":"https:\/\/mythkeyjewelry.com\/es_es\/wp-json\/wp\/v2\/comments?post=3"}],"version-history":[{"count":17,"href":"https:\/\/mythkeyjewelry.com\/es_es\/wp-json\/wp\/v2\/pages\/3\/revisions"}],"predecessor-version":[{"id":802,"href":"https:\/\/mythkeyjewelry.com\/es_es\/wp-json\/wp\/v2\/pages\/3\/revisions\/802"}],"wp:attachment":[{"href":"https:\/\/mythkeyjewelry.com\/es_es\/wp-json\/wp\/v2\/media?parent=3"}],"curies":[{"name":"wp","href":"https:\/\/api.w.org\/{rel}","templated":true}]}}