{"id":778,"date":"2025-10-20T01:22:21","date_gmt":"2025-10-20T01:22:21","guid":{"rendered":"https:\/\/mythkeyjewelry.com\/?page_id=778"},"modified":"2025-10-21T02:21:28","modified_gmt":"2025-10-21T02:21:28","slug":"our-story","status":"publish","type":"page","link":"https:\/\/mythkeyjewelry.com\/es_es\/our-story\/","title":{"rendered":"Nuestra historia"},"content":{"rendered":"<div data-elementor-type=\"wp-page\" data-elementor-id=\"778\" class=\"elementor elementor-778\" data-elementor-post-type=\"page\">\n\t\t\t\t<div class=\"elementor-element elementor-element-76db39b e-flex e-con-boxed e-con e-parent\" data-id=\"76db39b\" data-element_type=\"container\" data-settings=\"{&quot;ekit_has_onepagescroll_dot&quot;:&quot;yes&quot;}\">\n\t\t\t\t\t<div class=\"e-con-inner\">\n\t\t\t\t<div class=\"elementor-element elementor-element-b04c349 color-scheme-inherit text-left elementor-widget elementor-widget-text-editor\" data-id=\"b04c349\" data-element_type=\"widget\" data-settings=\"{&quot;ekit_we_effect_on&quot;:&quot;none&quot;}\" data-widget_type=\"text-editor.default\">\n\t\t\t\t<div class=\"elementor-widget-container\">\n\t\t\t\t\t\t\t\t\t<p>La primera chispa de Mythkey naci\u00f3 hace diez a\u00f1os, cuando nuestra fundadora Myra acompa\u00f1\u00f3 a una amiga a comprar joyas. Su amiga se sent\u00eda atra\u00edda por el brillo de las piedras preciosas naturales, pero dudaba: \"Parecen demasiado formales para llevarlas a diario, demasiado fr\u00e1giles para disfrutarlas libremente y se salen de mi presupuesto\". Por otro lado, las joyas de moda asequibles a menudo parec\u00edan toscas, carentes de ese brillo que conmueve el coraz\u00f3n.<\/p><p>De camino a casa, Mira se acord\u00f3 de las gemas creadas en laboratorio que hab\u00eda visto una vez: sin necesidad de extraerlas, talladas con precisi\u00f3n, irradiando el mismo brillo puro que las gemas naturales, pero mucho m\u00e1s accesibles. Una pregunta surgi\u00f3 en su mente: \"\u00bfPor qu\u00e9 este brillo sin esfuerzo no deber\u00eda formar parte de la vida cotidiana de todos?\".<\/p><p>Decididos a hacer realidad esta idea, pasamos meses buscando los socios adecuados y perfeccionando nuestro oficio. Quer\u00edamos que la gente viera las verdaderas ventajas de las gemas creadas en laboratorio:<\/p><ul><li>Color perfectamente uniforme, sin los defectos de las piedras extra\u00eddas.<\/li><li>Resistencia y durabilidad para un uso diario sin preocupaciones<\/li><li>Sostenibilidad de coraz\u00f3n: nacido sin miner\u00eda, con un suave toque de conciencia ecol\u00f3gica<\/li><\/ul><p>Creemos que la joyer\u00eda no debe reservarse s\u00f3lo para \"ocasiones especiales de lujo\". Deben acompa\u00f1ar la vida cotidiana: tachuelas de piedras preciosas que iluminen una camisa de trabajo, un collar que enmarque tu sonrisa en una cita o un anillo que puedas ponerte sin esfuerzo para aportar una chispa de alegr\u00eda. Incluso como regalo de cumplea\u00f1os, su belleza no reside en su rareza, sino en ser lo bastante brillante, duradero y estar siempre dispuesto a brillar contigo: en las comidas ordinarias, en los cambios de estaci\u00f3n y en cada peque\u00f1o momento de la vida.<\/p><p>Este es el coraz\u00f3n de Mythkey: No obsesionado con lo raro, sino dedicado a lo justo.<\/p><p>-El brillo adecuado, el precio adecuado, el destello adecuado para todos los d\u00edas.<\/p><p>Desde 2016, nos hemos mantenido fieles a esta promesa de calidad y servicio. Si quieres saber m\u00e1s, nos encantar\u00eda escucharte en\u00a0<strong><b>mythkey@outlook.com<\/b><\/strong>. Juntos, iluminemos el d\u00eda a d\u00eda con un toque de luz.<\/p>\t\t\t\t\t\t\t\t<\/div>\n\t\t\t\t<\/div>\n\t\t\t\t<div class=\"elementor-element elementor-element-39a3aa6 elementor-widget elementor-widget-image\" data-id=\"39a3aa6\" data-element_type=\"widget\" data-settings=\"{&quot;ekit_we_effect_on&quot;:&quot;none&quot;}\" data-widget_type=\"image.default\">\n\t\t\t\t<div class=\"elementor-widget-container\">\n\t\t\t\t\t\t\t\t\t\t\t\t\t\t\t<img fetchpriority=\"high\" decoding=\"async\" width=\"300\" height=\"169\" src=\"https:\/\/mythkeyjewelry.com\/wp-content\/uploads\/2025\/10\/f9932d2e62c7c793a0d7e7805ae636d4-300x169.jpg\" class=\"attachment-medium size-medium wp-image-573\" alt=\"\" srcset=\"https:\/\/mythkeyjewelry.com\/wp-content\/uploads\/2025\/10\/f9932d2e62c7c793a0d7e7805ae636d4-300x169.jpg 300w, https:\/\/mythkeyjewelry.com\/wp-content\/uploads\/2025\/10\/f9932d2e62c7c793a0d7e7805ae636d4-150x84.jpg 150w, https:\/\/mythkeyjewelry.com\/wp-content\/uploads\/2025\/10\/f9932d2e62c7c793a0d7e7805ae636d4-600x337.jpg 600w, https:\/\/mythkeyjewelry.com\/wp-content\/uploads\/2025\/10\/f9932d2e62c7c793a0d7e7805ae636d4.jpg 614w\" sizes=\"(max-width: 300px) 100vw, 300px\" \/>\t\t\t\t\t\t\t\t\t\t\t\t\t\t\t<\/div>\n\t\t\t\t<\/div>\n\t\t\t\t\t<\/div>\n\t\t\t\t<\/div>\n\t\t\t\t<\/div>","protected":false},"excerpt":{"rendered":"<p>The very first spark of Mythkey was born ten years ago, when our founder Myra accompanied a friend to shop<\/p>","protected":false},"author":1,"featured_media":0,"parent":0,"menu_order":0,"comment_status":"closed","ping_status":"closed","template":"elementor_header_footer","meta":{"_acf_changed":false,"footnotes":""},"class_list":["post-778","page","type-page","status-publish","hentry"],"acf":[],"_links":{"self":[{"href":"https:\/\/mythkeyjewelry.com\/es_es\/wp-json\/wp\/v2\/pages\/778","targetHints":{"allow":["GET"]}}],"collection":[{"href":"https:\/\/mythkeyjewelry.com\/es_es\/wp-json\/wp\/v2\/pages"}],"about":[{"href":"https:\/\/mythkeyjewelry.com\/es_es\/wp-json\/wp\/v2\/types\/page"}],"author":[{"embeddable":true,"href":"https:\/\/mythkeyjewelry.com\/es_es\/wp-json\/wp\/v2\/users\/1"}],"replies":[{"embeddable":true,"href":"https:\/\/mythkeyjewelry.com\/es_es\/wp-json\/wp\/v2\/comments?post=778"}],"version-history":[{"count":19,"href":"https:\/\/mythkeyjewelry.com\/es_es\/wp-json\/wp\/v2\/pages\/778\/revisions"}],"predecessor-version":[{"id":1065,"href":"https:\/\/mythkeyjewelry.com\/es_es\/wp-json\/wp\/v2\/pages\/778\/revisions\/1065"}],"wp:attachment":[{"href":"https:\/\/mythkeyjewelry.com\/es_es\/wp-json\/wp\/v2\/media?parent=778"}],"curies":[{"name":"wp","href":"https:\/\/api.w.org\/{rel}","templated":true}]}}