{"id":783,"date":"2025-10-20T01:23:23","date_gmt":"2025-10-20T01:23:23","guid":{"rendered":"https:\/\/mythkeyjewelry.com\/?page_id=783"},"modified":"2025-10-21T22:52:03","modified_gmt":"2025-10-21T22:52:03","slug":"our-philosophy","status":"publish","type":"page","link":"https:\/\/mythkeyjewelry.com\/es_es\/our-philosophy\/","title":{"rendered":"Nuestra filosof\u00eda"},"content":{"rendered":"<div data-elementor-type=\"wp-page\" data-elementor-id=\"783\" class=\"elementor elementor-783\" data-elementor-post-type=\"page\">\n\t\t\t\t<div class=\"elementor-element elementor-element-18603ff e-flex e-con-boxed e-con e-parent\" data-id=\"18603ff\" data-element_type=\"container\" data-e-type=\"container\" data-settings=\"{&quot;ekit_has_onepagescroll_dot&quot;:&quot;yes&quot;}\">\n\t\t\t\t\t<div class=\"e-con-inner\">\n\t\t\t\t<div class=\"elementor-element elementor-element-fd0ec22 color-scheme-inherit text-left elementor-widget elementor-widget-text-editor\" data-id=\"fd0ec22\" data-element_type=\"widget\" data-e-type=\"widget\" data-settings=\"{&quot;ekit_we_effect_on&quot;:&quot;none&quot;}\" data-widget_type=\"text-editor.default\">\n\t\t\t\t<div class=\"elementor-widget-container\">\n\t\t\t\t\t\t\t\t\t<p><strong><b>Nuestras piedras preciosas: Que el brillo vaya m\u00e1s all\u00e1 de lo \"caro\"<\/b><\/strong><\/p>\n<p>Muchos de nosotros nos hemos detenido ante el escaparate de una joyer\u00eda, cautivados por el ardiente brillo de un rub\u00ed, el profundo encanto de un zafiro o el suave lustre del jade, pero hemos retrocedido en silencio al ver la etiqueta con el precio. A otros les preocupa que las gemas preciosas sean demasiado fr\u00e1giles para llevarlas a diario, temen que se rayen o se astillen, y por eso la admiraci\u00f3n permanece encerrada tras el cristal.<\/p>\n<p>Creemos que las joyas no deben definirse s\u00f3lo por su \"rareza\" y \"alto precio\". Por eso hemos elegido un camino m\u00e1s pr\u00e1ctico en la selecci\u00f3n de piedras preciosas: no nos centramos en el bombo publicitario, sino en hacer accesible el brillo.<\/p>\n<p>Con las gemas cultivadas en laboratorio, desde el corte de precisi\u00f3n del cristal sint\u00e9tico hasta el cuidadoso crecimiento del cristal de rub\u00edes y zafiros, refinamos cada detalle. Estas gemas se obtienen sin la carga medioambiental de la miner\u00eda, pero con un toque de calidez ecol\u00f3gica. Sus colores son uniformes y no presentan los defectos de las inclusiones naturales. Su dureza garantiza que puedan resistir el d\u00eda a d\u00eda -ya sea durante un viaje al trabajo, al lavarse las manos o en un ocasional golpe accidental- sin necesidad de ser tratadas como \"demasiado preciosas para tocarlas\". Lo mejor de todo es que su coste es s\u00f3lo una fracci\u00f3n del de las piedras naturales raras, lo que hace que brillar todos los d\u00edas no suponga ning\u00fan esfuerzo.<\/p>\n<p>En cuanto a las piedras preciosas naturales, defendemos el principio de la \"elegancia pr\u00e1ctica\". Por ejemplo, utilizamos calcedonia verde para reinterpretar dise\u00f1os cl\u00e1sicos de jade. Seleccionamos cuidadosamente piedras de tonos suaves y textura fina, preservando sus patrones naturales y su suave brillo, sin el precio inflado que conlleva la \"rareza\" del jade. No es necesario pagar por etiquetas como \"calidad de coleccionista\" o \"tipo hielo\"; en su lugar, recibir\u00e1 joyas con un tacto similar al jade, perfectas para llevar a diario, a un precio justo.<\/p>\n<p>Nunca pretendemos \"sustituir\" a las gemas caras. M\u00e1s bien, queremos ofrecer una alternativa bien pensada: sin costes adicionales por rareza, sin compromisos por practicidad, simplemente joyas que brillan con la misma belleza que las gemas de gama alta: duraderas, elegantes y accesibles.<\/p>\n<p>Esta visi\u00f3n se remonta a los inicios de la marca, cuando nuestra fundadora ayud\u00f3 a una amiga a elegir su primer par de pendientes. Creemos que las joyas no deben guardarse para ocasiones excepcionales. Deber\u00eda ser el brillo cotidiano que complementa tu camisa en el trabajo, ilumina tu sonrisa en una cita o se convierte en un peque\u00f1o pero significativo regalo para alguien a quien quieres. El brillo cuando levantas la mano, el resplandor sutil cuando bajas la mirada... no son lujos extravagantes, sino el calor justo para la vida diaria.<\/p>\t\t\t\t\t\t\t\t<\/div>\n\t\t\t\t<\/div>\n\t\t\t\t\t<\/div>\n\t\t\t\t<\/div>\n\t\t\t\t<\/div>","protected":false},"excerpt":{"rendered":"<p>Our Gemstones: Let Brilliance Go Beyond \u201cExpensive\u201d Many of us have paused in front of a jewelry store window, captivated<\/p>","protected":false},"author":1,"featured_media":0,"parent":0,"menu_order":0,"comment_status":"closed","ping_status":"closed","template":"elementor_header_footer","meta":{"_acf_changed":false,"footnotes":""},"class_list":["post-783","page","type-page","status-publish","hentry"],"acf":[],"_links":{"self":[{"href":"https:\/\/mythkeyjewelry.com\/es_es\/wp-json\/wp\/v2\/pages\/783","targetHints":{"allow":["GET"]}}],"collection":[{"href":"https:\/\/mythkeyjewelry.com\/es_es\/wp-json\/wp\/v2\/pages"}],"about":[{"href":"https:\/\/mythkeyjewelry.com\/es_es\/wp-json\/wp\/v2\/types\/page"}],"author":[{"embeddable":true,"href":"https:\/\/mythkeyjewelry.com\/es_es\/wp-json\/wp\/v2\/users\/1"}],"replies":[{"embeddable":true,"href":"https:\/\/mythkeyjewelry.com\/es_es\/wp-json\/wp\/v2\/comments?post=783"}],"version-history":[{"count":13,"href":"https:\/\/mythkeyjewelry.com\/es_es\/wp-json\/wp\/v2\/pages\/783\/revisions"}],"predecessor-version":[{"id":1085,"href":"https:\/\/mythkeyjewelry.com\/es_es\/wp-json\/wp\/v2\/pages\/783\/revisions\/1085"}],"wp:attachment":[{"href":"https:\/\/mythkeyjewelry.com\/es_es\/wp-json\/wp\/v2\/media?parent=783"}],"curies":[{"name":"wp","href":"https:\/\/api.w.org\/{rel}","templated":true}]}}