{"id":803,"date":"2025-10-20T01:36:31","date_gmt":"2025-10-20T01:36:31","guid":{"rendered":"https:\/\/mythkeyjewelry.com\/?page_id=803"},"modified":"2025-11-19T13:20:57","modified_gmt":"2025-11-19T13:20:57","slug":"warranty-policy","status":"publish","type":"page","link":"https:\/\/mythkeyjewelry.com\/es_es\/warranty-policy\/","title":{"rendered":"Pol\u00edtica de garant\u00eda"},"content":{"rendered":"<div data-elementor-type=\"wp-page\" data-elementor-id=\"803\" class=\"elementor elementor-803\" data-elementor-post-type=\"page\">\n\t\t\t\t<div class=\"elementor-element elementor-element-0026693 e-flex e-con-boxed e-con e-parent\" data-id=\"0026693\" data-element_type=\"container\" data-settings=\"{&quot;ekit_has_onepagescroll_dot&quot;:&quot;yes&quot;}\">\n\t\t\t\t\t<div class=\"e-con-inner\">\n\t\t\t\t<div class=\"elementor-element elementor-element-a4ad2fe color-scheme-inherit text-left elementor-widget elementor-widget-text-editor\" data-id=\"a4ad2fe\" data-element_type=\"widget\" data-settings=\"{&quot;ekit_we_effect_on&quot;:&quot;none&quot;}\" data-widget_type=\"text-editor.default\">\n\t\t\t\t<div class=\"elementor-widget-container\">\n\t\t\t\t\t\t\t\t\t<p>En MYTHKEY, respaldamos la calidad de nuestras joyas de piedras preciosas de colores y queremos que compre con confianza. Inspeccionamos cuidadosamente cada pieza de joyer\u00eda antes de enviarla.<\/p><p>Si el art\u00edculo que recibe tiene alg\u00fan defecto o ha sido da\u00f1ado durante el transporte, no retire la etiqueta de seguridad. P\u00f3ngase en contacto con nosotros <strong>48 horas<\/strong> de entrega por correo electr\u00f3nico <strong>mythkey@outlook.com<\/strong>e incluya su n\u00famero de pedido junto con fotos claras que muestren el problema. Una vez confirmado, le ofreceremos un reemplazo o reembolso. Para reclamaciones aprobadas que impliquen defectos o da\u00f1os de env\u00edo, MYTHKEY cubrir\u00e1 todos los gastos de env\u00edo de devoluci\u00f3n y reenv\u00edo.<\/p><p>Nota: el desgaste normal, el uso indebido o los da\u00f1os accidentales no est\u00e1n cubiertos.<\/p>\t\t\t\t\t\t\t\t<\/div>\n\t\t\t\t<\/div>\n\t\t\t\t\t<\/div>\n\t\t\t\t<\/div>\n\t\t\t\t<\/div>","protected":false},"excerpt":{"rendered":"<p>At MYTHKEY, we stand behind the quality of our colorful gemstone jewelry and want you to shop with confidence. We<\/p>","protected":false},"author":1,"featured_media":0,"parent":0,"menu_order":0,"comment_status":"closed","ping_status":"closed","template":"elementor_header_footer","meta":{"_acf_changed":false,"footnotes":""},"class_list":["post-803","page","type-page","status-publish","hentry"],"acf":[],"_links":{"self":[{"href":"https:\/\/mythkeyjewelry.com\/es_es\/wp-json\/wp\/v2\/pages\/803","targetHints":{"allow":["GET"]}}],"collection":[{"href":"https:\/\/mythkeyjewelry.com\/es_es\/wp-json\/wp\/v2\/pages"}],"about":[{"href":"https:\/\/mythkeyjewelry.com\/es_es\/wp-json\/wp\/v2\/types\/page"}],"author":[{"embeddable":true,"href":"https:\/\/mythkeyjewelry.com\/es_es\/wp-json\/wp\/v2\/users\/1"}],"replies":[{"embeddable":true,"href":"https:\/\/mythkeyjewelry.com\/es_es\/wp-json\/wp\/v2\/comments?post=803"}],"version-history":[{"count":13,"href":"https:\/\/mythkeyjewelry.com\/es_es\/wp-json\/wp\/v2\/pages\/803\/revisions"}],"predecessor-version":[{"id":1574,"href":"https:\/\/mythkeyjewelry.com\/es_es\/wp-json\/wp\/v2\/pages\/803\/revisions\/1574"}],"wp:attachment":[{"href":"https:\/\/mythkeyjewelry.com\/es_es\/wp-json\/wp\/v2\/media?parent=803"}],"curies":[{"name":"wp","href":"https:\/\/api.w.org\/{rel}","templated":true}]}}