{"id":808,"date":"2025-10-20T01:37:43","date_gmt":"2025-10-20T01:37:43","guid":{"rendered":"https:\/\/mythkeyjewelry.com\/?page_id=808"},"modified":"2025-11-19T13:23:45","modified_gmt":"2025-11-19T13:23:45","slug":"return-exchange-policy","status":"publish","type":"page","link":"https:\/\/mythkeyjewelry.com\/es_es\/return-exchange-policy\/","title":{"rendered":"Pol\u00edtica de cambios y devoluciones"},"content":{"rendered":"<div data-elementor-type=\"wp-page\" data-elementor-id=\"808\" class=\"elementor elementor-808\" data-elementor-post-type=\"page\">\n\t\t\t\t<div class=\"elementor-element elementor-element-debc89f e-flex e-con-boxed e-con e-parent\" data-id=\"debc89f\" data-element_type=\"container\" data-e-type=\"container\" data-settings=\"{&quot;ekit_has_onepagescroll_dot&quot;:&quot;yes&quot;}\">\n\t\t\t\t\t<div class=\"e-con-inner\">\n\t\t\t\t<div class=\"elementor-element elementor-element-952fa89 color-scheme-inherit text-left elementor-widget elementor-widget-text-editor\" data-id=\"952fa89\" data-element_type=\"widget\" data-e-type=\"widget\" data-settings=\"{&quot;ekit_we_effect_on&quot;:&quot;none&quot;}\" data-widget_type=\"text-editor.default\">\n\t\t\t\t<div class=\"elementor-widget-container\">\n\t\t\t\t\t\t\t\t\t<p><strong><b>-Periodo de devoluci\u00f3n: <\/b><\/strong>Puede solicitar una devoluci\u00f3n o un cambio en el plazo de <strong>48 horas<\/strong> de recibir su pedido, y el art\u00edculo debe devolverse en el plazo de <strong>7 d\u00edas<\/strong>.<\/p><p><strong><b>-Condiciones:<\/b><\/strong> Los art\u00edculos deben estar sin usar, sin estrenar y en su embalaje original, con la etiqueta de seguridad todav\u00eda adherida e intacta.<\/p><p><strong><b>-No retornable: <\/b><\/strong>Los art\u00edculos personalizados, los pendientes (por razones de higiene) y los art\u00edculos con signos de desgaste o da\u00f1os causados por un uso indebido no pueden devolverse.<\/p><p><strong><b>-Proceso: <\/b><\/strong>P\u00f3ngase en contacto con nosotros en <strong><b>mythkey@outlook.com<\/b><\/strong>\u00a0con su n\u00famero de pedido y fotos. Una vez aprobado, podr\u00e1s devolvernos el producto.<\/p><p><strong><b>-Costes: <\/b><\/strong>Los gastos de env\u00edo de la devoluci\u00f3n corren a cargo del cliente. Cubriremos los gastos de reenv\u00edo de los art\u00edculos cambiados.<\/p>\t\t\t\t\t\t\t\t<\/div>\n\t\t\t\t<\/div>\n\t\t\t\t\t<\/div>\n\t\t\t\t<\/div>\n\t\t\t\t<\/div>","protected":false},"excerpt":{"rendered":"<p>-Return Period: You may request a return or exchange within 48 hours of receiving your order, and the item must<\/p>","protected":false},"author":1,"featured_media":0,"parent":0,"menu_order":0,"comment_status":"closed","ping_status":"closed","template":"elementor_header_footer","meta":{"_acf_changed":false,"footnotes":""},"class_list":["post-808","page","type-page","status-publish","hentry"],"acf":[],"_links":{"self":[{"href":"https:\/\/mythkeyjewelry.com\/es_es\/wp-json\/wp\/v2\/pages\/808","targetHints":{"allow":["GET"]}}],"collection":[{"href":"https:\/\/mythkeyjewelry.com\/es_es\/wp-json\/wp\/v2\/pages"}],"about":[{"href":"https:\/\/mythkeyjewelry.com\/es_es\/wp-json\/wp\/v2\/types\/page"}],"author":[{"embeddable":true,"href":"https:\/\/mythkeyjewelry.com\/es_es\/wp-json\/wp\/v2\/users\/1"}],"replies":[{"embeddable":true,"href":"https:\/\/mythkeyjewelry.com\/es_es\/wp-json\/wp\/v2\/comments?post=808"}],"version-history":[{"count":16,"href":"https:\/\/mythkeyjewelry.com\/es_es\/wp-json\/wp\/v2\/pages\/808\/revisions"}],"predecessor-version":[{"id":1577,"href":"https:\/\/mythkeyjewelry.com\/es_es\/wp-json\/wp\/v2\/pages\/808\/revisions\/1577"}],"wp:attachment":[{"href":"https:\/\/mythkeyjewelry.com\/es_es\/wp-json\/wp\/v2\/media?parent=808"}],"curies":[{"name":"wp","href":"https:\/\/api.w.org\/{rel}","templated":true}]}}