{"id":818,"date":"2025-10-20T01:39:25","date_gmt":"2025-10-20T01:39:25","guid":{"rendered":"https:\/\/mythkeyjewelry.com\/?page_id=818"},"modified":"2025-11-19T13:35:45","modified_gmt":"2025-11-19T13:35:45","slug":"shipping-policy","status":"publish","type":"page","link":"https:\/\/mythkeyjewelry.com\/es_es\/shipping-policy\/","title":{"rendered":"Pol\u00edtica de env\u00edos"},"content":{"rendered":"<div data-elementor-type=\"wp-page\" data-elementor-id=\"818\" class=\"elementor elementor-818\" data-elementor-post-type=\"page\">\n\t\t\t\t<div class=\"elementor-element elementor-element-7e00459 e-flex e-con-boxed e-con e-parent\" data-id=\"7e00459\" data-element_type=\"container\" data-settings=\"{&quot;ekit_has_onepagescroll_dot&quot;:&quot;yes&quot;}\">\n\t\t\t\t\t<div class=\"e-con-inner\">\n\t\t\t\t<div class=\"elementor-element elementor-element-1bde3bb text-center color-scheme-inherit elementor-widget elementor-widget-text-editor\" data-id=\"1bde3bb\" data-element_type=\"widget\" data-settings=\"{&quot;ekit_we_effect_on&quot;:&quot;none&quot;}\" data-widget_type=\"text-editor.default\">\n\t\t\t\t<div class=\"elementor-widget-container\">\n\t\t\t\t\t\t\t\t\t<p><strong><b>-Tiempo de procesamiento<\/b><\/strong><\/p><p>Los pedidos se tramitan en <strong>2 d\u00edas laborables<\/strong> una vez confirmado el pago. Los pedidos realizados en fin de semana o festivo se tramitar\u00e1n el siguiente d\u00eda laborable.<\/p><p><strong><b>-Tiempo de env\u00edo y entrega<\/b><\/strong><\/p><p>Todos los pedidos se entregan en un plazo de 3 a 15 d\u00edas laborables, dependiendo de su ubicaci\u00f3n y del despacho de aduanas.<\/p><p><strong><b>-Tarifas de env\u00edo<\/b><\/strong><\/p><p>Pedidos superiores a <strong><b>$188.88<\/b><\/strong>\u00a0disfrute de env\u00edo gratuito. Para pedidos inferiores a $188,88, un <strong><b>$20<\/b>\u00a0gastos de env\u00edo<\/strong> se a\u00f1adir\u00e1 al pagar.<\/p><p><strong><b>-Seguimiento de pedidos<\/b><\/strong><\/p><p>Una vez enviado, recibir\u00e1 un correo electr\u00f3nico de confirmaci\u00f3n con un n\u00famero de seguimiento para seguir su pedido en el sitio web del transportista.<\/p><p><strong><b>-Aduanas y aranceles<\/b><\/strong><\/p><p>Los pedidos internacionales pueden estar sujetos a derechos de aduana, impuestos o tasas de importaci\u00f3n, que correr\u00e1n a cargo de MYTHKEY.<\/p><p><strong><b>-Retrasos y problemas<\/b><\/strong><\/p><p>Nos disculpamos sinceramente, pero no somos responsables de los retrasos causados por aduanas, fen\u00f3menos naturales o problemas de mensajer\u00eda. Si su paquete se pierde o se da\u00f1a, p\u00f3ngase en contacto con nosotros inmediatamente en <strong><b>mythkey@outlook.com<\/b><\/strong>.<\/p>\t\t\t\t\t\t\t\t<\/div>\n\t\t\t\t<\/div>\n\t\t\t\t\t<\/div>\n\t\t\t\t<\/div>\n\t\t\t\t<\/div>","protected":false},"excerpt":{"rendered":"<p>-Processing Time Orders are processed within 2\u00a0business days after payment is confirmed. Orders placed on weekends or public holidays will<\/p>","protected":false},"author":1,"featured_media":0,"parent":0,"menu_order":0,"comment_status":"closed","ping_status":"closed","template":"elementor_header_footer","meta":{"_acf_changed":false,"footnotes":""},"class_list":["post-818","page","type-page","status-publish","hentry"],"acf":[],"_links":{"self":[{"href":"https:\/\/mythkeyjewelry.com\/es_es\/wp-json\/wp\/v2\/pages\/818","targetHints":{"allow":["GET"]}}],"collection":[{"href":"https:\/\/mythkeyjewelry.com\/es_es\/wp-json\/wp\/v2\/pages"}],"about":[{"href":"https:\/\/mythkeyjewelry.com\/es_es\/wp-json\/wp\/v2\/types\/page"}],"author":[{"embeddable":true,"href":"https:\/\/mythkeyjewelry.com\/es_es\/wp-json\/wp\/v2\/users\/1"}],"replies":[{"embeddable":true,"href":"https:\/\/mythkeyjewelry.com\/es_es\/wp-json\/wp\/v2\/comments?post=818"}],"version-history":[{"count":19,"href":"https:\/\/mythkeyjewelry.com\/es_es\/wp-json\/wp\/v2\/pages\/818\/revisions"}],"predecessor-version":[{"id":1596,"href":"https:\/\/mythkeyjewelry.com\/es_es\/wp-json\/wp\/v2\/pages\/818\/revisions\/1596"}],"wp:attachment":[{"href":"https:\/\/mythkeyjewelry.com\/es_es\/wp-json\/wp\/v2\/media?parent=818"}],"curies":[{"name":"wp","href":"https:\/\/api.w.org\/{rel}","templated":true}]}}