{"id":1010,"date":"2025-10-20T23:41:53","date_gmt":"2025-10-20T23:41:53","guid":{"rendered":"https:\/\/mythkeyjewelry.com\/?post_type=product&#038;p=1010"},"modified":"2025-10-24T02:12:15","modified_gmt":"2025-10-24T02:12:15","slug":"mythkey-oval-sapphire-halo-bracelet-copy","status":"publish","type":"product","link":"https:\/\/mythkeyjewelry.com\/es_es\/producto\/mythkey-oval-sapphire-halo-bracelet-copy\/","title":{"rendered":"MYTHKEY Pulsera Aurora Rosa"},"content":{"rendered":"<p>Esta pulsera presenta un delicado dise\u00f1o de flores rosas entrelazadas con piedras brillantes, que destilan elegancia y romanticismo a la vez que resaltan una sensaci\u00f3n de lujo. Las piedras preciosas presentan un brillo y una dureza comparables a los diamantes naturales, pero a un precio m\u00e1s asequible. Tambi\u00e9n ofrecen una gran claridad, un color estable y una sostenibilidad ecol\u00f3gica, lo que hace que esta pieza sea a la vez bonita y pr\u00e1ctica.<\/p>","protected":false},"excerpt":{"rendered":"<p>Nombre: Aurora Rosa<br \/>\nMaterial: Plata 925<br \/>\nTipo de piedra: Cristal sint\u00e9tico<br \/>\nPeso total: 12 g<br \/>\nA\u00f1o\/temporada de lanzamiento: Oto\u00f1o 2025<br \/>\nC\u00f3digo del producto: 25AB01<\/p>","protected":false},"featured_media":1027,"comment_status":"open","ping_status":"closed","template":"","meta":{"_acf_changed":false},"product_brand":[],"product_cat":[32],"product_tag":[],"class_list":{"0":"post-1010","1":"product","2":"type-product","3":"status-publish","4":"has-post-thumbnail","6":"product_cat-bracelets","8":"first","9":"instock","10":"shipping-taxable","11":"purchasable","12":"product-type-simple","13":"wpzoom-wc-spi-has-enabled"},"acf":[],"_links":{"self":[{"href":"https:\/\/mythkeyjewelry.com\/es_es\/wp-json\/wp\/v2\/product\/1010","targetHints":{"allow":["GET"]}}],"collection":[{"href":"https:\/\/mythkeyjewelry.com\/es_es\/wp-json\/wp\/v2\/product"}],"about":[{"href":"https:\/\/mythkeyjewelry.com\/es_es\/wp-json\/wp\/v2\/types\/product"}],"replies":[{"embeddable":true,"href":"https:\/\/mythkeyjewelry.com\/es_es\/wp-json\/wp\/v2\/comments?post=1010"}],"version-history":[{"count":4,"href":"https:\/\/mythkeyjewelry.com\/es_es\/wp-json\/wp\/v2\/product\/1010\/revisions"}],"predecessor-version":[{"id":1226,"href":"https:\/\/mythkeyjewelry.com\/es_es\/wp-json\/wp\/v2\/product\/1010\/revisions\/1226"}],"wp:featuredmedia":[{"embeddable":true,"href":"https:\/\/mythkeyjewelry.com\/es_es\/wp-json\/wp\/v2\/media\/1027"}],"wp:attachment":[{"href":"https:\/\/mythkeyjewelry.com\/es_es\/wp-json\/wp\/v2\/media?parent=1010"}],"wp:term":[{"taxonomy":"product_brand","embeddable":true,"href":"https:\/\/mythkeyjewelry.com\/es_es\/wp-json\/wp\/v2\/product_brand?post=1010"},{"taxonomy":"product_cat","embeddable":true,"href":"https:\/\/mythkeyjewelry.com\/es_es\/wp-json\/wp\/v2\/product_cat?post=1010"},{"taxonomy":"product_tag","embeddable":true,"href":"https:\/\/mythkeyjewelry.com\/es_es\/wp-json\/wp\/v2\/product_tag?post=1010"}],"curies":[{"name":"wp","href":"https:\/\/api.w.org\/{rel}","templated":true}]}}