{"id":1018,"date":"2025-10-20T23:51:32","date_gmt":"2025-10-20T23:51:32","guid":{"rendered":"https:\/\/mythkeyjewelry.com\/?post_type=product&#038;p=1018"},"modified":"2025-10-24T02:12:32","modified_gmt":"2025-10-24T02:12:32","slug":"mythkey-full-diamond-ruby-red-bracelet","status":"publish","type":"product","link":"https:\/\/mythkeyjewelry.com\/es_es\/producto\/mythkey-full-diamond-ruby-red-bracelet\/","title":{"rendered":"MYTHKEY Pulsera completa de diamantes rojo rub\u00ed"},"content":{"rendered":"<p>La pulsera MYTHKEY Full Diamond Ruby Red combina el brillo de los engastes de diamantes con el apasionado tono rojo sangre de paloma, exudando una mezcla de lujo y romanticismo. Elaborada con cristal sint\u00e9tico tallado con precisi\u00f3n, ofrece un brillo y una dureza comparables a los de las gemas naturales, adem\u00e1s de una claridad excepcional, un color estable y las ventajas a\u00f1adidas de ser ecol\u00f3gica y accesible, lo que pone la elegancia de alta gama al alcance de todos.<\/p>","protected":false},"excerpt":{"rendered":"<p>Nombre: Flor Carmes\u00ed<br \/>\nMaterial: Plata 925<br \/>\nTipo de piedra: Cristal sint\u00e9tico<br \/>\nPeso total: 17 g<br \/>\nA\u00f1o\/temporada de lanzamiento:Oto\u00f1o de 2025<br \/>\nC\u00f3digo del producto: 25AB02<\/p>","protected":false},"featured_media":1025,"comment_status":"open","ping_status":"closed","template":"","meta":{"_acf_changed":false},"product_brand":[],"product_cat":[32],"product_tag":[],"class_list":{"0":"post-1018","1":"product","2":"type-product","3":"status-publish","4":"has-post-thumbnail","6":"product_cat-bracelets","8":"first","9":"instock","10":"shipping-taxable","11":"purchasable","12":"product-type-simple","13":"wpzoom-wc-spi-has-enabled"},"acf":[],"_links":{"self":[{"href":"https:\/\/mythkeyjewelry.com\/es_es\/wp-json\/wp\/v2\/product\/1018","targetHints":{"allow":["GET"]}}],"collection":[{"href":"https:\/\/mythkeyjewelry.com\/es_es\/wp-json\/wp\/v2\/product"}],"about":[{"href":"https:\/\/mythkeyjewelry.com\/es_es\/wp-json\/wp\/v2\/types\/product"}],"replies":[{"embeddable":true,"href":"https:\/\/mythkeyjewelry.com\/es_es\/wp-json\/wp\/v2\/comments?post=1018"}],"version-history":[{"count":3,"href":"https:\/\/mythkeyjewelry.com\/es_es\/wp-json\/wp\/v2\/product\/1018\/revisions"}],"predecessor-version":[{"id":1227,"href":"https:\/\/mythkeyjewelry.com\/es_es\/wp-json\/wp\/v2\/product\/1018\/revisions\/1227"}],"wp:featuredmedia":[{"embeddable":true,"href":"https:\/\/mythkeyjewelry.com\/es_es\/wp-json\/wp\/v2\/media\/1025"}],"wp:attachment":[{"href":"https:\/\/mythkeyjewelry.com\/es_es\/wp-json\/wp\/v2\/media?parent=1018"}],"wp:term":[{"taxonomy":"product_brand","embeddable":true,"href":"https:\/\/mythkeyjewelry.com\/es_es\/wp-json\/wp\/v2\/product_brand?post=1018"},{"taxonomy":"product_cat","embeddable":true,"href":"https:\/\/mythkeyjewelry.com\/es_es\/wp-json\/wp\/v2\/product_cat?post=1018"},{"taxonomy":"product_tag","embeddable":true,"href":"https:\/\/mythkeyjewelry.com\/es_es\/wp-json\/wp\/v2\/product_tag?post=1018"}],"curies":[{"name":"wp","href":"https:\/\/api.w.org\/{rel}","templated":true}]}}