{"id":1089,"date":"2025-10-21T23:06:53","date_gmt":"2025-10-21T23:06:53","guid":{"rendered":"https:\/\/mythkeyjewelry.com\/?post_type=product&#038;p=1089"},"modified":"2025-10-24T02:13:37","modified_gmt":"2025-10-24T02:13:37","slug":"mythkey-pear-marquise-drop-earrings","status":"publish","type":"product","link":"https:\/\/mythkeyjewelry.com\/es_es\/producto\/mythkey-pear-marquise-drop-earrings\/","title":{"rendered":"MYTHKEY Pendientes de pera y marquesa"},"content":{"rendered":"<p>Cada gema est\u00e1 tallada con precisi\u00f3n y engarzada con seguridad, lo que garantiza un brillo que resiste el paso del tiempo.En medio de las deslumbrantes luces de cada reuni\u00f3n, el resplandor de tus orejas te hace radiante sin esfuerzo.A\u00f1ade un toque de confianza y elegancia a cada ocasi\u00f3n.<\/p>","protected":false},"excerpt":{"rendered":"<p>Nombre: Falling Starlight<br \/>\nMaterial: Plata 925<br \/>\nTipo de piedra: Cristal sint\u00e9tico<br \/>\nPeso total: 7,2 g<br \/>\nLongitud del pendiente: 3 cm<br \/>\nA\u00f1o\/temporada de lanzamiento:Invierno de 2025<br \/>\nC\u00f3digo del producto: 25WE01<\/p>","protected":false},"featured_media":1090,"comment_status":"open","ping_status":"closed","template":"","meta":{"_acf_changed":false},"product_brand":[],"product_cat":[15],"product_tag":[],"class_list":{"0":"post-1089","1":"product","2":"type-product","3":"status-publish","4":"has-post-thumbnail","6":"product_cat-earrings","8":"first","9":"instock","10":"shipping-taxable","11":"purchasable","12":"product-type-simple","13":"wpzoom-wc-spi-has-enabled"},"acf":[],"_links":{"self":[{"href":"https:\/\/mythkeyjewelry.com\/es_es\/wp-json\/wp\/v2\/product\/1089","targetHints":{"allow":["GET"]}}],"collection":[{"href":"https:\/\/mythkeyjewelry.com\/es_es\/wp-json\/wp\/v2\/product"}],"about":[{"href":"https:\/\/mythkeyjewelry.com\/es_es\/wp-json\/wp\/v2\/types\/product"}],"replies":[{"embeddable":true,"href":"https:\/\/mythkeyjewelry.com\/es_es\/wp-json\/wp\/v2\/comments?post=1089"}],"version-history":[{"count":3,"href":"https:\/\/mythkeyjewelry.com\/es_es\/wp-json\/wp\/v2\/product\/1089\/revisions"}],"predecessor-version":[{"id":1229,"href":"https:\/\/mythkeyjewelry.com\/es_es\/wp-json\/wp\/v2\/product\/1089\/revisions\/1229"}],"wp:featuredmedia":[{"embeddable":true,"href":"https:\/\/mythkeyjewelry.com\/es_es\/wp-json\/wp\/v2\/media\/1090"}],"wp:attachment":[{"href":"https:\/\/mythkeyjewelry.com\/es_es\/wp-json\/wp\/v2\/media?parent=1089"}],"wp:term":[{"taxonomy":"product_brand","embeddable":true,"href":"https:\/\/mythkeyjewelry.com\/es_es\/wp-json\/wp\/v2\/product_brand?post=1089"},{"taxonomy":"product_cat","embeddable":true,"href":"https:\/\/mythkeyjewelry.com\/es_es\/wp-json\/wp\/v2\/product_cat?post=1089"},{"taxonomy":"product_tag","embeddable":true,"href":"https:\/\/mythkeyjewelry.com\/es_es\/wp-json\/wp\/v2\/product_tag?post=1089"}],"curies":[{"name":"wp","href":"https:\/\/api.w.org\/{rel}","templated":true}]}}