{"id":1098,"date":"2025-10-21T23:33:58","date_gmt":"2025-10-21T23:33:58","guid":{"rendered":"https:\/\/mythkeyjewelry.com\/?post_type=product&#038;p=1098"},"modified":"2025-10-24T03:19:11","modified_gmt":"2025-10-24T03:19:11","slug":"mythkey-blue-diamond-cluster-pendant-earrings","status":"publish","type":"product","link":"https:\/\/mythkeyjewelry.com\/es_es\/producto\/mythkey-blue-diamond-cluster-pendant-earrings\/","title":{"rendered":"MYTHKEY Pendientes colgantes con racimo de diamantes azules"},"content":{"rendered":"<p>Los pendientes MYTHKEY Blue Diamond Cluster evocan la tranquila profundidad del oc\u00e9ano y el brillo de los cielos crepusculares.Cada zafiro y cristal est\u00e1 meticulosamente dispuesto para capturar la danza de la luz a trav\u00e9s de las ondulantes olas.Elegantes pero cautivadores, aportan una sensaci\u00f3n de tranquila sofisticaci\u00f3n - perfectos para reuniones nocturnas, escapadas junto al mar, o cualquier momento que requiera un tranquilo resplandor. Ligeras, duraderas y deslumbrantes desde todos los \u00e1ngulos, brillan con gracia perdurable.<\/p>","protected":false},"excerpt":{"rendered":"<p>Nombre: Ocean Star<br \/>\nMaterial: Plata 925<br \/>\nTipo de piedra: Cristal sint\u00e9tico<br \/>\nPeso total: 5,2 g<br \/>\nLongitud del pendiente: 2,9 cm<br \/>\nA\u00f1o\/temporada de lanzamiento: Invierno 2023<br \/>\nC\u00f3digo del producto: 23WE01<\/p>","protected":false},"featured_media":1099,"comment_status":"open","ping_status":"closed","template":"","meta":{"_acf_changed":false},"product_brand":[],"product_cat":[15],"product_tag":[],"class_list":{"0":"post-1098","1":"product","2":"type-product","3":"status-publish","4":"has-post-thumbnail","6":"product_cat-earrings","8":"first","9":"instock","10":"shipping-taxable","11":"purchasable","12":"product-type-simple","13":"wpzoom-wc-spi-has-enabled"},"acf":[],"_links":{"self":[{"href":"https:\/\/mythkeyjewelry.com\/es_es\/wp-json\/wp\/v2\/product\/1098","targetHints":{"allow":["GET"]}}],"collection":[{"href":"https:\/\/mythkeyjewelry.com\/es_es\/wp-json\/wp\/v2\/product"}],"about":[{"href":"https:\/\/mythkeyjewelry.com\/es_es\/wp-json\/wp\/v2\/types\/product"}],"replies":[{"embeddable":true,"href":"https:\/\/mythkeyjewelry.com\/es_es\/wp-json\/wp\/v2\/comments?post=1098"}],"version-history":[{"count":3,"href":"https:\/\/mythkeyjewelry.com\/es_es\/wp-json\/wp\/v2\/product\/1098\/revisions"}],"predecessor-version":[{"id":1240,"href":"https:\/\/mythkeyjewelry.com\/es_es\/wp-json\/wp\/v2\/product\/1098\/revisions\/1240"}],"wp:featuredmedia":[{"embeddable":true,"href":"https:\/\/mythkeyjewelry.com\/es_es\/wp-json\/wp\/v2\/media\/1099"}],"wp:attachment":[{"href":"https:\/\/mythkeyjewelry.com\/es_es\/wp-json\/wp\/v2\/media?parent=1098"}],"wp:term":[{"taxonomy":"product_brand","embeddable":true,"href":"https:\/\/mythkeyjewelry.com\/es_es\/wp-json\/wp\/v2\/product_brand?post=1098"},{"taxonomy":"product_cat","embeddable":true,"href":"https:\/\/mythkeyjewelry.com\/es_es\/wp-json\/wp\/v2\/product_cat?post=1098"},{"taxonomy":"product_tag","embeddable":true,"href":"https:\/\/mythkeyjewelry.com\/es_es\/wp-json\/wp\/v2\/product_tag?post=1098"}],"curies":[{"name":"wp","href":"https:\/\/api.w.org\/{rel}","templated":true}]}}