{"id":1131,"date":"2025-10-22T02:38:01","date_gmt":"2025-10-22T02:38:01","guid":{"rendered":"https:\/\/mythkeyjewelry.com\/?post_type=product&#038;p=1131"},"modified":"2025-10-24T02:09:42","modified_gmt":"2025-10-24T02:09:42","slug":"mythkey-oval-ruby-halo-earrings","status":"publish","type":"product","link":"https:\/\/mythkeyjewelry.com\/es_es\/producto\/mythkey-oval-ruby-halo-earrings\/","title":{"rendered":"MYTHKEY Pendientes Halo de Rub\u00ed Ovalado"},"content":{"rendered":"<p>Los pendientes MYTHKEY Oval Ruby Halo irradian pasi\u00f3n y aplomo a trav\u00e9s de su v\u00edvido brillo carmes\u00ed. El rub\u00ed de talla oval est\u00e1 enmarcado por un halo de cristales brillantes, s\u00edmbolo de fuerza, elegancia y encanto atemporal. Elaboradas con gemas sint\u00e9ticas talladas con precisi\u00f3n, ofrecen una claridad excepcional, una rica estabilidad del color y un brillo duradero. Ya sea para la elegancia nocturna o el refinamiento diario, aportan un toque de calidez y brillo a cada momento.<\/p>","protected":false},"excerpt":{"rendered":"<p>Nombre: Llama de la Eternidad<br \/>\nMaterial: Plata 925<br \/>\nTipo de piedra: Cristal sint\u00e9tico<br \/>\nTama\u00f1o de la piedra: 5*8mm<br \/>\nPeso total: 3,5 g<br \/>\nLongitud del pendiente: 1,2 cm<br \/>\nA\u00f1o\/temporada de lanzamiento: Invierno 2024<br \/>\nC\u00f3digo del producto: 24WE02<\/p>","protected":false},"featured_media":1132,"comment_status":"open","ping_status":"closed","template":"","meta":{"_acf_changed":false},"product_brand":[],"product_cat":[15],"product_tag":[],"class_list":{"0":"post-1131","1":"product","2":"type-product","3":"status-publish","4":"has-post-thumbnail","6":"product_cat-earrings","8":"first","9":"instock","10":"shipping-taxable","11":"purchasable","12":"product-type-simple","13":"wpzoom-wc-spi-has-enabled"},"acf":[],"_links":{"self":[{"href":"https:\/\/mythkeyjewelry.com\/es_es\/wp-json\/wp\/v2\/product\/1131","targetHints":{"allow":["GET"]}}],"collection":[{"href":"https:\/\/mythkeyjewelry.com\/es_es\/wp-json\/wp\/v2\/product"}],"about":[{"href":"https:\/\/mythkeyjewelry.com\/es_es\/wp-json\/wp\/v2\/types\/product"}],"replies":[{"embeddable":true,"href":"https:\/\/mythkeyjewelry.com\/es_es\/wp-json\/wp\/v2\/comments?post=1131"}],"version-history":[{"count":2,"href":"https:\/\/mythkeyjewelry.com\/es_es\/wp-json\/wp\/v2\/product\/1131\/revisions"}],"predecessor-version":[{"id":1220,"href":"https:\/\/mythkeyjewelry.com\/es_es\/wp-json\/wp\/v2\/product\/1131\/revisions\/1220"}],"wp:featuredmedia":[{"embeddable":true,"href":"https:\/\/mythkeyjewelry.com\/es_es\/wp-json\/wp\/v2\/media\/1132"}],"wp:attachment":[{"href":"https:\/\/mythkeyjewelry.com\/es_es\/wp-json\/wp\/v2\/media?parent=1131"}],"wp:term":[{"taxonomy":"product_brand","embeddable":true,"href":"https:\/\/mythkeyjewelry.com\/es_es\/wp-json\/wp\/v2\/product_brand?post=1131"},{"taxonomy":"product_cat","embeddable":true,"href":"https:\/\/mythkeyjewelry.com\/es_es\/wp-json\/wp\/v2\/product_cat?post=1131"},{"taxonomy":"product_tag","embeddable":true,"href":"https:\/\/mythkeyjewelry.com\/es_es\/wp-json\/wp\/v2\/product_tag?post=1131"}],"curies":[{"name":"wp","href":"https:\/\/api.w.org\/{rel}","templated":true}]}}