{"id":1201,"date":"2025-10-22T23:56:10","date_gmt":"2025-10-22T23:56:10","guid":{"rendered":"https:\/\/mythkeyjewelry.com\/?post_type=product&#038;p=1201"},"modified":"2025-10-24T02:07:27","modified_gmt":"2025-10-24T02:07:27","slug":"mythkey-oval-blue-crystal-halo-earrings","status":"publish","type":"product","link":"https:\/\/mythkeyjewelry.com\/es_es\/producto\/mythkey-oval-blue-crystal-halo-earrings\/","title":{"rendered":"MYTHKEY Pendientes Ovalados Halo Cristal Azul"},"content":{"rendered":"<p>Radiantes y refinados, los pendientes MYTHKEY Azure Halo capturan la tranquila belleza de un horizonte azul claro. El cristal azul de talla ovalada est\u00e1 rodeado por un luminoso halo de piedras brillantes, que reflejan serenidad y fuerza. Elaborados con precisi\u00f3n y esmero, ofrecen un brillo duradero, una claridad excepcional y una elegancia sin esfuerzo: perfectos para los d\u00edas luminosos, las noches elegantes y todo lo dem\u00e1s.<\/p>","protected":false},"excerpt":{"rendered":"<p>Nombre: Azure Halo<br \/>\nMaterial: Plata 925<br \/>\nTipo de piedra: Cristal sint\u00e9tico<br \/>\nTama\u00f1o de la piedra: 6*8mm<br \/>\nPeso total: 2,9 g<br \/>\nLongitud del pendiente: 1,2 cm<br \/>\nA\u00f1o\/temporada de lanzamiento: Verano de 2025<br \/>\nC\u00f3digo del producto: 25SSE02<\/p>","protected":false},"featured_media":1211,"comment_status":"open","ping_status":"closed","template":"","meta":{"_acf_changed":false},"product_brand":[],"product_cat":[15],"product_tag":[],"class_list":{"0":"post-1201","1":"product","2":"type-product","3":"status-publish","4":"has-post-thumbnail","6":"product_cat-earrings","8":"first","9":"instock","10":"shipping-taxable","11":"purchasable","12":"product-type-simple","13":"wpzoom-wc-spi-has-enabled"},"acf":[],"_links":{"self":[{"href":"https:\/\/mythkeyjewelry.com\/es_es\/wp-json\/wp\/v2\/product\/1201","targetHints":{"allow":["GET"]}}],"collection":[{"href":"https:\/\/mythkeyjewelry.com\/es_es\/wp-json\/wp\/v2\/product"}],"about":[{"href":"https:\/\/mythkeyjewelry.com\/es_es\/wp-json\/wp\/v2\/types\/product"}],"replies":[{"embeddable":true,"href":"https:\/\/mythkeyjewelry.com\/es_es\/wp-json\/wp\/v2\/comments?post=1201"}],"version-history":[{"count":4,"href":"https:\/\/mythkeyjewelry.com\/es_es\/wp-json\/wp\/v2\/product\/1201\/revisions"}],"predecessor-version":[{"id":1215,"href":"https:\/\/mythkeyjewelry.com\/es_es\/wp-json\/wp\/v2\/product\/1201\/revisions\/1215"}],"wp:featuredmedia":[{"embeddable":true,"href":"https:\/\/mythkeyjewelry.com\/es_es\/wp-json\/wp\/v2\/media\/1211"}],"wp:attachment":[{"href":"https:\/\/mythkeyjewelry.com\/es_es\/wp-json\/wp\/v2\/media?parent=1201"}],"wp:term":[{"taxonomy":"product_brand","embeddable":true,"href":"https:\/\/mythkeyjewelry.com\/es_es\/wp-json\/wp\/v2\/product_brand?post=1201"},{"taxonomy":"product_cat","embeddable":true,"href":"https:\/\/mythkeyjewelry.com\/es_es\/wp-json\/wp\/v2\/product_cat?post=1201"},{"taxonomy":"product_tag","embeddable":true,"href":"https:\/\/mythkeyjewelry.com\/es_es\/wp-json\/wp\/v2\/product_tag?post=1201"}],"curies":[{"name":"wp","href":"https:\/\/api.w.org\/{rel}","templated":true}]}}