{"id":1268,"date":"2025-10-25T01:29:57","date_gmt":"2025-10-25T01:29:57","guid":{"rendered":"https:\/\/mythkeyjewelry.com\/?post_type=product&#038;p=1268"},"modified":"2025-11-01T00:38:16","modified_gmt":"2025-11-01T00:38:16","slug":"mythkey-4-carat-pear-cut-blue-crystal-diamond-ring","status":"publish","type":"product","link":"https:\/\/mythkeyjewelry.com\/es_es\/producto\/mythkey-4-carat-pear-cut-blue-crystal-diamond-ring\/","title":{"rendered":"MYTHKEY Anillo de diamantes de cristal azul talla pera de 4 quilates"},"content":{"rendered":"<p>Et\u00e9reo y cautivador, el anillo MYTHKEY Aqua Blossom captura la serenidad del agua y el brillo de la luz.En su coraz\u00f3n se encuentra un cristal azul talla pera, rodeado de piedras talla marquesa que florecen como p\u00e9talos en movimiento.El dise\u00f1o irradia gracia y confianza, una armon\u00eda perfecta de suavidad y fuerza.Delicadamente elaborado para una elegancia moderna, brilla con cada movimiento, reflejando una belleza atemporal y una calma interior.<\/p>","protected":false},"excerpt":{"rendered":"<p>Nombre: Aqua Blossom<br \/>\nMaterial: Plata 925<br \/>\nPiedra principal: Cristal sint\u00e9tico de 4 quilates<br \/>\nTama\u00f1o de la piedra: 8*12 mm<br \/>\nPeso total: 6,9 g<br \/>\nA\u00f1o\/temporada de lanzamiento: Verano de 2025<br \/>\nC\u00f3digo del producto: 25SSR03<\/p>","protected":false},"featured_media":1269,"comment_status":"open","ping_status":"closed","template":"","meta":{"_acf_changed":false},"product_brand":[],"product_cat":[30],"product_tag":[],"class_list":{"0":"post-1268","1":"product","2":"type-product","3":"status-publish","4":"has-post-thumbnail","6":"product_cat-rings","8":"first","9":"instock","10":"shipping-taxable","11":"purchasable","12":"product-type-simple","13":"wpzoom-wc-spi-has-enabled"},"acf":[],"_links":{"self":[{"href":"https:\/\/mythkeyjewelry.com\/es_es\/wp-json\/wp\/v2\/product\/1268","targetHints":{"allow":["GET"]}}],"collection":[{"href":"https:\/\/mythkeyjewelry.com\/es_es\/wp-json\/wp\/v2\/product"}],"about":[{"href":"https:\/\/mythkeyjewelry.com\/es_es\/wp-json\/wp\/v2\/types\/product"}],"replies":[{"embeddable":true,"href":"https:\/\/mythkeyjewelry.com\/es_es\/wp-json\/wp\/v2\/comments?post=1268"}],"version-history":[{"count":2,"href":"https:\/\/mythkeyjewelry.com\/es_es\/wp-json\/wp\/v2\/product\/1268\/revisions"}],"predecessor-version":[{"id":1279,"href":"https:\/\/mythkeyjewelry.com\/es_es\/wp-json\/wp\/v2\/product\/1268\/revisions\/1279"}],"wp:featuredmedia":[{"embeddable":true,"href":"https:\/\/mythkeyjewelry.com\/es_es\/wp-json\/wp\/v2\/media\/1269"}],"wp:attachment":[{"href":"https:\/\/mythkeyjewelry.com\/es_es\/wp-json\/wp\/v2\/media?parent=1268"}],"wp:term":[{"taxonomy":"product_brand","embeddable":true,"href":"https:\/\/mythkeyjewelry.com\/es_es\/wp-json\/wp\/v2\/product_brand?post=1268"},{"taxonomy":"product_cat","embeddable":true,"href":"https:\/\/mythkeyjewelry.com\/es_es\/wp-json\/wp\/v2\/product_cat?post=1268"},{"taxonomy":"product_tag","embeddable":true,"href":"https:\/\/mythkeyjewelry.com\/es_es\/wp-json\/wp\/v2\/product_tag?post=1268"}],"curies":[{"name":"wp","href":"https:\/\/api.w.org\/{rel}","templated":true}]}}