{"id":1275,"date":"2025-10-25T02:07:29","date_gmt":"2025-10-25T02:07:29","guid":{"rendered":"https:\/\/mythkeyjewelry.com\/?post_type=product&#038;p=1275"},"modified":"2025-11-01T00:35:52","modified_gmt":"2025-11-01T00:35:52","slug":"mythkey-8-5-carat-emerald-cut-pink-crystal-diamond-ring","status":"publish","type":"product","link":"https:\/\/mythkeyjewelry.com\/es_es\/producto\/mythkey-8-5-carat-emerald-cut-pink-crystal-diamond-ring\/","title":{"rendered":"MYTHKEY Anillo de Diamantes Cristal Rosa talla Esmeralda de 8,5 Quilates"},"content":{"rendered":"<p>Atemporal y luminoso, el anillo MYTHKEY Rose Radiance encarna la poes\u00eda de la luz a trav\u00e9s de un impresionante cristal rosa talla esmeralda. Enmarcado por diamantes laterales c\u00f3nicos, su simetr\u00eda geom\u00e9trica realza el suave tono rubor de la gema y su brillo interior. Gr\u00e1cil pero poderoso, este anillo simboliza el amor, la serenidad y la confianza refinada: una declaraci\u00f3n radiante para cualquier ocasi\u00f3n.<\/p>","protected":false},"excerpt":{"rendered":"<p>Nombre: Rosa Resplandor<br \/>\nMaterial: Plata 925<br \/>\nPiedra principal: Cristal sint\u00e9tico de 8,5 quilates<br \/>\nTama\u00f1o de la piedra: 10*19 mm<br \/>\nPeso total: 6,9 g<br \/>\nA\u00f1o\/temporada de lanzamiento: Invierno 2025<br \/>\nC\u00f3digo del producto: 25WR01<\/p>","protected":false},"featured_media":1263,"comment_status":"open","ping_status":"closed","template":"","meta":{"_acf_changed":false},"product_brand":[],"product_cat":[30],"product_tag":[],"class_list":{"0":"post-1275","1":"product","2":"type-product","3":"status-publish","4":"has-post-thumbnail","6":"product_cat-rings","8":"first","9":"instock","10":"shipping-taxable","11":"purchasable","12":"product-type-simple","13":"wpzoom-wc-spi-has-enabled"},"acf":[],"_links":{"self":[{"href":"https:\/\/mythkeyjewelry.com\/es_es\/wp-json\/wp\/v2\/product\/1275","targetHints":{"allow":["GET"]}}],"collection":[{"href":"https:\/\/mythkeyjewelry.com\/es_es\/wp-json\/wp\/v2\/product"}],"about":[{"href":"https:\/\/mythkeyjewelry.com\/es_es\/wp-json\/wp\/v2\/types\/product"}],"replies":[{"embeddable":true,"href":"https:\/\/mythkeyjewelry.com\/es_es\/wp-json\/wp\/v2\/comments?post=1275"}],"version-history":[{"count":3,"href":"https:\/\/mythkeyjewelry.com\/es_es\/wp-json\/wp\/v2\/product\/1275\/revisions"}],"predecessor-version":[{"id":1366,"href":"https:\/\/mythkeyjewelry.com\/es_es\/wp-json\/wp\/v2\/product\/1275\/revisions\/1366"}],"wp:featuredmedia":[{"embeddable":true,"href":"https:\/\/mythkeyjewelry.com\/es_es\/wp-json\/wp\/v2\/media\/1263"}],"wp:attachment":[{"href":"https:\/\/mythkeyjewelry.com\/es_es\/wp-json\/wp\/v2\/media?parent=1275"}],"wp:term":[{"taxonomy":"product_brand","embeddable":true,"href":"https:\/\/mythkeyjewelry.com\/es_es\/wp-json\/wp\/v2\/product_brand?post=1275"},{"taxonomy":"product_cat","embeddable":true,"href":"https:\/\/mythkeyjewelry.com\/es_es\/wp-json\/wp\/v2\/product_cat?post=1275"},{"taxonomy":"product_tag","embeddable":true,"href":"https:\/\/mythkeyjewelry.com\/es_es\/wp-json\/wp\/v2\/product_tag?post=1275"}],"curies":[{"name":"wp","href":"https:\/\/api.w.org\/{rel}","templated":true}]}}