{"id":1280,"date":"2025-10-25T02:30:01","date_gmt":"2025-10-25T02:30:01","guid":{"rendered":"https:\/\/mythkeyjewelry.com\/?post_type=product&#038;p=1280"},"modified":"2025-11-01T00:35:24","modified_gmt":"2025-11-01T00:35:24","slug":"mythkey-oval-blue-crystal-floral-diamond-ring","status":"publish","type":"product","link":"https:\/\/mythkeyjewelry.com\/es_es\/producto\/mythkey-oval-blue-crystal-floral-diamond-ring\/","title":{"rendered":"MYTHKEY Anillo de Diamantes Florales de Cristal Azul Ovalado"},"content":{"rendered":"<p>Fresco y elegante, el anillo Spring Bloom de MYTHKEY captura la belleza de un jard\u00edn iluminado por el sol despu\u00e9s de la lluvia.Un cristal azul de talla ovalada resplandece en el centro, rodeado de delicados motivos florales engastados con piedras amarillas y blancas.Cada p\u00e9talo refleja alegr\u00eda y renovaci\u00f3n - una armon\u00eda de color y luz. Ligero, refinado y elegante atemporal, aporta un toque de primavera a cada estaci\u00f3n.<\/p>","protected":false},"excerpt":{"rendered":"<p>Nombre: Flor de primavera<br \/>\nMaterial: Plata 925<br \/>\nPiedra principal: Cristal sint\u00e9tico de 1,5 quilates<br \/>\nTama\u00f1o de la piedra: 7*9 mm<br \/>\nPeso total: 4,5 g<br \/>\nA\u00f1o\/temporada de lanzamiento: Primavera 2025<br \/>\nC\u00f3digo del producto: 25SR09<\/p>","protected":false},"featured_media":1264,"comment_status":"open","ping_status":"closed","template":"","meta":{"_acf_changed":false},"product_brand":[],"product_cat":[30],"product_tag":[],"class_list":{"0":"post-1280","1":"product","2":"type-product","3":"status-publish","4":"has-post-thumbnail","6":"product_cat-rings","8":"first","9":"instock","10":"shipping-taxable","11":"purchasable","12":"product-type-simple","13":"wpzoom-wc-spi-has-enabled"},"acf":[],"_links":{"self":[{"href":"https:\/\/mythkeyjewelry.com\/es_es\/wp-json\/wp\/v2\/product\/1280","targetHints":{"allow":["GET"]}}],"collection":[{"href":"https:\/\/mythkeyjewelry.com\/es_es\/wp-json\/wp\/v2\/product"}],"about":[{"href":"https:\/\/mythkeyjewelry.com\/es_es\/wp-json\/wp\/v2\/types\/product"}],"replies":[{"embeddable":true,"href":"https:\/\/mythkeyjewelry.com\/es_es\/wp-json\/wp\/v2\/comments?post=1280"}],"version-history":[{"count":2,"href":"https:\/\/mythkeyjewelry.com\/es_es\/wp-json\/wp\/v2\/product\/1280\/revisions"}],"predecessor-version":[{"id":1466,"href":"https:\/\/mythkeyjewelry.com\/es_es\/wp-json\/wp\/v2\/product\/1280\/revisions\/1466"}],"wp:featuredmedia":[{"embeddable":true,"href":"https:\/\/mythkeyjewelry.com\/es_es\/wp-json\/wp\/v2\/media\/1264"}],"wp:attachment":[{"href":"https:\/\/mythkeyjewelry.com\/es_es\/wp-json\/wp\/v2\/media?parent=1280"}],"wp:term":[{"taxonomy":"product_brand","embeddable":true,"href":"https:\/\/mythkeyjewelry.com\/es_es\/wp-json\/wp\/v2\/product_brand?post=1280"},{"taxonomy":"product_cat","embeddable":true,"href":"https:\/\/mythkeyjewelry.com\/es_es\/wp-json\/wp\/v2\/product_cat?post=1280"},{"taxonomy":"product_tag","embeddable":true,"href":"https:\/\/mythkeyjewelry.com\/es_es\/wp-json\/wp\/v2\/product_tag?post=1280"}],"curies":[{"name":"wp","href":"https:\/\/api.w.org\/{rel}","templated":true}]}}