{"id":1284,"date":"2025-10-25T03:02:11","date_gmt":"2025-10-25T03:02:11","guid":{"rendered":"https:\/\/mythkeyjewelry.com\/?post_type=product&#038;p=1284"},"modified":"2025-11-01T00:34:50","modified_gmt":"2025-11-01T00:34:50","slug":"mythkey-3-carat-pear-cut-blue-crystal-star-diamond-ring","status":"publish","type":"product","link":"https:\/\/mythkeyjewelry.com\/es_es\/producto\/mythkey-3-carat-pear-cut-blue-crystal-star-diamond-ring\/","title":{"rendered":"MYTHKEY Anillo de diamantes estrella talla pera de 3 quilates y cristal azul"},"content":{"rendered":"<p>Brillante y et\u00e9reo, el anillo MYTHKEY Starlit Bloom captura la magia de un cielo nocturno iluminado por una \u00fanica estrella radiante.Un cristal azul talla pera descansa en su coraz\u00f3n, rodeado de piedras talla marquesa y pera que se despliegan como p\u00e9talos celestiales.La luz baila a trav\u00e9s de cada faceta, reflejando confianza, gracia y encanto infinito. Delicadamente esculpido para encarnar la fuerza y la serenidad, es una verdadera declaraci\u00f3n de belleza luminosa.<\/p>","protected":false},"excerpt":{"rendered":"<p>Nombre: Starlit Bloom<br \/>\nMaterial: Plata 925<br \/>\nPiedra principal: Cristal sint\u00e9tico de 3 quilates<br \/>\nTama\u00f1o de la piedra: 9*10 mm<br \/>\nPeso total: 5,2 g<br \/>\nA\u00f1o\/temporada de lanzamiento: Oto\u00f1o 2025<br \/>\nC\u00f3digo del producto: 25AR01<\/p>","protected":false},"featured_media":1285,"comment_status":"open","ping_status":"closed","template":"","meta":{"_acf_changed":false},"product_brand":[],"product_cat":[30],"product_tag":[],"class_list":{"0":"post-1284","1":"product","2":"type-product","3":"status-publish","4":"has-post-thumbnail","6":"product_cat-rings","8":"first","9":"instock","10":"shipping-taxable","11":"purchasable","12":"product-type-simple","13":"wpzoom-wc-spi-has-enabled"},"acf":[],"_links":{"self":[{"href":"https:\/\/mythkeyjewelry.com\/es_es\/wp-json\/wp\/v2\/product\/1284","targetHints":{"allow":["GET"]}}],"collection":[{"href":"https:\/\/mythkeyjewelry.com\/es_es\/wp-json\/wp\/v2\/product"}],"about":[{"href":"https:\/\/mythkeyjewelry.com\/es_es\/wp-json\/wp\/v2\/types\/product"}],"replies":[{"embeddable":true,"href":"https:\/\/mythkeyjewelry.com\/es_es\/wp-json\/wp\/v2\/comments?post=1284"}],"version-history":[{"count":2,"href":"https:\/\/mythkeyjewelry.com\/es_es\/wp-json\/wp\/v2\/product\/1284\/revisions"}],"predecessor-version":[{"id":1351,"href":"https:\/\/mythkeyjewelry.com\/es_es\/wp-json\/wp\/v2\/product\/1284\/revisions\/1351"}],"wp:featuredmedia":[{"embeddable":true,"href":"https:\/\/mythkeyjewelry.com\/es_es\/wp-json\/wp\/v2\/media\/1285"}],"wp:attachment":[{"href":"https:\/\/mythkeyjewelry.com\/es_es\/wp-json\/wp\/v2\/media?parent=1284"}],"wp:term":[{"taxonomy":"product_brand","embeddable":true,"href":"https:\/\/mythkeyjewelry.com\/es_es\/wp-json\/wp\/v2\/product_brand?post=1284"},{"taxonomy":"product_cat","embeddable":true,"href":"https:\/\/mythkeyjewelry.com\/es_es\/wp-json\/wp\/v2\/product_cat?post=1284"},{"taxonomy":"product_tag","embeddable":true,"href":"https:\/\/mythkeyjewelry.com\/es_es\/wp-json\/wp\/v2\/product_tag?post=1284"}],"curies":[{"name":"wp","href":"https:\/\/api.w.org\/{rel}","templated":true}]}}