{"id":1300,"date":"2025-10-27T01:19:49","date_gmt":"2025-10-27T01:19:49","guid":{"rendered":"https:\/\/mythkeyjewelry.com\/?post_type=product&#038;p=1300"},"modified":"2025-11-01T00:26:32","modified_gmt":"2025-11-01T00:26:32","slug":"mythkey-7-carat-cushion-cut-pink-crystal-diamond-ring","status":"publish","type":"product","link":"https:\/\/mythkeyjewelry.com\/es_es\/producto\/mythkey-7-carat-cushion-cut-pink-crystal-diamond-ring\/","title":{"rendered":"MYTHKEY Anillo de Diamantes de Cristal Rosa talla coj\u00edn de 7 Quilates"},"content":{"rendered":"<p>Majestuoso y radiante, el anillo MYTHKEY Rose Crown encarna la esencia de la gracia moderna a trav\u00e9s de su exquisito cristal rosa talla coj\u00edn de 7 quilates. Enmarcado por brillantes diamantes blancos y blush, refleja la luz con una profundidad poco com\u00fan y un brillo atemporal. S\u00edmbolo de confianza y encanto refinado, esta obra maestra celebra la belleza que reina con fuerza silenciosa: luminosa, majestuosa e inolvidable.<\/p>","protected":false},"excerpt":{"rendered":"<p>Nombre: Corona Rosa<br \/>\nMaterial: Plata 925<br \/>\nPiedra principal: Cristal sint\u00e9tico de 7 quilates<br \/>\nTama\u00f1o de la piedra: 12*12 mm<br \/>\nPeso total: 7,8 g<br \/>\nA\u00f1o\/temporada de lanzamiento: Primavera 2025<br \/>\nC\u00f3digo del producto: 25SR04<\/p>","protected":false},"featured_media":1301,"comment_status":"open","ping_status":"closed","template":"","meta":{"_acf_changed":false},"product_brand":[],"product_cat":[30],"product_tag":[],"class_list":{"0":"post-1300","1":"product","2":"type-product","3":"status-publish","4":"has-post-thumbnail","6":"product_cat-rings","8":"first","9":"instock","10":"shipping-taxable","11":"purchasable","12":"product-type-simple","13":"wpzoom-wc-spi-has-enabled"},"acf":[],"_links":{"self":[{"href":"https:\/\/mythkeyjewelry.com\/es_es\/wp-json\/wp\/v2\/product\/1300","targetHints":{"allow":["GET"]}}],"collection":[{"href":"https:\/\/mythkeyjewelry.com\/es_es\/wp-json\/wp\/v2\/product"}],"about":[{"href":"https:\/\/mythkeyjewelry.com\/es_es\/wp-json\/wp\/v2\/types\/product"}],"replies":[{"embeddable":true,"href":"https:\/\/mythkeyjewelry.com\/es_es\/wp-json\/wp\/v2\/comments?post=1300"}],"version-history":[{"count":2,"href":"https:\/\/mythkeyjewelry.com\/es_es\/wp-json\/wp\/v2\/product\/1300\/revisions"}],"predecessor-version":[{"id":1546,"href":"https:\/\/mythkeyjewelry.com\/es_es\/wp-json\/wp\/v2\/product\/1300\/revisions\/1546"}],"wp:featuredmedia":[{"embeddable":true,"href":"https:\/\/mythkeyjewelry.com\/es_es\/wp-json\/wp\/v2\/media\/1301"}],"wp:attachment":[{"href":"https:\/\/mythkeyjewelry.com\/es_es\/wp-json\/wp\/v2\/media?parent=1300"}],"wp:term":[{"taxonomy":"product_brand","embeddable":true,"href":"https:\/\/mythkeyjewelry.com\/es_es\/wp-json\/wp\/v2\/product_brand?post=1300"},{"taxonomy":"product_cat","embeddable":true,"href":"https:\/\/mythkeyjewelry.com\/es_es\/wp-json\/wp\/v2\/product_cat?post=1300"},{"taxonomy":"product_tag","embeddable":true,"href":"https:\/\/mythkeyjewelry.com\/es_es\/wp-json\/wp\/v2\/product_tag?post=1300"}],"curies":[{"name":"wp","href":"https:\/\/api.w.org\/{rel}","templated":true}]}}