{"id":1340,"date":"2025-10-27T05:34:01","date_gmt":"2025-10-27T05:34:01","guid":{"rendered":"https:\/\/mythkeyjewelry.com\/?post_type=product&#038;p=1340"},"modified":"2025-11-24T05:44:21","modified_gmt":"2025-11-24T05:44:21","slug":"mythkey-oval-ruby-halo-ring","status":"publish","type":"product","link":"https:\/\/mythkeyjewelry.com\/es_es\/producto\/mythkey-oval-ruby-halo-ring\/","title":{"rendered":"MYTHKEY Anillo Halo de Rub\u00ed Ovalado"},"content":{"rendered":"<p>El Anillo Halo de Rub\u00ed Ovalado MYTHKEY - Llama de la Eternidad enciende la elegancia atemporal con su v\u00edvido resplandor carmes\u00ed.El rub\u00ed de talla oval descansa en el coraz\u00f3n de un refinado engaste de plata, enmarcado por brillantes cristales que irradian calidez y fuerza.Elaborado con gemas sint\u00e9ticas talladas con precisi\u00f3n, ofrece una claridad duradera, una rica estabilidad del color y un brillo perdurable.Tanto si se lleva para la sofisticaci\u00f3n nocturna como para la confianza diaria, este anillo captura el esp\u00edritu de la pasi\u00f3n que nunca se desvanece - un verdadero s\u00edmbolo de elegancia en cualquier \u00e9poca.<\/p>","protected":false},"excerpt":{"rendered":"<p>Nombre: Llama de la Eternidad<br \/>\nMaterial: Plata 925<br \/>\nPiedra principal: Cristal sint\u00e9tico de 1,2 quilates<br \/>\nTama\u00f1o de la piedra: 6*8 mm<br \/>\nPeso total: 4,1 g<br \/>\nA\u00f1o\/temporada de lanzamiento: Invierno 2024<br \/>\nC\u00f3digo del producto: 24WR02<\/p>","protected":false},"featured_media":1419,"comment_status":"open","ping_status":"closed","template":"","meta":{"_acf_changed":false},"product_brand":[],"product_cat":[30],"product_tag":[],"class_list":{"0":"post-1340","1":"product","2":"type-product","3":"status-publish","4":"has-post-thumbnail","6":"product_cat-rings","8":"first","9":"instock","10":"shipping-taxable","11":"purchasable","12":"product-type-simple","13":"wpzoom-wc-spi-has-enabled"},"acf":[],"_links":{"self":[{"href":"https:\/\/mythkeyjewelry.com\/es_es\/wp-json\/wp\/v2\/product\/1340","targetHints":{"allow":["GET"]}}],"collection":[{"href":"https:\/\/mythkeyjewelry.com\/es_es\/wp-json\/wp\/v2\/product"}],"about":[{"href":"https:\/\/mythkeyjewelry.com\/es_es\/wp-json\/wp\/v2\/types\/product"}],"replies":[{"embeddable":true,"href":"https:\/\/mythkeyjewelry.com\/es_es\/wp-json\/wp\/v2\/comments?post=1340"}],"version-history":[{"count":1,"href":"https:\/\/mythkeyjewelry.com\/es_es\/wp-json\/wp\/v2\/product\/1340\/revisions"}],"predecessor-version":[{"id":1346,"href":"https:\/\/mythkeyjewelry.com\/es_es\/wp-json\/wp\/v2\/product\/1340\/revisions\/1346"}],"wp:featuredmedia":[{"embeddable":true,"href":"https:\/\/mythkeyjewelry.com\/es_es\/wp-json\/wp\/v2\/media\/1419"}],"wp:attachment":[{"href":"https:\/\/mythkeyjewelry.com\/es_es\/wp-json\/wp\/v2\/media?parent=1340"}],"wp:term":[{"taxonomy":"product_brand","embeddable":true,"href":"https:\/\/mythkeyjewelry.com\/es_es\/wp-json\/wp\/v2\/product_brand?post=1340"},{"taxonomy":"product_cat","embeddable":true,"href":"https:\/\/mythkeyjewelry.com\/es_es\/wp-json\/wp\/v2\/product_cat?post=1340"},{"taxonomy":"product_tag","embeddable":true,"href":"https:\/\/mythkeyjewelry.com\/es_es\/wp-json\/wp\/v2\/product_tag?post=1340"}],"curies":[{"name":"wp","href":"https:\/\/api.w.org\/{rel}","templated":true}]}}