{"id":1356,"date":"2025-10-27T23:38:43","date_gmt":"2025-10-27T23:38:43","guid":{"rendered":"https:\/\/mythkeyjewelry.com\/?post_type=product&#038;p=1356"},"modified":"2025-11-01T00:31:22","modified_gmt":"2025-11-01T00:31:22","slug":"mythkey-oval-sapphire-halo-ring","status":"publish","type":"product","link":"https:\/\/mythkeyjewelry.com\/es_es\/producto\/mythkey-oval-sapphire-halo-ring\/","title":{"rendered":"MYTHKEY Anillo Halo Zafiro Ovalado"},"content":{"rendered":"<p>El anillo MYTHKEY con halo de zafiro ovalado - Ocean Oval Eternity encarna la profundidad y el brillo inspirados en el mar sin l\u00edmites.El cristal azul de talla ovalada resplandece con serena intensidad, rodeado por un radiante halo de piedras talladas con precisi\u00f3n que hacen eco de las olas bajo la luz de la luna.Ofrece claridad duradera, estabilidad de color y elegancia perdurable.Perfecto tanto para veladas refinadas como para la gracia cotidiana, captura la eterna serenidad del oc\u00e9ano en un dise\u00f1o \u00fanico y atemporal.<\/p>","protected":false},"excerpt":{"rendered":"<p>Nombre: Ocean Oval Eternity<br \/>\nMaterial: Plata 925<br \/>\nPiedra principal: Cristal sint\u00e9tico de 1,8 quilates<br \/>\nTama\u00f1o de la piedra: 7*9 mm<br \/>\nPeso total: 4,1 g<br \/>\nA\u00f1o\/temporada de lanzamiento: Invierno 2024<br \/>\nC\u00f3digo del producto: 24WR01<\/p>","protected":false},"featured_media":1361,"comment_status":"open","ping_status":"closed","template":"","meta":{"_acf_changed":false},"product_brand":[],"product_cat":[30],"product_tag":[],"class_list":{"0":"post-1356","1":"product","2":"type-product","3":"status-publish","4":"has-post-thumbnail","6":"product_cat-rings","8":"first","9":"instock","10":"shipping-taxable","11":"purchasable","12":"product-type-simple","13":"wpzoom-wc-spi-has-enabled"},"acf":[],"_links":{"self":[{"href":"https:\/\/mythkeyjewelry.com\/es_es\/wp-json\/wp\/v2\/product\/1356","targetHints":{"allow":["GET"]}}],"collection":[{"href":"https:\/\/mythkeyjewelry.com\/es_es\/wp-json\/wp\/v2\/product"}],"about":[{"href":"https:\/\/mythkeyjewelry.com\/es_es\/wp-json\/wp\/v2\/types\/product"}],"replies":[{"embeddable":true,"href":"https:\/\/mythkeyjewelry.com\/es_es\/wp-json\/wp\/v2\/comments?post=1356"}],"version-history":[{"count":2,"href":"https:\/\/mythkeyjewelry.com\/es_es\/wp-json\/wp\/v2\/product\/1356\/revisions"}],"predecessor-version":[{"id":1363,"href":"https:\/\/mythkeyjewelry.com\/es_es\/wp-json\/wp\/v2\/product\/1356\/revisions\/1363"}],"wp:featuredmedia":[{"embeddable":true,"href":"https:\/\/mythkeyjewelry.com\/es_es\/wp-json\/wp\/v2\/media\/1361"}],"wp:attachment":[{"href":"https:\/\/mythkeyjewelry.com\/es_es\/wp-json\/wp\/v2\/media?parent=1356"}],"wp:term":[{"taxonomy":"product_brand","embeddable":true,"href":"https:\/\/mythkeyjewelry.com\/es_es\/wp-json\/wp\/v2\/product_brand?post=1356"},{"taxonomy":"product_cat","embeddable":true,"href":"https:\/\/mythkeyjewelry.com\/es_es\/wp-json\/wp\/v2\/product_cat?post=1356"},{"taxonomy":"product_tag","embeddable":true,"href":"https:\/\/mythkeyjewelry.com\/es_es\/wp-json\/wp\/v2\/product_tag?post=1356"}],"curies":[{"name":"wp","href":"https:\/\/api.w.org\/{rel}","templated":true}]}}