{"id":1367,"date":"2025-10-28T21:09:58","date_gmt":"2025-10-28T21:09:58","guid":{"rendered":"https:\/\/mythkeyjewelry.com\/?post_type=product&#038;p=1367"},"modified":"2025-11-01T00:27:08","modified_gmt":"2025-11-01T00:27:08","slug":"mythkey-ruby-interwoven-diamond-band-ring","status":"publish","type":"product","link":"https:\/\/mythkeyjewelry.com\/es_es\/producto\/mythkey-ruby-interwoven-diamond-band-ring\/","title":{"rendered":"MYTHKEY Anillo de rub\u00ed entrelazado con diamantes"},"content":{"rendered":"<p>Elegante y radiante, el anillo MYTHKEY Crimson Weave entrelaza pasi\u00f3n y gracia en un flujo de luz sin fisuras.Hileras de v\u00edvidos rub\u00edes se entrelazan delicadamente con brillantes diamantes, creando un patr\u00f3n r\u00edtmico que simboliza la unidad y la fuerza.Elaborado con precisi\u00f3n y arte, ofrece un brillo duradero y una sofisticaci\u00f3n atemporal, una declaraci\u00f3n de refinada belleza que resplandece con cada gesto.<\/p>","protected":false},"excerpt":{"rendered":"<p>Nombre: Tejido Carmes\u00ed<br \/>\nMaterial: Plata 925<br \/>\nPiedra principal: Cristal sint\u00e9tico<br \/>\nPeso total: 4,2 g<br \/>\nA\u00f1o\/temporada de lanzamiento: Invierno 2025<br \/>\nC\u00f3digo del producto: 25WR02<\/p>","protected":false},"featured_media":1368,"comment_status":"open","ping_status":"closed","template":"","meta":{"_acf_changed":false},"product_brand":[],"product_cat":[30],"product_tag":[],"class_list":{"0":"post-1367","1":"product","2":"type-product","3":"status-publish","4":"has-post-thumbnail","6":"product_cat-rings","8":"first","9":"instock","10":"shipping-taxable","11":"purchasable","12":"product-type-simple","13":"wpzoom-wc-spi-has-enabled"},"acf":[],"_links":{"self":[{"href":"https:\/\/mythkeyjewelry.com\/es_es\/wp-json\/wp\/v2\/product\/1367","targetHints":{"allow":["GET"]}}],"collection":[{"href":"https:\/\/mythkeyjewelry.com\/es_es\/wp-json\/wp\/v2\/product"}],"about":[{"href":"https:\/\/mythkeyjewelry.com\/es_es\/wp-json\/wp\/v2\/types\/product"}],"replies":[{"embeddable":true,"href":"https:\/\/mythkeyjewelry.com\/es_es\/wp-json\/wp\/v2\/comments?post=1367"}],"version-history":[{"count":1,"href":"https:\/\/mythkeyjewelry.com\/es_es\/wp-json\/wp\/v2\/product\/1367\/revisions"}],"predecessor-version":[{"id":1373,"href":"https:\/\/mythkeyjewelry.com\/es_es\/wp-json\/wp\/v2\/product\/1367\/revisions\/1373"}],"wp:featuredmedia":[{"embeddable":true,"href":"https:\/\/mythkeyjewelry.com\/es_es\/wp-json\/wp\/v2\/media\/1368"}],"wp:attachment":[{"href":"https:\/\/mythkeyjewelry.com\/es_es\/wp-json\/wp\/v2\/media?parent=1367"}],"wp:term":[{"taxonomy":"product_brand","embeddable":true,"href":"https:\/\/mythkeyjewelry.com\/es_es\/wp-json\/wp\/v2\/product_brand?post=1367"},{"taxonomy":"product_cat","embeddable":true,"href":"https:\/\/mythkeyjewelry.com\/es_es\/wp-json\/wp\/v2\/product_cat?post=1367"},{"taxonomy":"product_tag","embeddable":true,"href":"https:\/\/mythkeyjewelry.com\/es_es\/wp-json\/wp\/v2\/product_tag?post=1367"}],"curies":[{"name":"wp","href":"https:\/\/api.w.org\/{rel}","templated":true}]}}