{"id":1391,"date":"2025-10-29T06:18:22","date_gmt":"2025-10-29T06:18:22","guid":{"rendered":"https:\/\/mythkeyjewelry.com\/?post_type=product&#038;p=1391"},"modified":"2025-11-01T00:32:36","modified_gmt":"2025-11-01T00:32:36","slug":"mythkey-green-crystal-leaf-band-ring","status":"publish","type":"product","link":"https:\/\/mythkeyjewelry.com\/es_es\/producto\/mythkey-green-crystal-leaf-band-ring\/","title":{"rendered":"MYTHKEY Anillo Hoja Cristal Verde"},"content":{"rendered":"<p>El anillo Verdant Whisper de MYTHKEY celebra la armon\u00eda entre la naturaleza y el arte.En su centro, un cristal verde intenso de talla coj\u00edn irradia la vitalidad de la primavera, abrazado por hojas engastadas con diamantes que brillan como el roc\u00edo de la ma\u00f1ana.Elaborado en plata de ley, el dise\u00f1o de hoja abierta fluye con gracia a lo largo del dedo - una oda atemporal al crecimiento, la renovaci\u00f3n y la elegancia tranquila.<\/p>","protected":false},"excerpt":{"rendered":"<p>Nombre: Susurro Verdeante<br \/>\nMaterial: Plata 925<br \/>\nPiedra principal: Cristal sint\u00e9tico<br \/>\nTama\u00f1o de la piedra: 6*8 mm<br \/>\nPeso total: 4,8 g<br \/>\nA\u00f1o\/temporada de lanzamiento: Oto\u00f1o 2024<br \/>\nC\u00f3digo del producto: 24AR01<\/p>","protected":false},"featured_media":1392,"comment_status":"open","ping_status":"closed","template":"","meta":{"_acf_changed":false},"product_brand":[],"product_cat":[30],"product_tag":[],"class_list":{"0":"post-1391","1":"product","2":"type-product","3":"status-publish","4":"has-post-thumbnail","6":"product_cat-rings","8":"first","9":"instock","10":"shipping-taxable","11":"purchasable","12":"product-type-simple","13":"wpzoom-wc-spi-has-enabled"},"acf":[],"_links":{"self":[{"href":"https:\/\/mythkeyjewelry.com\/es_es\/wp-json\/wp\/v2\/product\/1391","targetHints":{"allow":["GET"]}}],"collection":[{"href":"https:\/\/mythkeyjewelry.com\/es_es\/wp-json\/wp\/v2\/product"}],"about":[{"href":"https:\/\/mythkeyjewelry.com\/es_es\/wp-json\/wp\/v2\/types\/product"}],"replies":[{"embeddable":true,"href":"https:\/\/mythkeyjewelry.com\/es_es\/wp-json\/wp\/v2\/comments?post=1391"}],"version-history":[{"count":1,"href":"https:\/\/mythkeyjewelry.com\/es_es\/wp-json\/wp\/v2\/product\/1391\/revisions"}],"predecessor-version":[{"id":1395,"href":"https:\/\/mythkeyjewelry.com\/es_es\/wp-json\/wp\/v2\/product\/1391\/revisions\/1395"}],"wp:featuredmedia":[{"embeddable":true,"href":"https:\/\/mythkeyjewelry.com\/es_es\/wp-json\/wp\/v2\/media\/1392"}],"wp:attachment":[{"href":"https:\/\/mythkeyjewelry.com\/es_es\/wp-json\/wp\/v2\/media?parent=1391"}],"wp:term":[{"taxonomy":"product_brand","embeddable":true,"href":"https:\/\/mythkeyjewelry.com\/es_es\/wp-json\/wp\/v2\/product_brand?post=1391"},{"taxonomy":"product_cat","embeddable":true,"href":"https:\/\/mythkeyjewelry.com\/es_es\/wp-json\/wp\/v2\/product_cat?post=1391"},{"taxonomy":"product_tag","embeddable":true,"href":"https:\/\/mythkeyjewelry.com\/es_es\/wp-json\/wp\/v2\/product_tag?post=1391"}],"curies":[{"name":"wp","href":"https:\/\/api.w.org\/{rel}","templated":true}]}}